{"id":6628,"date":"2023-01-31T11:20:15","date_gmt":"2023-01-31T11:20:15","guid":{"rendered":"https:\/\/tavapy.gov.py\/biblioteca\/?post_type=product&#038;p=6628"},"modified":"2023-01-31T11:23:06","modified_gmt":"2023-01-31T11:23:06","slug":"6628","status":"publish","type":"product","link":"https:\/\/tavapy.gov.py\/biblioteca\/product\/6628\/","title":{"rendered":"AMOR SIN L\u00cdMITES: UNA HISTORIA EXTRAORDINARIA SOBRE EL PODER DEL AMOR."},"content":{"rendered":"","protected":false},"excerpt":{"rendered":"<p>En Amor sin l\u00edmites, Nick y Kanae cuentan su azaroso encuentro, c\u00f3mo se enamoraron y c\u00f3mo despu\u00e9s lograron superar el escepticismo de otras personas frente a su relaci\u00f3n. Lleno de consejos pr\u00e1cticos que beneficiar\u00e1n a cualquier pareja.<\/p>\n<p>No es necesario ser perfecto para encontrar el amor. Aunque naci\u00f3 sin brazos ni piernas, Nick Vujicic forj\u00f3 una \u00abvida incre\u00edblemente bella\u00bb. Sin embargo, despu\u00e9s de varias decepciones sentimentales y una relaci\u00f3n amorosa fallida, se vio cercano a los 30 a\u00f1os con el temor de no encontrar jam\u00e1s a una mujer que lo amara y con quien pudiera compartir su vida.<\/p>\n<p>Cuando conoci\u00f3 a Kanae todo cambi\u00f3. La qu\u00edmica entre ambos fue innegable, pero, aun as\u00ed, tuvieron que sortear dificultades dignas de una comedia rom\u00e1ntica antes de unirse en matrimonio.<\/p>\n<p>En Amor sin l\u00edmites, Nick y Kanae cuentan su azaroso encuentro, c\u00f3mo se enamoraron y c\u00f3mo despu\u00e9s lograron superar el escepticismo de otras personas frente a su relaci\u00f3n. Lleno de consejos pr\u00e1cticos que beneficiar\u00e1n a cualquier pareja, este libro describe el maravilloso noviazgo de Nick y Kanae, sus primeros a\u00f1os de matrimonio y su labor como padres.<\/p>\n<p>Pero, sobre todo, Amor sin l\u00edmites es la prueba inspiradora de que cuando Cristo est\u00e1 en el centro de una relaci\u00f3n -incluso una con serios desaf\u00edos-, al final triunfa el verdadero amor.<\/p>\n<p>La obra Amor sin l\u00edmites: una historia extraordinaria sobre el poder del amor fue publicada en el 2.015.<\/p>\n<p><a href=\"https:\/\/tavapy.gov.py\/biblioteca\/wp-content\/uploads\/2023\/01\/VujicicN-Amor-sin-limites.pdf\" target=\"_blank\" rel=\"attachment noopener wp-att-6617\"><img loading=\"lazy\" decoding=\"async\" class=\"size-full wp-image-6617 alignleft\" src=\"https:\/\/tavapy.gov.py\/biblioteca\/wp-content\/uploads\/2023\/01\/icono-PDF-copia-2-4.png\" alt=\"\" width=\"121\" height=\"140\" \/><\/a><\/p>\n","protected":false},"featured_media":6618,"comment_status":"open","ping_status":"closed","template":"","meta":{"spay_email":""},"product_cat":[852],"product_tag":[],"class_list":{"0":"post-6628","1":"product","2":"type-product","3":"status-publish","4":"has-post-thumbnail","6":"book_author-nick-vujicic","7":"product_cat-autoayuda-espiritualidad-relacion-de-pareja","8":"entry"},"_links":{"self":[{"href":"https:\/\/tavapy.gov.py\/biblioteca\/wp-json\/wp\/v2\/product\/6628","targetHints":{"allow":["GET"]}}],"collection":[{"href":"https:\/\/tavapy.gov.py\/biblioteca\/wp-json\/wp\/v2\/product"}],"about":[{"href":"https:\/\/tavapy.gov.py\/biblioteca\/wp-json\/wp\/v2\/types\/product"}],"replies":[{"embeddable":true,"href":"https:\/\/tavapy.gov.py\/biblioteca\/wp-json\/wp\/v2\/comments?post=6628"}],"wp:featuredmedia":[{"embeddable":true,"href":"https:\/\/tavapy.gov.py\/biblioteca\/wp-json\/wp\/v2\/media\/6618"}],"wp:attachment":[{"href":"https:\/\/tavapy.gov.py\/biblioteca\/wp-json\/wp\/v2\/media?parent=6628"}],"wp:term":[{"taxonomy":"product_cat","embeddable":true,"href":"https:\/\/tavapy.gov.py\/biblioteca\/wp-json\/wp\/v2\/product_cat?post=6628"},{"taxonomy":"product_tag","embeddable":true,"href":"https:\/\/tavapy.gov.py\/biblioteca\/wp-json\/wp\/v2\/product_tag?post=6628"}],"curies":[{"name":"wp","href":"https:\/\/api.w.org\/{rel}","templated":true}]}}