{"id":6630,"date":"2023-01-31T11:34:52","date_gmt":"2023-01-31T11:34:52","guid":{"rendered":"https:\/\/tavapy.gov.py\/biblioteca\/?post_type=product&#038;p=6630"},"modified":"2023-01-31T11:34:52","modified_gmt":"2023-01-31T11:34:52","slug":"un-corazon-sin-fronteras-la-fe-que-necesitas-para-una-vida-ridiculamente-positiva","status":"publish","type":"product","link":"https:\/\/tavapy.gov.py\/biblioteca\/product\/un-corazon-sin-fronteras-la-fe-que-necesitas-para-una-vida-ridiculamente-positiva\/","title":{"rendered":"UN CORAZ\u00d3N SIN FRONTERAS: LA FE QUE NECESITAS PARA UNA VIDA RID\u00cdCULAMENTE POSITIVA."},"content":{"rendered":"","protected":false},"excerpt":{"rendered":"<p>Del autor bestseller Nick Vujicic, escritor de Un alma valiente y Amor sin l\u00edmites.<\/p>\n<p>La prueba de que la fe obra milagros y que Dios tiene un plan perfecto para ti.<\/p>\n<p>Nick Vujicic cree en los milagros, la fe y el amor. En este nuevo libro de reflexiones y experiencias, el autor bestseller demuestra por qu\u00e9 su coraz\u00f3n sin fronteras y su alma inquebrantable lo han convertido en una de las personalidades m\u00e1s queridas alrededor del mundo.<\/p>\n<p>Nick Vujicic sabe que no hay m\u00e1s esperanza que confiar en el plan del poder superior para triunfar en la vida. Nick naci\u00f3 sin brazos ni piernas; sin embargo, aunque ha experimentado la profundidad de la desesperaci\u00f3n, ha superado sus circunstancias y limitaciones f\u00edsicas, aferr\u00e1ndose a su fe y comprendiendo el amor sin l\u00edmites y los dones que Dios tiene para cada persona. Ahora \u00e9l quiere que experimentes ese mismo consuelo de esperanza y gloria que nos ofrece la entidad luminosa m\u00e1s grande: Dios, tu poder superior o la gracia m\u00e1s potente en la que t\u00fa conf\u00edas.<\/p>\n<p>En estas p\u00e1ginas de profunda inspiraci\u00f3n, Nick comparte su m\u00e1s convincente sabidur\u00eda -duramente ganada- para ayudar a enfrentar los obst\u00e1culos con confianza y coraje, siempre con el alma hacia Dios. Si tu fe se tambalea, si est\u00e1s en una lucha constante con las relaciones, los retos profesionales, la ira, los problemas de salud, la autoestima, la b\u00fasqueda de un equilibrio en tu vida o dudas de tus propios sue\u00f1os, el aliento b\u00edblico de Nick y su actitud positiva te ayudar\u00e1n a transformar tu vida y te demostrar\u00e1n que no tienes l\u00edmites, porque el poder de Dios es ilimitado.<\/p>\n<p>La obra Un coraz\u00f3n sin fronteras fue publicada en el 2.013.<\/p>\n<p><a href=\"https:\/\/tavapy.gov.py\/biblioteca\/wp-content\/uploads\/2023\/01\/Vujicic-Un-corazon-sin-fronteras.pdf\" target=\"_blank\" rel=\"attachment noopener wp-att-6617\"><img loading=\"lazy\" decoding=\"async\" class=\"size-full wp-image-6617 alignleft\" src=\"https:\/\/tavapy.gov.py\/biblioteca\/wp-content\/uploads\/2023\/01\/icono-PDF-copia-2-4.png\" alt=\"\" width=\"121\" height=\"140\" \/><\/a><\/p>\n","protected":false},"featured_media":6631,"comment_status":"open","ping_status":"closed","template":"","meta":{"spay_email":""},"product_cat":[803],"product_tag":[],"class_list":{"0":"post-6630","1":"product","2":"type-product","3":"status-publish","4":"has-post-thumbnail","6":"book_author-nick-vujicic","7":"product_cat-autoayuda-espiritualidad-cristianismo","8":"entry"},"_links":{"self":[{"href":"https:\/\/tavapy.gov.py\/biblioteca\/wp-json\/wp\/v2\/product\/6630","targetHints":{"allow":["GET"]}}],"collection":[{"href":"https:\/\/tavapy.gov.py\/biblioteca\/wp-json\/wp\/v2\/product"}],"about":[{"href":"https:\/\/tavapy.gov.py\/biblioteca\/wp-json\/wp\/v2\/types\/product"}],"replies":[{"embeddable":true,"href":"https:\/\/tavapy.gov.py\/biblioteca\/wp-json\/wp\/v2\/comments?post=6630"}],"wp:featuredmedia":[{"embeddable":true,"href":"https:\/\/tavapy.gov.py\/biblioteca\/wp-json\/wp\/v2\/media\/6631"}],"wp:attachment":[{"href":"https:\/\/tavapy.gov.py\/biblioteca\/wp-json\/wp\/v2\/media?parent=6630"}],"wp:term":[{"taxonomy":"product_cat","embeddable":true,"href":"https:\/\/tavapy.gov.py\/biblioteca\/wp-json\/wp\/v2\/product_cat?post=6630"},{"taxonomy":"product_tag","embeddable":true,"href":"https:\/\/tavapy.gov.py\/biblioteca\/wp-json\/wp\/v2\/product_tag?post=6630"}],"curies":[{"name":"wp","href":"https:\/\/api.w.org\/{rel}","templated":true}]}}