{"id":6635,"date":"2023-01-31T11:42:53","date_gmt":"2023-01-31T11:42:53","guid":{"rendered":"https:\/\/tavapy.gov.py\/biblioteca\/?post_type=product&#038;p=6635"},"modified":"2023-01-31T11:42:53","modified_gmt":"2023-01-31T11:42:53","slug":"un-espiritu-invencible-el-increible-poder-de-la-fe-en-accion","status":"publish","type":"product","link":"https:\/\/tavapy.gov.py\/biblioteca\/product\/un-espiritu-invencible-el-increible-poder-de-la-fe-en-accion\/","title":{"rendered":"UN ESP\u00cdRITU INVENCIBLE. EL INCRE\u00cdBLE PODER DE LA FE EN ACCI\u00d3N."},"content":{"rendered":"","protected":false},"excerpt":{"rendered":"<p>Nick Vujicic explica, usando experiencias propias y ajenas, c\u00f3mo cualquier persona que desee \u00abuna vida rid\u00edculamente feliz\u00bb puede hacerle frente a esos problemas para convertirse en un esp\u00edritu invencible.<\/p>\n<p>Nick Vujicic, el querido y aclamado autor del bestseller internacional Una vida sin l\u00edmites regresa con un libro de inspiraci\u00f3n imparable.<\/p>\n<p>Millones de personas en todo el mundo reconocen el rostro sonriente y el mensaje inspirador de Nick Vujicic. A pesar de haber nacido sin brazos ni piernas, los retos que enfrent\u00f3 no le impidieron disfrutar de grandes aventuras, de una carrera plena y gratificante, y de relaciones amorosas satisfactorias.<\/p>\n<p>Un esp\u00edritu invencible fue inspirado por gente de todas las edades y de todo el mundo que le han preguntado a Nick c\u00f3mo ha superado ciertos retos espec\u00edficos y c\u00f3mo les recomienda que los afronten. En este libro, Nick nos cuenta la forma en que ha enfrentado adversidades y circunstancias tales como:<\/p>\n<p>&#8211; Pensamientos y adicciones autodestructivas.<\/p>\n<p>&#8211; Problemas en las relaciones amorosas.<\/p>\n<p>&#8211; Desaf\u00edos profesionales y laborales.<\/p>\n<p>&#8211; Bullying, hostigamiento e intolerancia.<\/p>\n<p>&#8211; Enfermedades y discapacidad.<\/p>\n<p>&#8211; Desequilibrio de cuerpo, mente y esp\u00edritu.<\/p>\n<p>\u00abSer un esp\u00edritu invencible es creer y lograr. Es tener fe en uno mismo, en nuestro talento y en nuestro prop\u00f3sito; y, sobre todo, en el gran amor de Dios y Su plan divino para nuestra vida.\u00bb<\/p>\n<p>La obra Un esp\u00edritu invencible fue publicada en el 2.012.<\/p>\n<p><a href=\"https:\/\/tavapy.gov.py\/biblioteca\/wp-content\/uploads\/2023\/01\/Vujicic-Un-Espiritu-Invencible.pdf\" target=\"_blank\" rel=\"attachment noopener wp-att-6617\"><img loading=\"lazy\" decoding=\"async\" class=\"size-full wp-image-6617 alignleft\" src=\"https:\/\/tavapy.gov.py\/biblioteca\/wp-content\/uploads\/2023\/01\/icono-PDF-copia-2-4.png\" alt=\"\" width=\"121\" height=\"140\" \/><\/a><\/p>\n","protected":false},"featured_media":6633,"comment_status":"open","ping_status":"closed","template":"","meta":{"spay_email":""},"product_cat":[803],"product_tag":[],"class_list":{"0":"post-6635","1":"product","2":"type-product","3":"status-publish","4":"has-post-thumbnail","6":"book_author-nick-vujicic","7":"product_cat-autoayuda-espiritualidad-cristianismo","8":"entry"},"_links":{"self":[{"href":"https:\/\/tavapy.gov.py\/biblioteca\/wp-json\/wp\/v2\/product\/6635","targetHints":{"allow":["GET"]}}],"collection":[{"href":"https:\/\/tavapy.gov.py\/biblioteca\/wp-json\/wp\/v2\/product"}],"about":[{"href":"https:\/\/tavapy.gov.py\/biblioteca\/wp-json\/wp\/v2\/types\/product"}],"replies":[{"embeddable":true,"href":"https:\/\/tavapy.gov.py\/biblioteca\/wp-json\/wp\/v2\/comments?post=6635"}],"wp:featuredmedia":[{"embeddable":true,"href":"https:\/\/tavapy.gov.py\/biblioteca\/wp-json\/wp\/v2\/media\/6633"}],"wp:attachment":[{"href":"https:\/\/tavapy.gov.py\/biblioteca\/wp-json\/wp\/v2\/media?parent=6635"}],"wp:term":[{"taxonomy":"product_cat","embeddable":true,"href":"https:\/\/tavapy.gov.py\/biblioteca\/wp-json\/wp\/v2\/product_cat?post=6635"},{"taxonomy":"product_tag","embeddable":true,"href":"https:\/\/tavapy.gov.py\/biblioteca\/wp-json\/wp\/v2\/product_tag?post=6635"}],"curies":[{"name":"wp","href":"https:\/\/api.w.org\/{rel}","templated":true}]}}