{"id":6636,"date":"2023-01-31T11:49:39","date_gmt":"2023-01-31T11:49:39","guid":{"rendered":"https:\/\/tavapy.gov.py\/biblioteca\/?post_type=product&#038;p=6636"},"modified":"2023-01-31T11:50:13","modified_gmt":"2023-01-31T11:50:13","slug":"una-vida-sin-limites-inspiracion-para-vivir-completamente-feliz","status":"publish","type":"product","link":"https:\/\/tavapy.gov.py\/biblioteca\/product\/una-vida-sin-limites-inspiracion-para-vivir-completamente-feliz\/","title":{"rendered":"UNA VIDA SIN L\u00cdMITES. INSPIRACI\u00d3N PARA VIVIR COMPLETAMENTE FELIZ."},"content":{"rendered":"","protected":false},"excerpt":{"rendered":"<p>\u00abNick Vujicic naci\u00f3 sin brazos ni piernas pero logr\u00f3 vencer su discapacidad con una vida independiente, rica, y llena de satisfacciones, convirti\u00e9ndose en un modelo de vida para quien busca felicidad verdadera.<\/p>\n<p>Ahora, Nick es un conferencista motivacional a nivel internacional que se dedica a difundir su mensaje: la meta m\u00e1s importante de cualquier ser humano es encontrar el significado de su vida, sin importar los obst\u00e1culos o dificultades que se interpongan en su camino.\u00bb<\/p>\n<p>La obra Una vida sin l\u00edmites fue publicada en el 2.007.<\/p>\n<p><a href=\"https:\/\/tavapy.gov.py\/biblioteca\/wp-content\/uploads\/2023\/01\/Vujicic-Una-vida-sin-limites.pdf\" target=\"_blank\" rel=\"attachment noopener wp-att-6617\"><img loading=\"lazy\" decoding=\"async\" class=\"size-full wp-image-6617 alignleft\" src=\"https:\/\/tavapy.gov.py\/biblioteca\/wp-content\/uploads\/2023\/01\/icono-PDF-copia-2-4.png\" alt=\"\" width=\"121\" height=\"140\" \/><\/a><\/p>\n","protected":false},"featured_media":6637,"comment_status":"open","ping_status":"closed","template":"","meta":{"spay_email":""},"product_cat":[853],"product_tag":[],"class_list":{"0":"post-6636","1":"product","2":"type-product","3":"status-publish","4":"has-post-thumbnail","6":"book_author-nick-vujicic","7":"product_cat-autoayuda-espiritualidad-narrativa-personal","8":"entry"},"_links":{"self":[{"href":"https:\/\/tavapy.gov.py\/biblioteca\/wp-json\/wp\/v2\/product\/6636","targetHints":{"allow":["GET"]}}],"collection":[{"href":"https:\/\/tavapy.gov.py\/biblioteca\/wp-json\/wp\/v2\/product"}],"about":[{"href":"https:\/\/tavapy.gov.py\/biblioteca\/wp-json\/wp\/v2\/types\/product"}],"replies":[{"embeddable":true,"href":"https:\/\/tavapy.gov.py\/biblioteca\/wp-json\/wp\/v2\/comments?post=6636"}],"wp:featuredmedia":[{"embeddable":true,"href":"https:\/\/tavapy.gov.py\/biblioteca\/wp-json\/wp\/v2\/media\/6637"}],"wp:attachment":[{"href":"https:\/\/tavapy.gov.py\/biblioteca\/wp-json\/wp\/v2\/media?parent=6636"}],"wp:term":[{"taxonomy":"product_cat","embeddable":true,"href":"https:\/\/tavapy.gov.py\/biblioteca\/wp-json\/wp\/v2\/product_cat?post=6636"},{"taxonomy":"product_tag","embeddable":true,"href":"https:\/\/tavapy.gov.py\/biblioteca\/wp-json\/wp\/v2\/product_tag?post=6636"}],"curies":[{"name":"wp","href":"https:\/\/api.w.org\/{rel}","templated":true}]}}