{"id":6642,"date":"2023-01-31T12:08:08","date_gmt":"2023-01-31T12:08:08","guid":{"rendered":"https:\/\/tavapy.gov.py\/biblioteca\/?post_type=product&#038;p=6642"},"modified":"2023-01-31T12:08:08","modified_gmt":"2023-01-31T12:08:08","slug":"el-mundo-visto-a-los-80-anos","status":"publish","type":"product","link":"https:\/\/tavapy.gov.py\/biblioteca\/product\/el-mundo-visto-a-los-80-anos\/","title":{"rendered":"EL MUNDO VISTO A LOS 80 A\u00d1OS."},"content":{"rendered":"","protected":false},"excerpt":{"rendered":"<p>Esta obra de sentencias escritas por el m\u00e9dico ilustre Santiago Ram\u00f3n y Cajal consta de las siguientes partes: las tribulaciones del anciano, los cambios del ambiente f\u00edsico y moral, las teor\u00edas de la senectud y de la muerte y los paliativos y consuelos de la vejez.<\/p>\n<p>La obra El mundo visto a los 80 a\u00f1os fue publicada en 1.934.<\/p>\n<p><a href=\"https:\/\/tavapy.gov.py\/biblioteca\/wp-content\/uploads\/2023\/01\/Y-CajalS-El-mundo-visto-a-los-80-anos.pdf\" target=\"_blank\" rel=\"attachment noopener wp-att-6617\"><img loading=\"lazy\" decoding=\"async\" class=\"size-full wp-image-6617 alignleft\" src=\"https:\/\/tavapy.gov.py\/biblioteca\/wp-content\/uploads\/2023\/01\/icono-PDF-copia-2-4.png\" alt=\"\" width=\"121\" height=\"140\" \/><\/a><\/p>\n","protected":false},"featured_media":6640,"comment_status":"open","ping_status":"closed","template":"","meta":{"spay_email":""},"product_cat":[855],"product_tag":[],"class_list":{"0":"post-6642","1":"product","2":"type-product","3":"status-publish","4":"has-post-thumbnail","6":"book_author-santiago-ramon-y-cajal","7":"product_cat-divulgacion-cientifica-ciencias-narrativa-personal","8":"entry"},"_links":{"self":[{"href":"https:\/\/tavapy.gov.py\/biblioteca\/wp-json\/wp\/v2\/product\/6642","targetHints":{"allow":["GET"]}}],"collection":[{"href":"https:\/\/tavapy.gov.py\/biblioteca\/wp-json\/wp\/v2\/product"}],"about":[{"href":"https:\/\/tavapy.gov.py\/biblioteca\/wp-json\/wp\/v2\/types\/product"}],"replies":[{"embeddable":true,"href":"https:\/\/tavapy.gov.py\/biblioteca\/wp-json\/wp\/v2\/comments?post=6642"}],"wp:featuredmedia":[{"embeddable":true,"href":"https:\/\/tavapy.gov.py\/biblioteca\/wp-json\/wp\/v2\/media\/6640"}],"wp:attachment":[{"href":"https:\/\/tavapy.gov.py\/biblioteca\/wp-json\/wp\/v2\/media?parent=6642"}],"wp:term":[{"taxonomy":"product_cat","embeddable":true,"href":"https:\/\/tavapy.gov.py\/biblioteca\/wp-json\/wp\/v2\/product_cat?post=6642"},{"taxonomy":"product_tag","embeddable":true,"href":"https:\/\/tavapy.gov.py\/biblioteca\/wp-json\/wp\/v2\/product_tag?post=6642"}],"curies":[{"name":"wp","href":"https:\/\/api.w.org\/{rel}","templated":true}]}}