{"id":6644,"date":"2023-02-07T00:26:37","date_gmt":"2023-02-07T00:26:37","guid":{"rendered":"https:\/\/tavapy.gov.py\/biblioteca\/?post_type=product&#038;p=6644"},"modified":"2023-02-07T00:26:37","modified_gmt":"2023-02-07T00:26:37","slug":"uso-eficaz-del-tiempo-trabajar-mas-horas-o-mas-deprisa-no-es-la-solucion","status":"publish","type":"product","link":"https:\/\/tavapy.gov.py\/biblioteca\/product\/uso-eficaz-del-tiempo-trabajar-mas-horas-o-mas-deprisa-no-es-la-solucion\/","title":{"rendered":"USO EFICAZ DEL TIEMPO: TRABAJAR M\u00c1S HORAS O M\u00c1S DEPRISA NO ES LA SOLUCI\u00d3N."},"content":{"rendered":"","protected":false},"excerpt":{"rendered":"<p>En esta obra publicada en 1.990, el lector encontrar\u00e1 las claves necesarias para que sea usted mismo quien introduzca los cambios pertinentes para una mejor gesti\u00f3n de su tiempo y para librarse de aquellas situaciones que tantos minutos le roban cada d\u00eda.<\/p>\n<p>Cada peque\u00f1o objetivo conseguido ser\u00e1 un gran est\u00edmulo para seguir mejorando sus h\u00e1bitos.<\/p>\n<p><a href=\"https:\/\/tavapy.gov.py\/biblioteca\/wp-content\/uploads\/2023\/02\/AcostaJ-Uso-eficaz-del-tiempo.pdf\" target=\"_blank\" rel=\"noopener\"><img loading=\"lazy\" decoding=\"async\" class=\"size-full wp-image-6685 alignleft\" src=\"https:\/\/tavapy.gov.py\/biblioteca\/wp-content\/uploads\/2023\/02\/icono-PDF-copia-2.png\" alt=\"\" width=\"121\" height=\"140\" \/><\/a><\/p>\n","protected":false},"featured_media":6645,"comment_status":"open","ping_status":"closed","template":"","meta":{"spay_email":""},"product_cat":[506],"product_tag":[],"class_list":{"0":"post-6644","1":"product","2":"type-product","3":"status-publish","4":"has-post-thumbnail","6":"book_author-jose-maria-acosta","7":"product_cat-administracion-gestion-empresarial","8":"entry"},"_links":{"self":[{"href":"https:\/\/tavapy.gov.py\/biblioteca\/wp-json\/wp\/v2\/product\/6644","targetHints":{"allow":["GET"]}}],"collection":[{"href":"https:\/\/tavapy.gov.py\/biblioteca\/wp-json\/wp\/v2\/product"}],"about":[{"href":"https:\/\/tavapy.gov.py\/biblioteca\/wp-json\/wp\/v2\/types\/product"}],"replies":[{"embeddable":true,"href":"https:\/\/tavapy.gov.py\/biblioteca\/wp-json\/wp\/v2\/comments?post=6644"}],"wp:featuredmedia":[{"embeddable":true,"href":"https:\/\/tavapy.gov.py\/biblioteca\/wp-json\/wp\/v2\/media\/6645"}],"wp:attachment":[{"href":"https:\/\/tavapy.gov.py\/biblioteca\/wp-json\/wp\/v2\/media?parent=6644"}],"wp:term":[{"taxonomy":"product_cat","embeddable":true,"href":"https:\/\/tavapy.gov.py\/biblioteca\/wp-json\/wp\/v2\/product_cat?post=6644"},{"taxonomy":"product_tag","embeddable":true,"href":"https:\/\/tavapy.gov.py\/biblioteca\/wp-json\/wp\/v2\/product_tag?post=6644"}],"curies":[{"name":"wp","href":"https:\/\/api.w.org\/{rel}","templated":true}]}}