{"id":6686,"date":"2023-02-07T00:33:15","date_gmt":"2023-02-07T00:33:15","guid":{"rendered":"https:\/\/tavapy.gov.py\/biblioteca\/?post_type=product&#038;p=6686"},"modified":"2025-10-30T22:06:57","modified_gmt":"2025-10-30T22:06:57","slug":"el-pequeno-libro-de-la-superacion-personal-vol-1","status":"publish","type":"product","link":"https:\/\/tavapy.gov.py\/biblioteca\/product\/el-pequeno-libro-de-la-superacion-personal-vol-1\/","title":{"rendered":"EL PEQUE\u00d1O LIBRO DE LA SUPERACI\u00d3N PERSONAL \u2013 VOL. 1"},"content":{"rendered":"","protected":false},"excerpt":{"rendered":"<p>Esta obra publicada en el 2.017 es una recopilaci\u00f3n de frases, citas y m\u00e1ximas escritas tanto por personas an\u00f3nimas como grandes pensadores en las que el atleta de pruebas extremas, empresario y coach personal Josef Ajram ha encontrado fuerza y motivaci\u00f3n para conseguir sus retos y objetivos.<\/p>\n<p>En cada p\u00e1gina habr\u00e1 una frase, una ilustraci\u00f3n y una explicaci\u00f3n de Josef Ajram.<\/p>\n<p><a href=\"https:\/\/tavapy.gov.py\/biblioteca\/wp-content\/uploads\/2023\/02\/AjramJ-El-Pequeno-Libro-de-la-Superacion-Personal-1.pdf\" target=\"_blank\" rel=\"attachment noopener wp-att-6685\"><img loading=\"lazy\" decoding=\"async\" class=\"size-full wp-image-6685 alignleft\" src=\"https:\/\/tavapy.gov.py\/biblioteca\/wp-content\/uploads\/2023\/02\/icono-PDF-copia-2.png\" alt=\"\" width=\"121\" height=\"140\" \/><\/a><\/p>\n","protected":false},"featured_media":6648,"comment_status":"open","ping_status":"closed","template":"","meta":{"spay_email":""},"product_cat":[522],"product_tag":[],"class_list":{"0":"post-6686","1":"product","2":"type-product","3":"status-publish","4":"has-post-thumbnail","6":"book_author-josef-ajram","7":"product_cat-autoayuda-espiritualidad","8":"entry"},"_links":{"self":[{"href":"https:\/\/tavapy.gov.py\/biblioteca\/wp-json\/wp\/v2\/product\/6686","targetHints":{"allow":["GET"]}}],"collection":[{"href":"https:\/\/tavapy.gov.py\/biblioteca\/wp-json\/wp\/v2\/product"}],"about":[{"href":"https:\/\/tavapy.gov.py\/biblioteca\/wp-json\/wp\/v2\/types\/product"}],"replies":[{"embeddable":true,"href":"https:\/\/tavapy.gov.py\/biblioteca\/wp-json\/wp\/v2\/comments?post=6686"}],"wp:featuredmedia":[{"embeddable":true,"href":"https:\/\/tavapy.gov.py\/biblioteca\/wp-json\/wp\/v2\/media\/6648"}],"wp:attachment":[{"href":"https:\/\/tavapy.gov.py\/biblioteca\/wp-json\/wp\/v2\/media?parent=6686"}],"wp:term":[{"taxonomy":"product_cat","embeddable":true,"href":"https:\/\/tavapy.gov.py\/biblioteca\/wp-json\/wp\/v2\/product_cat?post=6686"},{"taxonomy":"product_tag","embeddable":true,"href":"https:\/\/tavapy.gov.py\/biblioteca\/wp-json\/wp\/v2\/product_tag?post=6686"}],"curies":[{"name":"wp","href":"https:\/\/api.w.org\/{rel}","templated":true}]}}