{"id":6687,"date":"2023-02-07T03:08:02","date_gmt":"2023-02-07T03:08:02","guid":{"rendered":"https:\/\/tavapy.gov.py\/biblioteca\/?post_type=product&#038;p=6687"},"modified":"2023-02-07T03:08:03","modified_gmt":"2023-02-07T03:08:03","slug":"el-pequeno-libro-de-la-superacion-personal-vol-2","status":"publish","type":"product","link":"https:\/\/tavapy.gov.py\/biblioteca\/product\/el-pequeno-libro-de-la-superacion-personal-vol-2\/","title":{"rendered":"EL PEQUE\u00d1O LIBRO DE LA SUPERACI\u00d3N PERSONAL \u2013 VOL. 2."},"content":{"rendered":"","protected":false},"excerpt":{"rendered":"<p>La nueva y esperada entrega del bestseller El peque\u00f1o libro de la superaci\u00f3n personal, obra publicada en el 2.018, es una recopilaci\u00f3n de frases, citas y m\u00e1ximas de otras personas y de su propia cosecha, en las que el atleta de pruebas extremas, trader y empresario Josef Ajram ha encontrado fuerza y motivaci\u00f3n para conseguir sus retos y objetivos.<\/p>\n<p><a href=\"https:\/\/tavapy.gov.py\/biblioteca\/wp-content\/uploads\/2023\/02\/AjramJ-El-Pequeno-Libro-de-la-Superacion-Personal-2.pdf\" target=\"_blank\" rel=\"attachment noopener wp-att-6685\"><img loading=\"lazy\" decoding=\"async\" class=\"size-full wp-image-6685 alignleft\" src=\"https:\/\/tavapy.gov.py\/biblioteca\/wp-content\/uploads\/2023\/02\/icono-PDF-copia-2.png\" alt=\"\" width=\"121\" height=\"140\" \/><\/a><\/p>\n","protected":false},"featured_media":6651,"comment_status":"open","ping_status":"closed","template":"","meta":{"spay_email":""},"product_cat":[522],"product_tag":[],"class_list":{"0":"post-6687","1":"product","2":"type-product","3":"status-publish","4":"has-post-thumbnail","6":"book_author-josef-ajram","7":"product_cat-autoayuda-espiritualidad","8":"entry"},"_links":{"self":[{"href":"https:\/\/tavapy.gov.py\/biblioteca\/wp-json\/wp\/v2\/product\/6687","targetHints":{"allow":["GET"]}}],"collection":[{"href":"https:\/\/tavapy.gov.py\/biblioteca\/wp-json\/wp\/v2\/product"}],"about":[{"href":"https:\/\/tavapy.gov.py\/biblioteca\/wp-json\/wp\/v2\/types\/product"}],"replies":[{"embeddable":true,"href":"https:\/\/tavapy.gov.py\/biblioteca\/wp-json\/wp\/v2\/comments?post=6687"}],"wp:featuredmedia":[{"embeddable":true,"href":"https:\/\/tavapy.gov.py\/biblioteca\/wp-json\/wp\/v2\/media\/6651"}],"wp:attachment":[{"href":"https:\/\/tavapy.gov.py\/biblioteca\/wp-json\/wp\/v2\/media?parent=6687"}],"wp:term":[{"taxonomy":"product_cat","embeddable":true,"href":"https:\/\/tavapy.gov.py\/biblioteca\/wp-json\/wp\/v2\/product_cat?post=6687"},{"taxonomy":"product_tag","embeddable":true,"href":"https:\/\/tavapy.gov.py\/biblioteca\/wp-json\/wp\/v2\/product_tag?post=6687"}],"curies":[{"name":"wp","href":"https:\/\/api.w.org\/{rel}","templated":true}]}}