{"id":6688,"date":"2023-02-07T03:16:57","date_gmt":"2023-02-07T03:16:57","guid":{"rendered":"https:\/\/tavapy.gov.py\/biblioteca\/?post_type=product&#038;p=6688"},"modified":"2023-02-07T03:16:57","modified_gmt":"2023-02-07T03:16:57","slug":"dirigir-con-inteligencia-emocional","status":"publish","type":"product","link":"https:\/\/tavapy.gov.py\/biblioteca\/product\/dirigir-con-inteligencia-emocional\/","title":{"rendered":"DIRIGIR CON INTELIGENCIA EMOCIONAL."},"content":{"rendered":"","protected":false},"excerpt":{"rendered":"<p>La inteligencia emocional, tal como la entiende el autor de esta obra, publicada en el 2.020 es la capacidad de entender las emociones y utilizar ese conocimiento para la toma de decisiones. Supone la capacidad de entender las propias emociones, la de regular esas emociones, la de entender las emociones de otras personas, la de establecer relaciones interpersonales positivas, la de confiar en uno mismo y la de estar motivado para conseguir los objetivos propuestos.<\/p>\n<p>A lo largo de once cap\u00edtulos, adem\u00e1s de una introducci\u00f3n, una conclusi\u00f3n y un ap\u00e9ndice, el autor va tratando diversos temas sobre qu\u00e9 es la inteligencia emocional, la importancia que tiene y los aspectos que la favorecen, como la cooperaci\u00f3n y el establecimiento de conexiones afectivas entre los integrantes de la empresa, a la que se contempla como un equipo. Trata tambi\u00e9n sobre aspectos positivos para la toma de decisiones y las buenas relaciones: aprender a escuchar y comunicar, la disciplina, la resoluci\u00f3n de conflictos y la educaci\u00f3n.<\/p>\n<p>La exposici\u00f3n es sistem\u00e1tica y el libro se lee con facilidad. Presenta numerosos ejemplos y consejos pr\u00e1cticos que hacen que la obra resulte entretenida y a la vez se lea con inter\u00e9s. Tambi\u00e9n es rigurosa y se adentra, en el ap\u00e9ndice, en discusiones acad\u00e9micas sobre la definici\u00f3n de la inteligencia emocional y las controversias que se han suscitado sobre el tema.<\/p>\n<p><a href=\"https:\/\/tavapy.gov.py\/biblioteca\/wp-content\/uploads\/2023\/02\/AlegreA-Dirigir-con-inteligencia-emocional.pdf\" target=\"_blank\" rel=\"attachment noopener wp-att-6685\"><img loading=\"lazy\" decoding=\"async\" class=\"alignnone size-full wp-image-6685\" src=\"https:\/\/tavapy.gov.py\/biblioteca\/wp-content\/uploads\/2023\/02\/icono-PDF-copia-2.png\" alt=\"\" width=\"121\" height=\"140\" \/><\/a><\/p>\n","protected":false},"featured_media":6653,"comment_status":"open","ping_status":"closed","template":"","meta":{"spay_email":""},"product_cat":[859],"product_tag":[],"class_list":{"0":"post-6688","1":"product","2":"type-product","3":"status-publish","4":"has-post-thumbnail","6":"book_author-albert-alegre","7":"product_cat-autoayuda-inteligencia-emocional","8":"entry"},"_links":{"self":[{"href":"https:\/\/tavapy.gov.py\/biblioteca\/wp-json\/wp\/v2\/product\/6688","targetHints":{"allow":["GET"]}}],"collection":[{"href":"https:\/\/tavapy.gov.py\/biblioteca\/wp-json\/wp\/v2\/product"}],"about":[{"href":"https:\/\/tavapy.gov.py\/biblioteca\/wp-json\/wp\/v2\/types\/product"}],"replies":[{"embeddable":true,"href":"https:\/\/tavapy.gov.py\/biblioteca\/wp-json\/wp\/v2\/comments?post=6688"}],"wp:featuredmedia":[{"embeddable":true,"href":"https:\/\/tavapy.gov.py\/biblioteca\/wp-json\/wp\/v2\/media\/6653"}],"wp:attachment":[{"href":"https:\/\/tavapy.gov.py\/biblioteca\/wp-json\/wp\/v2\/media?parent=6688"}],"wp:term":[{"taxonomy":"product_cat","embeddable":true,"href":"https:\/\/tavapy.gov.py\/biblioteca\/wp-json\/wp\/v2\/product_cat?post=6688"},{"taxonomy":"product_tag","embeddable":true,"href":"https:\/\/tavapy.gov.py\/biblioteca\/wp-json\/wp\/v2\/product_tag?post=6688"}],"curies":[{"name":"wp","href":"https:\/\/api.w.org\/{rel}","templated":true}]}}