{"id":6692,"date":"2023-02-07T12:30:35","date_gmt":"2023-02-07T12:30:35","guid":{"rendered":"https:\/\/tavapy.gov.py\/biblioteca\/?post_type=product&#038;p=6692"},"modified":"2023-02-07T12:30:35","modified_gmt":"2023-02-07T12:30:35","slug":"adn-cosmico","status":"publish","type":"product","link":"https:\/\/tavapy.gov.py\/biblioteca\/product\/adn-cosmico\/","title":{"rendered":"ADN C\u00d3SMICO."},"content":{"rendered":"","protected":false},"excerpt":{"rendered":"<p>Si eres como el 99% de los seres humanos, seguramente te habr\u00e1s preguntado por qu\u00e9 y para qu\u00e9 est\u00e1s en este planeta. En este libro la c\u00e9lebre astr\u00f3loga Mia Astral plantea que la respuesta a esta cuesti\u00f3n es \u00fanica para cada uno y que es f\u00e1cil encontrarla en nuestra carta natal, es decir, en nuestro ADN c\u00f3smico.<\/p>\n<p>Con divertidas an\u00e9cdotas, ejercicios de coaching y sencillas lecciones de astrolog\u00eda, estas p\u00e1ginas de esta obra publicada en el 2.019, te permitir\u00e1n identificar tu prop\u00f3sito de vida y las herramientas con las que cuentas para llevarlo a cabo en esta existencia. Entender\u00e1s que todo lo que vives hace parte de tu misi\u00f3n y que cada una de tus relaciones es como un faro que te se\u00f1ala el siguiente paso en el plan de tu alma.<\/p>\n<p>\u00abCuando entendemos que nuestras pruebas son regalos c\u00f3smicos, llegamos a un nivel de aceptaci\u00f3n que nos hace m\u00e1s f\u00e1cil apreciar el panorama completo, entender el valor de esos maestros que llegan para mostrarnos d\u00f3nde enfocar nuestra atenci\u00f3n y dejar brillar nuestra luz interior\u00bb.<\/p>\n<p>M\u00e1s que un libro de astrolog\u00eda, es una gu\u00eda para sanar tus relaciones, dejar de autosabotearte y alinearte con tu prop\u00f3sito de vida.<\/p>\n<p><a href=\"https:\/\/tavapy.gov.py\/biblioteca\/wp-content\/uploads\/2023\/02\/AstralM-ADN-cosmico.pdf\" target=\"_blank\" rel=\"attachment noopener wp-att-6685\"><img loading=\"lazy\" decoding=\"async\" class=\"size-full wp-image-6685 alignleft\" src=\"https:\/\/tavapy.gov.py\/biblioteca\/wp-content\/uploads\/2023\/02\/icono-PDF-copia-2.png\" alt=\"\" width=\"121\" height=\"140\" \/><\/a><\/p>\n","protected":false},"featured_media":6661,"comment_status":"open","ping_status":"closed","template":"","meta":{"spay_email":""},"product_cat":[864],"product_tag":[],"class_list":{"0":"post-6692","1":"product","2":"type-product","3":"status-publish","4":"has-post-thumbnail","6":"book_author-mia-astral","7":"product_cat-autoayuda-esoterismo-astrologia","8":"entry"},"_links":{"self":[{"href":"https:\/\/tavapy.gov.py\/biblioteca\/wp-json\/wp\/v2\/product\/6692","targetHints":{"allow":["GET"]}}],"collection":[{"href":"https:\/\/tavapy.gov.py\/biblioteca\/wp-json\/wp\/v2\/product"}],"about":[{"href":"https:\/\/tavapy.gov.py\/biblioteca\/wp-json\/wp\/v2\/types\/product"}],"replies":[{"embeddable":true,"href":"https:\/\/tavapy.gov.py\/biblioteca\/wp-json\/wp\/v2\/comments?post=6692"}],"wp:featuredmedia":[{"embeddable":true,"href":"https:\/\/tavapy.gov.py\/biblioteca\/wp-json\/wp\/v2\/media\/6661"}],"wp:attachment":[{"href":"https:\/\/tavapy.gov.py\/biblioteca\/wp-json\/wp\/v2\/media?parent=6692"}],"wp:term":[{"taxonomy":"product_cat","embeddable":true,"href":"https:\/\/tavapy.gov.py\/biblioteca\/wp-json\/wp\/v2\/product_cat?post=6692"},{"taxonomy":"product_tag","embeddable":true,"href":"https:\/\/tavapy.gov.py\/biblioteca\/wp-json\/wp\/v2\/product_tag?post=6692"}],"curies":[{"name":"wp","href":"https:\/\/api.w.org\/{rel}","templated":true}]}}