{"id":6693,"date":"2023-02-07T12:39:06","date_gmt":"2023-02-07T12:39:06","guid":{"rendered":"https:\/\/tavapy.gov.py\/biblioteca\/?post_type=product&#038;p=6693"},"modified":"2023-02-07T12:39:07","modified_gmt":"2023-02-07T12:39:07","slug":"el-libro-de-las-relaciones","status":"publish","type":"product","link":"https:\/\/tavapy.gov.py\/biblioteca\/product\/el-libro-de-las-relaciones\/","title":{"rendered":"EL LIBRO DE LAS RELACIONES."},"content":{"rendered":"","protected":false},"excerpt":{"rendered":"<p>Una gu\u00eda para amar sin enloquecer en el intento.<\/p>\n<p>M\u00eda Astral, el fen\u00f3meno de las predicciones astrales con m\u00e1s de 2 millones de seguidores, nos ofrece una gu\u00eda de las estrellas para encender tu fuerza interior y crear relaciones que te hagan brillar de verdad.<\/p>\n<p>\u00bfPor qu\u00e9 siempre elegimos parejas que se parecen entre s\u00ed? \u00bfCu\u00e1les son nuestros patrones, nuestros bloqueos emocionales, nuestros verdaderos deseos y qu\u00e9 tienen que ver los astros en todo ello? En este libro, la astr\u00f3loga m\u00e1s celebrada de las redes habla sin tapujos sobre lo bueno y lo no tan bueno de las relaciones humanas.<\/p>\n<p>Con divertidas an\u00e9cdotas, lecciones astrol\u00f3gicas y ejercicios de coaching, este libro se convertir\u00e1 en un manual de consulta para amar mejor y atraer personas que est\u00e9n cada vez m\u00e1s en l\u00ednea con lo que queremos ser.<\/p>\n<p><a href=\"https:\/\/tavapy.gov.py\/biblioteca\/wp-content\/uploads\/2023\/02\/AstralM-El-libro-de-las-relaciones.pdf\" target=\"_blank\" rel=\"attachment noopener wp-att-6685\"><img loading=\"lazy\" decoding=\"async\" class=\"size-full wp-image-6685 alignleft\" src=\"https:\/\/tavapy.gov.py\/biblioteca\/wp-content\/uploads\/2023\/02\/icono-PDF-copia-2.png\" alt=\"\" width=\"121\" height=\"140\" \/><\/a><\/p>\n","protected":false},"featured_media":6664,"comment_status":"open","ping_status":"closed","template":"","meta":{"spay_email":""},"product_cat":[864],"product_tag":[],"class_list":{"0":"post-6693","1":"product","2":"type-product","3":"status-publish","4":"has-post-thumbnail","6":"book_author-mia-astral","7":"product_cat-autoayuda-esoterismo-astrologia","8":"entry"},"_links":{"self":[{"href":"https:\/\/tavapy.gov.py\/biblioteca\/wp-json\/wp\/v2\/product\/6693","targetHints":{"allow":["GET"]}}],"collection":[{"href":"https:\/\/tavapy.gov.py\/biblioteca\/wp-json\/wp\/v2\/product"}],"about":[{"href":"https:\/\/tavapy.gov.py\/biblioteca\/wp-json\/wp\/v2\/types\/product"}],"replies":[{"embeddable":true,"href":"https:\/\/tavapy.gov.py\/biblioteca\/wp-json\/wp\/v2\/comments?post=6693"}],"wp:featuredmedia":[{"embeddable":true,"href":"https:\/\/tavapy.gov.py\/biblioteca\/wp-json\/wp\/v2\/media\/6664"}],"wp:attachment":[{"href":"https:\/\/tavapy.gov.py\/biblioteca\/wp-json\/wp\/v2\/media?parent=6693"}],"wp:term":[{"taxonomy":"product_cat","embeddable":true,"href":"https:\/\/tavapy.gov.py\/biblioteca\/wp-json\/wp\/v2\/product_cat?post=6693"},{"taxonomy":"product_tag","embeddable":true,"href":"https:\/\/tavapy.gov.py\/biblioteca\/wp-json\/wp\/v2\/product_tag?post=6693"}],"curies":[{"name":"wp","href":"https:\/\/api.w.org\/{rel}","templated":true}]}}