{"id":6694,"date":"2023-02-07T12:45:47","date_gmt":"2023-02-07T12:45:47","guid":{"rendered":"https:\/\/tavapy.gov.py\/biblioteca\/?post_type=product&#038;p=6694"},"modified":"2023-02-07T12:45:47","modified_gmt":"2023-02-07T12:45:47","slug":"gestion-del-tiempo-en-busca-de-la-eficacia","status":"publish","type":"product","link":"https:\/\/tavapy.gov.py\/biblioteca\/product\/gestion-del-tiempo-en-busca-de-la-eficacia\/","title":{"rendered":"GESTI\u00d3N DEL TIEMPO. EN BUSCA DE LA EFICACIA."},"content":{"rendered":"","protected":false},"excerpt":{"rendered":"<p>El tiempo es un recurso imprescindible para cualquier actividad. Administrarlo de un modo eficaz permite optimizar el rendimiento y alcanzar mejores resultados con menos esfuerzo. El tiempo se nos va de muchas maneras: charlas interminables, impuntualidad, Internet, interrupciones, desorganizaci\u00f3n, urgencias, perfeccionismo, etc. La inadecuada gesti\u00f3n del tiempo, adem\u00e1s de tener consecuencias negativas en el \u00e1mbito profesional, tiene repercusiones importantes en el entorno personal, familiar y social.<\/p>\n<p>Esta obra publicada en el 2.007 es una oportunidad para la reflexi\u00f3n y para el cambio. Nos ayuda a encontrar el tiempo personal que andamos buscando, nos ense\u00f1a que podemos disponer de m\u00e1s tiempo y tambi\u00e9n c\u00f3mo podemos aprovecharlo mejor y disfrutarlo m\u00e1s.<\/p>\n<p>Ofrece consejos, t\u00e9cnicas y herramientas para mejorar su gesti\u00f3n. Revela la importancia de aprender a detectar las prioridades y a centrarnos en las actividades cr\u00edticas. Nos anima a ser sistem\u00e1ticos y rigurosos con nuestro tiempo, a descubrir las posibilidades de una buena planificaci\u00f3n, a distribuir adecuadamente las actividades, a tomar decisiones, a cumplir los plazos y a lograr nuestros objetivos.<\/p>\n<p>En definitiva, este libro resume las claves necesarias para tomar las riendas y decidir sobre la utilizaci\u00f3n de nuestro tiempo, revisar nuestros h\u00e1bitos de trabajo y de vida y hacerlos m\u00e1s saludables y eficaces.<\/p>\n<p><a href=\"https:\/\/tavapy.gov.py\/biblioteca\/wp-content\/uploads\/2023\/02\/BallenatoG-Gestion-del-tiempo.-En-busca-de-la-eficacia.pdf\" target=\"_blank\" rel=\"attachment noopener wp-att-6685\"><img loading=\"lazy\" decoding=\"async\" class=\"size-full wp-image-6685 alignleft\" src=\"https:\/\/tavapy.gov.py\/biblioteca\/wp-content\/uploads\/2023\/02\/icono-PDF-copia-2.png\" alt=\"\" width=\"121\" height=\"140\" \/><\/a><\/p>\n","protected":false},"featured_media":6666,"comment_status":"open","ping_status":"closed","template":"","meta":{"spay_email":""},"product_cat":[742],"product_tag":[],"class_list":{"0":"post-6694","1":"product","2":"type-product","3":"status-publish","4":"has-post-thumbnail","6":"book_author-guillermo-ballenato","7":"product_cat-empresas-gestion-empresarial","8":"entry"},"_links":{"self":[{"href":"https:\/\/tavapy.gov.py\/biblioteca\/wp-json\/wp\/v2\/product\/6694","targetHints":{"allow":["GET"]}}],"collection":[{"href":"https:\/\/tavapy.gov.py\/biblioteca\/wp-json\/wp\/v2\/product"}],"about":[{"href":"https:\/\/tavapy.gov.py\/biblioteca\/wp-json\/wp\/v2\/types\/product"}],"replies":[{"embeddable":true,"href":"https:\/\/tavapy.gov.py\/biblioteca\/wp-json\/wp\/v2\/comments?post=6694"}],"wp:featuredmedia":[{"embeddable":true,"href":"https:\/\/tavapy.gov.py\/biblioteca\/wp-json\/wp\/v2\/media\/6666"}],"wp:attachment":[{"href":"https:\/\/tavapy.gov.py\/biblioteca\/wp-json\/wp\/v2\/media?parent=6694"}],"wp:term":[{"taxonomy":"product_cat","embeddable":true,"href":"https:\/\/tavapy.gov.py\/biblioteca\/wp-json\/wp\/v2\/product_cat?post=6694"},{"taxonomy":"product_tag","embeddable":true,"href":"https:\/\/tavapy.gov.py\/biblioteca\/wp-json\/wp\/v2\/product_tag?post=6694"}],"curies":[{"name":"wp","href":"https:\/\/api.w.org\/{rel}","templated":true}]}}