{"id":6695,"date":"2023-02-07T13:12:16","date_gmt":"2023-02-07T13:12:16","guid":{"rendered":"https:\/\/tavapy.gov.py\/biblioteca\/?post_type=product&#038;p=6695"},"modified":"2023-02-07T13:12:17","modified_gmt":"2023-02-07T13:12:17","slug":"con-el-amor-no-basta-como-superar-malentendidos-resolver-conflictos-y-enfrentarse-a-los-problemas-de-pareja","status":"publish","type":"product","link":"https:\/\/tavapy.gov.py\/biblioteca\/product\/con-el-amor-no-basta-como-superar-malentendidos-resolver-conflictos-y-enfrentarse-a-los-problemas-de-pareja\/","title":{"rendered":"CON EL AMOR NO BASTA: C\u00d3MO SUPERAR MALENTENDIDOS, RESOLVER CONFLICTOS Y ENFRENTARSE A LOS PROBLEMAS DE PAREJA."},"content":{"rendered":"","protected":false},"excerpt":{"rendered":"<p>Todos sabemos que la idealizaci\u00f3n inicial de un marido o una esposa puede conducir a la desilusi\u00f3n posterior, que un c\u00f3nyuge que imponga reglas y expectativas r\u00edgidas siempre acaba resultando frustrante, y que la irritaci\u00f3n y la hostilidad son la consecuencia ineludible de una comunicaci\u00f3n deficiente. Pero a veces somos incapaces de reconocer todos estos problemas en nuestras propias relaciones de pareja.<\/p>\n<p>Este libro publicado en 1.988 es un espejo en el que podemos vernos a nosotros mismos y nuestras vidas afectivas sin m\u00e1scaras ni disfraces, al descubierto. Quiz\u00e1s as\u00ed -mediante el estilo elocuente y accesible del doctor Beck y a partir de la descripci\u00f3n de algunos casos reales- podamos aprender a hablar teniendo en cuenta al otro y escuchando realmente lo que dice.<\/p>\n<p><a href=\"https:\/\/tavapy.gov.py\/biblioteca\/wp-content\/uploads\/2023\/02\/BeckA-Con-el-amor-no-basta.pdf\" target=\"_blank\" rel=\"attachment noopener wp-att-6685\"><img loading=\"lazy\" decoding=\"async\" class=\"size-full wp-image-6685 alignleft\" src=\"https:\/\/tavapy.gov.py\/biblioteca\/wp-content\/uploads\/2023\/02\/icono-PDF-copia-2.png\" alt=\"\" width=\"121\" height=\"140\" \/><\/a><\/p>\n","protected":false},"featured_media":6669,"comment_status":"open","ping_status":"closed","template":"","meta":{"spay_email":""},"product_cat":[867],"product_tag":[],"class_list":{"0":"post-6695","1":"product","2":"type-product","3":"status-publish","4":"has-post-thumbnail","6":"book_author-aaron-t-beck","7":"product_cat-psicologia-diferencial-pedagogia","8":"entry"},"_links":{"self":[{"href":"https:\/\/tavapy.gov.py\/biblioteca\/wp-json\/wp\/v2\/product\/6695","targetHints":{"allow":["GET"]}}],"collection":[{"href":"https:\/\/tavapy.gov.py\/biblioteca\/wp-json\/wp\/v2\/product"}],"about":[{"href":"https:\/\/tavapy.gov.py\/biblioteca\/wp-json\/wp\/v2\/types\/product"}],"replies":[{"embeddable":true,"href":"https:\/\/tavapy.gov.py\/biblioteca\/wp-json\/wp\/v2\/comments?post=6695"}],"wp:featuredmedia":[{"embeddable":true,"href":"https:\/\/tavapy.gov.py\/biblioteca\/wp-json\/wp\/v2\/media\/6669"}],"wp:attachment":[{"href":"https:\/\/tavapy.gov.py\/biblioteca\/wp-json\/wp\/v2\/media?parent=6695"}],"wp:term":[{"taxonomy":"product_cat","embeddable":true,"href":"https:\/\/tavapy.gov.py\/biblioteca\/wp-json\/wp\/v2\/product_cat?post=6695"},{"taxonomy":"product_tag","embeddable":true,"href":"https:\/\/tavapy.gov.py\/biblioteca\/wp-json\/wp\/v2\/product_tag?post=6695"}],"curies":[{"name":"wp","href":"https:\/\/api.w.org\/{rel}","templated":true}]}}