{"id":6696,"date":"2023-02-07T13:25:33","date_gmt":"2023-02-07T13:25:33","guid":{"rendered":"https:\/\/tavapy.gov.py\/biblioteca\/?post_type=product&#038;p=6696"},"modified":"2023-02-07T13:25:34","modified_gmt":"2023-02-07T13:25:34","slug":"terapia-cognitiva-para-trastornos-de-ansiedad","status":"publish","type":"product","link":"https:\/\/tavapy.gov.py\/biblioteca\/product\/terapia-cognitiva-para-trastornos-de-ansiedad\/","title":{"rendered":"TERAPIA COGNITIVA PARA TRASTORNOS DE ANSIEDAD."},"content":{"rendered":"","protected":false},"excerpt":{"rendered":"<p>Durante las dos \u00faltimas d\u00e9cadas hemos presenciado un tremendo progreso en el conocimiento y tratamiento de los trastornos de ansiedad. Los enfoques derivados de la terapia cognitiva, particularmente, han logrado una base sustancial de apoyo emp\u00edrico.<\/p>\n<p>En el presente libro, publicado en el 2.012 y escrito por una autoridad contempor\u00e1nea, David A. Clark, y por el pionero de la terapia cognitiva, Aaron T. Beck, se sintetizan los \u00faltimos avances logrados en el campo y se presentan pautas actuales de pr\u00e1ctica terap\u00e9utica derivadas de los mismos. Otras caracter\u00edsticas que hacen recomendable y manejable el libro son las s\u00edntesis, a modo de peque\u00f1os manuales, de los cinco principales trastornos de ansiedad, los aspectos cl\u00ednicos concisos, los casos presentados con todo detalle y m\u00e1s de treinta cuestionarios y formularios que pueden emplearse en la pr\u00e1ctica.<\/p>\n<p>En la Primera parte se actualiza el influyente modelo de los trastornos de ansiedad que Beck y sus colaboradores propusieron en 1985. Los autores aclaran las m\u00faltiples facetas de la ansiedad maladaptativa y del papel que desempe\u00f1a la cognici\u00f3n en su desarrollo y mantenimiento. Se revisan cientos de estudios emp\u00edricos que examinan las hip\u00f3tesis del modelo.<\/p>\n<p>Sobre esta base se asienta la Segunda parte, que detalla las principales estrategias cl\u00ednicas cuyo alcance es transdiagn\u00f3stico efectivo y relevante para cualquier tipo de presentaci\u00f3n de los s\u00edntomas de ansiedad. En esta parte se describen, paso a paso, el modo de dirigir la valoraci\u00f3n, de formular los casos individuales y de implementar la reestructuraci\u00f3n cognitiva y las intervenciones conductuales.<\/p>\n<p>La Tercera parte se centra en los trastornos m\u00e1s prevalentes: el trastorno de angustia, el trastorno obsesivo-compulsivo y el trastorno por estr\u00e9s postraum\u00e1tico. Los datos espec\u00edficos de cada trastorno, las conceptualizaciones y los protocolos de tratamiento ofrecen al terapeuta recursos de gran valor para satisfacer las necesidades de cada paciente.<\/p>\n<p><a href=\"https:\/\/tavapy.gov.py\/biblioteca\/wp-content\/uploads\/2023\/02\/BeckA-Terapia-cognitiva-para-trastornos-de-ansiedad.pdf\" target=\"_blank\" rel=\"attachment noopener wp-att-6685\"><img loading=\"lazy\" decoding=\"async\" class=\"size-full wp-image-6685 alignleft\" src=\"https:\/\/tavapy.gov.py\/biblioteca\/wp-content\/uploads\/2023\/02\/icono-PDF-copia-2.png\" alt=\"\" width=\"121\" height=\"140\" \/><\/a><\/p>\n","protected":false},"featured_media":6672,"comment_status":"open","ping_status":"closed","template":"","meta":{"spay_email":""},"product_cat":[868],"product_tag":[],"class_list":{"0":"post-6696","1":"product","2":"type-product","3":"status-publish","4":"has-post-thumbnail","6":"book_author-aaron-t-beck","7":"product_cat-psicologia-y-pedagogia-psicoterapias","8":"entry"},"_links":{"self":[{"href":"https:\/\/tavapy.gov.py\/biblioteca\/wp-json\/wp\/v2\/product\/6696","targetHints":{"allow":["GET"]}}],"collection":[{"href":"https:\/\/tavapy.gov.py\/biblioteca\/wp-json\/wp\/v2\/product"}],"about":[{"href":"https:\/\/tavapy.gov.py\/biblioteca\/wp-json\/wp\/v2\/types\/product"}],"replies":[{"embeddable":true,"href":"https:\/\/tavapy.gov.py\/biblioteca\/wp-json\/wp\/v2\/comments?post=6696"}],"wp:featuredmedia":[{"embeddable":true,"href":"https:\/\/tavapy.gov.py\/biblioteca\/wp-json\/wp\/v2\/media\/6672"}],"wp:attachment":[{"href":"https:\/\/tavapy.gov.py\/biblioteca\/wp-json\/wp\/v2\/media?parent=6696"}],"wp:term":[{"taxonomy":"product_cat","embeddable":true,"href":"https:\/\/tavapy.gov.py\/biblioteca\/wp-json\/wp\/v2\/product_cat?post=6696"},{"taxonomy":"product_tag","embeddable":true,"href":"https:\/\/tavapy.gov.py\/biblioteca\/wp-json\/wp\/v2\/product_tag?post=6696"}],"curies":[{"name":"wp","href":"https:\/\/api.w.org\/{rel}","templated":true}]}}