{"id":6697,"date":"2023-02-07T13:33:26","date_gmt":"2023-02-07T13:33:26","guid":{"rendered":"https:\/\/tavapy.gov.py\/biblioteca\/?post_type=product&#038;p=6697"},"modified":"2023-02-07T13:35:35","modified_gmt":"2023-02-07T13:35:35","slug":"terapia-cognitiva-de-la-depresion","status":"publish","type":"product","link":"https:\/\/tavapy.gov.py\/biblioteca\/product\/terapia-cognitiva-de-la-depresion\/","title":{"rendered":"TERAPIA COGNITIVA DE LA DEPRESI\u00d3N."},"content":{"rendered":"","protected":false},"excerpt":{"rendered":"<p>Algunas autoridades han estimado que al menos el 12% de la poblaci\u00f3n adulta ha experimentado o presentar\u00e1 en el futuro un episodio depresivo de importancia cl\u00ednica susceptible de necesitar tratamiento. Durante los \u00faltimos a\u00f1os se han publicado cientos de estudios sistem\u00e1ticos referentes a las bases biol\u00f3gicas y a la quimioterapia de la depresi\u00f3n.<\/p>\n<p>El presente trabajo es el resultado de muchos a\u00f1os de investigaci\u00f3n y pr\u00e1ctica cl\u00ednica. De alguna manera constituye el producto final de la estrecha colaboraci\u00f3n entre m\u00faltiples personas: cl\u00e1sicos, investigadores y pacientes. Gran parte del mismo se ha escrito en base a las conferencias semanales que se han venido sucediendo durante a\u00f1os en el departamento de Psiquiatr\u00eda de la Universidad de Pensilvania.<\/p>\n<p>Las conferencias consist\u00edan en la exposici\u00f3n de problemas concretos de los pacientes: los participantes aportaban su propia experiencia y colaboraban ofreciendo sugerencias. Estas fueron tomadas bajo la forma de manuales de tratamiento, que finalmente se exponen en este volumen publicado en 1.979.<\/p>\n<p><a href=\"https:\/\/tavapy.gov.py\/biblioteca\/wp-content\/uploads\/2023\/02\/BeckA-Terapia-cognitiva-de-la-depresion.pdf\" target=\"_blank\" rel=\"attachment noopener wp-att-6685\"><img loading=\"lazy\" decoding=\"async\" class=\"size-full wp-image-6685 alignleft\" src=\"https:\/\/tavapy.gov.py\/biblioteca\/wp-content\/uploads\/2023\/02\/icono-PDF-copia-2.png\" alt=\"\" width=\"121\" height=\"140\" \/><\/a><\/p>\n","protected":false},"featured_media":6674,"comment_status":"open","ping_status":"closed","template":"","meta":{"spay_email":""},"product_cat":[754],"product_tag":[],"class_list":{"0":"post-6697","1":"product","2":"type-product","3":"status-publish","4":"has-post-thumbnail","6":"book_author-aaron-t-beck","7":"product_cat-psicologia-clinica-psicopatologia","8":"entry"},"_links":{"self":[{"href":"https:\/\/tavapy.gov.py\/biblioteca\/wp-json\/wp\/v2\/product\/6697","targetHints":{"allow":["GET"]}}],"collection":[{"href":"https:\/\/tavapy.gov.py\/biblioteca\/wp-json\/wp\/v2\/product"}],"about":[{"href":"https:\/\/tavapy.gov.py\/biblioteca\/wp-json\/wp\/v2\/types\/product"}],"replies":[{"embeddable":true,"href":"https:\/\/tavapy.gov.py\/biblioteca\/wp-json\/wp\/v2\/comments?post=6697"}],"wp:featuredmedia":[{"embeddable":true,"href":"https:\/\/tavapy.gov.py\/biblioteca\/wp-json\/wp\/v2\/media\/6674"}],"wp:attachment":[{"href":"https:\/\/tavapy.gov.py\/biblioteca\/wp-json\/wp\/v2\/media?parent=6697"}],"wp:term":[{"taxonomy":"product_cat","embeddable":true,"href":"https:\/\/tavapy.gov.py\/biblioteca\/wp-json\/wp\/v2\/product_cat?post=6697"},{"taxonomy":"product_tag","embeddable":true,"href":"https:\/\/tavapy.gov.py\/biblioteca\/wp-json\/wp\/v2\/product_tag?post=6697"}],"curies":[{"name":"wp","href":"https:\/\/api.w.org\/{rel}","templated":true}]}}