{"id":6700,"date":"2023-02-08T16:39:34","date_gmt":"2023-02-08T16:39:34","guid":{"rendered":"https:\/\/tavapy.gov.py\/biblioteca\/?post_type=product&#038;p=6700"},"modified":"2023-02-08T16:39:35","modified_gmt":"2023-02-08T16:39:35","slug":"como-lograr-todos-tus-deseos-dejando-que-la-mente-subconsciente-trabaje-para-ti","status":"publish","type":"product","link":"https:\/\/tavapy.gov.py\/biblioteca\/product\/como-lograr-todos-tus-deseos-dejando-que-la-mente-subconsciente-trabaje-para-ti\/","title":{"rendered":"C\u00d3MO LOGRAR TODOS TUS DESEOS: DEJANDO QUE LA MENTE SUBCONSCIENTE TRABAJE PARA TI."},"content":{"rendered":"","protected":false},"excerpt":{"rendered":"<p>La intenci\u00f3n de Genevieve Behrend al escribir este libro fue transmitir a sus lectores el m\u00e9todo del correcto pensamiento cient\u00edfico y despertar en ellos el deseo de utilizar dicho m\u00e9todo a fin de establecer el habito de generar tan solo pensamientos que quisieran ver cristalizados en resultados valiosos.<\/p>\n<p>Al mismo tiempo, estimular el pensamiento de los lectores para que se encaminasen a una mejor comprensi\u00f3n del Esp\u00edritu de Dios, pues este es el camino que nos llevara al amanecer de una nueva civilizaci\u00f3n. La idea principal es que al ser humano se le ha dado el dominio sobre cualquier circunstancia que se pueda presentar.<\/p>\n<p>El uso consciente del poder creador del pensamiento nos protege y nos guia. Pero esa utilizaci\u00f3n tan solo se puede lograr mediante una clara comprensi\u00f3n de la relaci\u00f3n que existe entre nuestra mente y el mundo material en el que vivimos. Con nuestros pensamientos creamos las condiciones f\u00edsicas externas.<\/p>\n<p>El pensamiento es como un n\u00facleo que atrae hacia si mismo los materiales de su misma vibraci\u00f3n, hasta que finalmente la obra se manifiesta en el plano material.<\/p>\n<p><a href=\"https:\/\/tavapy.gov.py\/biblioteca\/wp-content\/uploads\/2023\/02\/BehnredG-Como-lograr-todos-tus-deseos.pdf\" target=\"_blank\" rel=\"attachment noopener wp-att-6685\"><img loading=\"lazy\" decoding=\"async\" class=\"size-full wp-image-6685 alignleft\" src=\"https:\/\/tavapy.gov.py\/biblioteca\/wp-content\/uploads\/2023\/02\/icono-PDF-copia-2.png\" alt=\"\" width=\"121\" height=\"140\" \/><\/a><\/p>\n","protected":false},"featured_media":6676,"comment_status":"open","ping_status":"closed","template":"","meta":{"spay_email":""},"product_cat":[522],"product_tag":[],"class_list":{"0":"post-6700","1":"product","2":"type-product","3":"status-publish","4":"has-post-thumbnail","6":"book_author-genevieve-behrend","7":"product_cat-autoayuda-espiritualidad","8":"entry"},"_links":{"self":[{"href":"https:\/\/tavapy.gov.py\/biblioteca\/wp-json\/wp\/v2\/product\/6700","targetHints":{"allow":["GET"]}}],"collection":[{"href":"https:\/\/tavapy.gov.py\/biblioteca\/wp-json\/wp\/v2\/product"}],"about":[{"href":"https:\/\/tavapy.gov.py\/biblioteca\/wp-json\/wp\/v2\/types\/product"}],"replies":[{"embeddable":true,"href":"https:\/\/tavapy.gov.py\/biblioteca\/wp-json\/wp\/v2\/comments?post=6700"}],"wp:featuredmedia":[{"embeddable":true,"href":"https:\/\/tavapy.gov.py\/biblioteca\/wp-json\/wp\/v2\/media\/6676"}],"wp:attachment":[{"href":"https:\/\/tavapy.gov.py\/biblioteca\/wp-json\/wp\/v2\/media?parent=6700"}],"wp:term":[{"taxonomy":"product_cat","embeddable":true,"href":"https:\/\/tavapy.gov.py\/biblioteca\/wp-json\/wp\/v2\/product_cat?post=6700"},{"taxonomy":"product_tag","embeddable":true,"href":"https:\/\/tavapy.gov.py\/biblioteca\/wp-json\/wp\/v2\/product_tag?post=6700"}],"curies":[{"name":"wp","href":"https:\/\/api.w.org\/{rel}","templated":true}]}}