{"id":6702,"date":"2023-02-08T17:10:43","date_gmt":"2023-02-08T17:10:43","guid":{"rendered":"https:\/\/tavapy.gov.py\/biblioteca\/?post_type=product&#038;p=6702"},"modified":"2023-02-08T17:10:43","modified_gmt":"2023-02-08T17:10:43","slug":"el-arte-de-hacer-preguntas","status":"publish","type":"product","link":"https:\/\/tavapy.gov.py\/biblioteca\/product\/el-arte-de-hacer-preguntas\/","title":{"rendered":"EL ARTE DE HACER PREGUNTAS."},"content":{"rendered":"","protected":false},"excerpt":{"rendered":"<p>En este libro publicado en el 2.017, aprender\u00e1s a utilizar t\u00e9cnicas de preguntas que te ayudar\u00e1n a descubrir el pensamiento oculto en la mente de las dem\u00e1s personas. Descubrir\u00e1s el secreto de hacer preguntas de alto nivel para descubrir informaci\u00f3n clave y ganar la batalla. Los buenos entrevistadores, reporteros, pol\u00edticos, l\u00edderes y negociadores de alto calibre, usan informaci\u00f3n de la contraparte para convencer y cerrar los grandes acuerdos.<\/p>\n<p>El principio subyacente de las t\u00e9cnicas de preguntas es que todas las personas tienen en su mente una visi\u00f3n de lo que quieren obtener en una entrevista y eso lo podr\u00e1s aprender en este libro. Ya que si la descubres podr\u00e1s usarla como poder de persuasi\u00f3n para lograr tu objetivo.<\/p>\n<p>Los grandes l\u00edderes dirigen aplicando preguntas de alto impacto. Utilizan lo que saben articul\u00e1ndolo con preguntas inteligentes. El gran negociador, el pol\u00edtico eficaz o el entrevistador profesional nunca muestran sus cartas, sino que a trav\u00e9s de preguntas persuasivas acometen y logran su objetivo con la informaci\u00f3n que disponen de la contraparte.<\/p>\n<p><a href=\"https:\/\/tavapy.gov.py\/biblioteca\/wp-content\/uploads\/2023\/02\/BorghinoM-El-arte-de-hacer-preguntas.pdf\" target=\"_blank\" rel=\"attachment noopener wp-att-6685\"><img loading=\"lazy\" decoding=\"async\" class=\"size-full wp-image-6685 alignleft\" src=\"https:\/\/tavapy.gov.py\/biblioteca\/wp-content\/uploads\/2023\/02\/icono-PDF-copia-2.png\" alt=\"\" width=\"121\" height=\"140\" \/><\/a><\/p>\n","protected":false},"featured_media":6682,"comment_status":"open","ping_status":"closed","template":"","meta":{"spay_email":""},"product_cat":[872],"product_tag":[],"class_list":{"0":"post-6702","1":"product","2":"type-product","3":"status-publish","4":"has-post-thumbnail","6":"book_author-mario-borghino","7":"product_cat-psicologia-pedagogia-filosofia","8":"entry"},"_links":{"self":[{"href":"https:\/\/tavapy.gov.py\/biblioteca\/wp-json\/wp\/v2\/product\/6702","targetHints":{"allow":["GET"]}}],"collection":[{"href":"https:\/\/tavapy.gov.py\/biblioteca\/wp-json\/wp\/v2\/product"}],"about":[{"href":"https:\/\/tavapy.gov.py\/biblioteca\/wp-json\/wp\/v2\/types\/product"}],"replies":[{"embeddable":true,"href":"https:\/\/tavapy.gov.py\/biblioteca\/wp-json\/wp\/v2\/comments?post=6702"}],"wp:featuredmedia":[{"embeddable":true,"href":"https:\/\/tavapy.gov.py\/biblioteca\/wp-json\/wp\/v2\/media\/6682"}],"wp:attachment":[{"href":"https:\/\/tavapy.gov.py\/biblioteca\/wp-json\/wp\/v2\/media?parent=6702"}],"wp:term":[{"taxonomy":"product_cat","embeddable":true,"href":"https:\/\/tavapy.gov.py\/biblioteca\/wp-json\/wp\/v2\/product_cat?post=6702"},{"taxonomy":"product_tag","embeddable":true,"href":"https:\/\/tavapy.gov.py\/biblioteca\/wp-json\/wp\/v2\/product_tag?post=6702"}],"curies":[{"name":"wp","href":"https:\/\/api.w.org\/{rel}","templated":true}]}}