{"id":6762,"date":"2023-02-08T20:16:57","date_gmt":"2023-02-08T20:16:57","guid":{"rendered":"https:\/\/tavapy.gov.py\/biblioteca\/?post_type=product&#038;p=6762"},"modified":"2023-02-08T20:16:57","modified_gmt":"2023-02-08T20:16:57","slug":"la-necesidad-del-caos-como-el-riesgo-y-lo-disruptivo-incrementan-la-innovacion-la-efectividad-y-el-exito","status":"publish","type":"product","link":"https:\/\/tavapy.gov.py\/biblioteca\/product\/la-necesidad-del-caos-como-el-riesgo-y-lo-disruptivo-incrementan-la-innovacion-la-efectividad-y-el-exito\/","title":{"rendered":"LA NECESIDAD DEL CAOS. C\u00d3MO EL RIESGO Y LO DISRUPTIVO INCREMENTAN LA INNOVACION, LA EFECTIVIDAD Y EL \u00c9XITO."},"content":{"rendered":"","protected":false},"excerpt":{"rendered":"<p>Los autores de esta obra publicada en el 2.014, Ori Brafman, Judah Pollack, son expertos en liderazgo y en organizaciones y la tesis que exponen es la de necesidad de que exista un caos contenido en nuestras vidas de forma tal que ideas nuevas puedan emerger \u00abde la nada\u00bb.<\/p>\n<p>Los autores argumentan que las estructuras jer\u00e1rquicas pueden ser muy \u00fatiles para algunas organizaciones, pero impiden la creatividad e innovaci\u00f3n. Una dosis de caos controlado delimitado a algunos momentos y espacios puede permitir que afloren nuevas maneras de resolver los problemas.<\/p>\n<p>Este breve libro ofrece un amplio espectro de posibilidades para enfrentarse a los desaf\u00edos de las empresas y las organizaciones en general.<\/p>\n<p><a href=\"https:\/\/tavapy.gov.py\/biblioteca\/wp-content\/uploads\/2023\/02\/BrafmanO-La-necesidad-del-caos.pdf\" target=\"_blank\" rel=\"attachment noopener wp-att-6761\"><img loading=\"lazy\" decoding=\"async\" class=\"size-full wp-image-6761 alignleft\" src=\"https:\/\/tavapy.gov.py\/biblioteca\/wp-content\/uploads\/2023\/02\/icono-PDF-copia-2-1.png\" alt=\"\" width=\"121\" height=\"140\" \/><\/a><\/p>\n","protected":false},"featured_media":6706,"comment_status":"open","ping_status":"closed","template":"","meta":{"spay_email":""},"product_cat":[742],"product_tag":[],"class_list":{"0":"post-6762","1":"product","2":"type-product","3":"status-publish","4":"has-post-thumbnail","6":"book_author-ori-brafman","7":"product_cat-empresas-gestion-empresarial","8":"entry"},"_links":{"self":[{"href":"https:\/\/tavapy.gov.py\/biblioteca\/wp-json\/wp\/v2\/product\/6762","targetHints":{"allow":["GET"]}}],"collection":[{"href":"https:\/\/tavapy.gov.py\/biblioteca\/wp-json\/wp\/v2\/product"}],"about":[{"href":"https:\/\/tavapy.gov.py\/biblioteca\/wp-json\/wp\/v2\/types\/product"}],"replies":[{"embeddable":true,"href":"https:\/\/tavapy.gov.py\/biblioteca\/wp-json\/wp\/v2\/comments?post=6762"}],"wp:featuredmedia":[{"embeddable":true,"href":"https:\/\/tavapy.gov.py\/biblioteca\/wp-json\/wp\/v2\/media\/6706"}],"wp:attachment":[{"href":"https:\/\/tavapy.gov.py\/biblioteca\/wp-json\/wp\/v2\/media?parent=6762"}],"wp:term":[{"taxonomy":"product_cat","embeddable":true,"href":"https:\/\/tavapy.gov.py\/biblioteca\/wp-json\/wp\/v2\/product_cat?post=6762"},{"taxonomy":"product_tag","embeddable":true,"href":"https:\/\/tavapy.gov.py\/biblioteca\/wp-json\/wp\/v2\/product_tag?post=6762"}],"curies":[{"name":"wp","href":"https:\/\/api.w.org\/{rel}","templated":true}]}}