{"id":6763,"date":"2023-02-08T20:30:32","date_gmt":"2023-02-08T20:30:32","guid":{"rendered":"https:\/\/tavapy.gov.py\/biblioteca\/?post_type=product&#038;p=6763"},"modified":"2023-02-08T20:30:33","modified_gmt":"2023-02-08T20:30:33","slug":"como-tratar-con-gente-complicada","status":"publish","type":"product","link":"https:\/\/tavapy.gov.py\/biblioteca\/product\/como-tratar-con-gente-complicada\/","title":{"rendered":"C\u00d3MO TRATAR CON GENTE COMPLICADA."},"content":{"rendered":"","protected":false},"excerpt":{"rendered":"<p>El bestseller que ha ayudado a miles de personas a lidiar de forma adecuada con distintos tipos de personas conflictivas y situaciones dif\u00edciles.<\/p>\n<p>C\u00f3mo tratar con gente complicada, obra publicada en 1.987 te brinda una serie de estrategias y herramientas emocionales y de comportamiento para mejorar tus relaciones interpersonales. Descubre las caracter\u00edsticas de los diferentes psicotipos (tipos de personalidad) para llevarte bien cuando tratas con personas que tienen la misteriosa habilidad de sabotear, descarrilar e interferir con tus planes, necesidades y deseos.<\/p>\n<p>Aprender\u00e1s c\u00f3mo:<\/p>\n<p>&#8211; Usar t\u00e9cnicas de escucha sofisticadas para abrir las puertas a las mentes, corazones y necesidades m\u00e1s profundas de las personas.<\/p>\n<p>&#8211; Aplicar habilidades de \u00abponte al mando\u00bb que convierten el conflicto en cooperaci\u00f3n al reducir las diferencias entre las personas.<\/p>\n<p>&#8211; Transformar el comportamiento destructivo del Tanque, el Francotirador, el Sabelotodo, el Quejumbroso, el M\u00e1rtir, el Entrometido y otros tipos de personas dif\u00edciles.<\/p>\n<p>Ya sea que est\u00e9s tratando con un compa\u00f1ero de trabajo que intenta atribuirse el m\u00e9rito de tu proyecto, un familiar que no conoce l\u00edmites personales o un desconocido que habla muy alto por tel\u00e9fono en el transporte p\u00fablico, este libro te brindar\u00e1 las herramientas para sacar lo mejor de las personas en su peor momento.<\/p>\n<p><a href=\"https:\/\/tavapy.gov.py\/biblioteca\/wp-content\/uploads\/2023\/02\/BrinkmanR-Como-tratar-con-gente-complicada.-Saca-lo-mejor-de-los-demas-en-sus-peores-momentos.pdf\" target=\"_blank\" rel=\"attachment noopener wp-att-6761\"><img loading=\"lazy\" decoding=\"async\" class=\"size-full wp-image-6761 alignleft\" src=\"https:\/\/tavapy.gov.py\/biblioteca\/wp-content\/uploads\/2023\/02\/icono-PDF-copia-2-1.png\" alt=\"\" width=\"121\" height=\"140\" \/><\/a><\/p>\n","protected":false},"featured_media":6709,"comment_status":"open","ping_status":"closed","template":"","meta":{"spay_email":""},"product_cat":[408],"product_tag":[],"class_list":{"0":"post-6763","1":"product","2":"type-product","3":"status-publish","4":"has-post-thumbnail","6":"book_author-rick-brinkman","7":"product_cat-autoayuda-psicologia-espiritualidad","8":"entry"},"_links":{"self":[{"href":"https:\/\/tavapy.gov.py\/biblioteca\/wp-json\/wp\/v2\/product\/6763","targetHints":{"allow":["GET"]}}],"collection":[{"href":"https:\/\/tavapy.gov.py\/biblioteca\/wp-json\/wp\/v2\/product"}],"about":[{"href":"https:\/\/tavapy.gov.py\/biblioteca\/wp-json\/wp\/v2\/types\/product"}],"replies":[{"embeddable":true,"href":"https:\/\/tavapy.gov.py\/biblioteca\/wp-json\/wp\/v2\/comments?post=6763"}],"wp:featuredmedia":[{"embeddable":true,"href":"https:\/\/tavapy.gov.py\/biblioteca\/wp-json\/wp\/v2\/media\/6709"}],"wp:attachment":[{"href":"https:\/\/tavapy.gov.py\/biblioteca\/wp-json\/wp\/v2\/media?parent=6763"}],"wp:term":[{"taxonomy":"product_cat","embeddable":true,"href":"https:\/\/tavapy.gov.py\/biblioteca\/wp-json\/wp\/v2\/product_cat?post=6763"},{"taxonomy":"product_tag","embeddable":true,"href":"https:\/\/tavapy.gov.py\/biblioteca\/wp-json\/wp\/v2\/product_tag?post=6763"}],"curies":[{"name":"wp","href":"https:\/\/api.w.org\/{rel}","templated":true}]}}