{"id":6764,"date":"2023-02-08T20:39:50","date_gmt":"2023-02-08T20:39:50","guid":{"rendered":"https:\/\/tavapy.gov.py\/biblioteca\/?post_type=product&#038;p=6764"},"modified":"2023-02-08T21:02:09","modified_gmt":"2023-02-08T21:02:09","slug":"dejame-que-te-cuente","status":"publish","type":"product","link":"https:\/\/tavapy.gov.py\/biblioteca\/product\/dejame-que-te-cuente\/","title":{"rendered":"DEJAME QUE TE CUENTE&#8230;"},"content":{"rendered":"","protected":false},"excerpt":{"rendered":"<p>Demi\u00e1n es un muchacho inquieto y curioso: desea saber m\u00e1s sobre s\u00ed mismo. Esta b\u00fasqueda le conduce hasta Jorge, el Gordo, un psicoanalista muy peculiar que le ayuda a enfrentarse a la vida y a encontrar las respuestas que est\u00e1 buscando con un m\u00e9todo muy personal: cada d\u00eda le cuenta un cuento.<\/p>\n<p>Son cuentos cl\u00e1sicos, modernos o populares, reinventados por el psicoanalista para ayudar a su joven amigo a resolver sus dudas. Historias que a todos nos pueden servir para entendernos mejor a nosotros mismos, nuestras relaciones y nuestros miedos.<\/p>\n<p>La obra D\u00e9jame que te cuente\u2026 de Jorge Bucay fue publicada en 1.994.<\/p>\n<p><a href=\"https:\/\/tavapy.gov.py\/biblioteca\/wp-content\/uploads\/2023\/02\/BucayJ-dejame-que-te-cuente.pdf\" target=\"_blank\" rel=\"attachment noopener wp-att-6761\"><img loading=\"lazy\" decoding=\"async\" class=\"size-full wp-image-6761 alignleft\" src=\"https:\/\/tavapy.gov.py\/biblioteca\/wp-content\/uploads\/2023\/02\/icono-PDF-copia-2-1.png\" alt=\"\" width=\"121\" height=\"140\" \/><\/a><\/p>\n","protected":false},"featured_media":6713,"comment_status":"open","ping_status":"closed","template":"","meta":{"spay_email":""},"product_cat":[408],"product_tag":[],"class_list":{"0":"post-6764","1":"product","2":"type-product","3":"status-publish","4":"has-post-thumbnail","6":"book_author-jorge-bucay","7":"product_cat-autoayuda-psicologia-espiritualidad","8":"entry"},"_links":{"self":[{"href":"https:\/\/tavapy.gov.py\/biblioteca\/wp-json\/wp\/v2\/product\/6764","targetHints":{"allow":["GET"]}}],"collection":[{"href":"https:\/\/tavapy.gov.py\/biblioteca\/wp-json\/wp\/v2\/product"}],"about":[{"href":"https:\/\/tavapy.gov.py\/biblioteca\/wp-json\/wp\/v2\/types\/product"}],"replies":[{"embeddable":true,"href":"https:\/\/tavapy.gov.py\/biblioteca\/wp-json\/wp\/v2\/comments?post=6764"}],"wp:featuredmedia":[{"embeddable":true,"href":"https:\/\/tavapy.gov.py\/biblioteca\/wp-json\/wp\/v2\/media\/6713"}],"wp:attachment":[{"href":"https:\/\/tavapy.gov.py\/biblioteca\/wp-json\/wp\/v2\/media?parent=6764"}],"wp:term":[{"taxonomy":"product_cat","embeddable":true,"href":"https:\/\/tavapy.gov.py\/biblioteca\/wp-json\/wp\/v2\/product_cat?post=6764"},{"taxonomy":"product_tag","embeddable":true,"href":"https:\/\/tavapy.gov.py\/biblioteca\/wp-json\/wp\/v2\/product_tag?post=6764"}],"curies":[{"name":"wp","href":"https:\/\/api.w.org\/{rel}","templated":true}]}}