{"id":6767,"date":"2023-02-08T20:53:42","date_gmt":"2023-02-08T20:53:42","guid":{"rendered":"https:\/\/tavapy.gov.py\/biblioteca\/?post_type=product&#038;p=6767"},"modified":"2023-02-08T20:53:42","modified_gmt":"2023-02-08T20:53:42","slug":"el-camino-de-la-espiritualidad","status":"publish","type":"product","link":"https:\/\/tavapy.gov.py\/biblioteca\/product\/el-camino-de-la-espiritualidad\/","title":{"rendered":"EL CAMINO DE LA ESPIRITUALIDAD."},"content":{"rendered":"","protected":false},"excerpt":{"rendered":"<p>Con frecuencia olvidamos que el ser humano no se define s\u00f3lo a partir de lo concreto, lo tangible, lo que se manifiesta a simple vista. Somos mucho m\u00e1s que un cuerpo y, por lo tanto, para alcanzar la plenitud es necesario desarrollar tambi\u00e9n nuestra espiritualidad.<\/p>\n<p>As\u00ed lo entiende el exitoso escritor y terapeuta Jorge Bucay, quien reflexiona en estas p\u00e1ginas en torno a un tema que muchos suelen menospreciar, sobre todo si entienden el \u00e9xito \u00fanicamente desde los logros econ\u00f3micos, sociales o laborales. Pero m\u00e1s all\u00e1 de esto se encuentra una dimensi\u00f3n que se relaciona con lo m\u00e1s esencial, intangible e \u00edntimo de cada persona.<\/p>\n<p>En su b\u00fasqueda constante descubriremos un camino que conduce siempre en ascenso: si conectar con el alma es tocar la cima de la monta\u00f1a, la llamada del esp\u00edritu es una invitaci\u00f3n a seguir subiendo.<\/p>\n<p>La obra El camino de la espiritualidad de Jorge Bucay fue publicada en el 2.010.<\/p>\n<p><a href=\"https:\/\/tavapy.gov.py\/biblioteca\/wp-content\/uploads\/2023\/02\/BucayJ-El-camino-de-la-espiritualidad.pdf\" target=\"_blank\" rel=\"attachment noopener wp-att-6761\"><img loading=\"lazy\" decoding=\"async\" class=\"size-full wp-image-6761 alignleft\" src=\"https:\/\/tavapy.gov.py\/biblioteca\/wp-content\/uploads\/2023\/02\/icono-PDF-copia-2-1.png\" alt=\"\" width=\"121\" height=\"140\" \/><\/a><\/p>\n","protected":false},"featured_media":6718,"comment_status":"open","ping_status":"closed","template":"","meta":{"spay_email":""},"product_cat":[522],"product_tag":[],"class_list":{"0":"post-6767","1":"product","2":"type-product","3":"status-publish","4":"has-post-thumbnail","6":"book_author-jorge-bucay","7":"product_cat-autoayuda-espiritualidad","8":"entry"},"_links":{"self":[{"href":"https:\/\/tavapy.gov.py\/biblioteca\/wp-json\/wp\/v2\/product\/6767","targetHints":{"allow":["GET"]}}],"collection":[{"href":"https:\/\/tavapy.gov.py\/biblioteca\/wp-json\/wp\/v2\/product"}],"about":[{"href":"https:\/\/tavapy.gov.py\/biblioteca\/wp-json\/wp\/v2\/types\/product"}],"replies":[{"embeddable":true,"href":"https:\/\/tavapy.gov.py\/biblioteca\/wp-json\/wp\/v2\/comments?post=6767"}],"wp:featuredmedia":[{"embeddable":true,"href":"https:\/\/tavapy.gov.py\/biblioteca\/wp-json\/wp\/v2\/media\/6718"}],"wp:attachment":[{"href":"https:\/\/tavapy.gov.py\/biblioteca\/wp-json\/wp\/v2\/media?parent=6767"}],"wp:term":[{"taxonomy":"product_cat","embeddable":true,"href":"https:\/\/tavapy.gov.py\/biblioteca\/wp-json\/wp\/v2\/product_cat?post=6767"},{"taxonomy":"product_tag","embeddable":true,"href":"https:\/\/tavapy.gov.py\/biblioteca\/wp-json\/wp\/v2\/product_tag?post=6767"}],"curies":[{"name":"wp","href":"https:\/\/api.w.org\/{rel}","templated":true}]}}