{"id":6768,"date":"2023-02-08T20:58:54","date_gmt":"2023-02-08T20:58:54","guid":{"rendered":"https:\/\/tavapy.gov.py\/biblioteca\/?post_type=product&#038;p=6768"},"modified":"2023-02-08T21:03:03","modified_gmt":"2023-02-08T21:03:03","slug":"el-camino-de-las-lagrimas","status":"publish","type":"product","link":"https:\/\/tavapy.gov.py\/biblioteca\/product\/el-camino-de-las-lagrimas\/","title":{"rendered":"EL CAMINO DE LAS L\u00c1GRIMAS."},"content":{"rendered":"","protected":false},"excerpt":{"rendered":"<p>En esta obra Jorge Bucay, psic\u00f3logo argentino, afronta una de las situaciones m\u00e1s complejas y delicadas de la experiencia humana: la perdida de un ser querido. Este libro es un cl\u00e1sico del camino de la autosuperaci\u00f3n y fue publicado en el 2.001.<\/p>\n<p>\u00abEl camino hacia la realizaci\u00f3n personal es dif\u00edcil y continuo\u00bb, nos dice Jorge Bucay en sus libros. En esta serie de caminos, el autor nos ofrece unos mapas de territorio para que cada uno de nosotros recorra el suyo propio, a su ritmo y eligiendo el trayecto. \u00abSer feliz -afirma- no es un derecho solamente; tambien es, de muchas maneras, una obligaci\u00f3n contra\u00edda con la vida.\u00bb<\/p>\n<p>Este libro es una referencia forzosa para todos los que han pasado por una perdida o transitan un duelo; una verdadera hoja de ruta que nos acompa\u00f1a mientras nos consuela en el doloroso tr\u00e1nsito del desapego.<\/p>\n<p><a href=\"https:\/\/tavapy.gov.py\/biblioteca\/wp-content\/uploads\/2023\/02\/BucayJEl-Camino-de-las-Lagrimas.pdf\" target=\"_blank\" rel=\"attachment noopener wp-att-6761\"><img loading=\"lazy\" decoding=\"async\" class=\"size-full wp-image-6761 alignleft\" src=\"https:\/\/tavapy.gov.py\/biblioteca\/wp-content\/uploads\/2023\/02\/icono-PDF-copia-2-1.png\" alt=\"\" width=\"121\" height=\"140\" \/><\/a><\/p>\n","protected":false},"featured_media":6720,"comment_status":"open","ping_status":"closed","template":"","meta":{"spay_email":""},"product_cat":[408],"product_tag":[],"class_list":{"0":"post-6768","1":"product","2":"type-product","3":"status-publish","4":"has-post-thumbnail","6":"book_author-jorge-bucay","7":"product_cat-autoayuda-psicologia-espiritualidad","8":"entry"},"_links":{"self":[{"href":"https:\/\/tavapy.gov.py\/biblioteca\/wp-json\/wp\/v2\/product\/6768","targetHints":{"allow":["GET"]}}],"collection":[{"href":"https:\/\/tavapy.gov.py\/biblioteca\/wp-json\/wp\/v2\/product"}],"about":[{"href":"https:\/\/tavapy.gov.py\/biblioteca\/wp-json\/wp\/v2\/types\/product"}],"replies":[{"embeddable":true,"href":"https:\/\/tavapy.gov.py\/biblioteca\/wp-json\/wp\/v2\/comments?post=6768"}],"wp:featuredmedia":[{"embeddable":true,"href":"https:\/\/tavapy.gov.py\/biblioteca\/wp-json\/wp\/v2\/media\/6720"}],"wp:attachment":[{"href":"https:\/\/tavapy.gov.py\/biblioteca\/wp-json\/wp\/v2\/media?parent=6768"}],"wp:term":[{"taxonomy":"product_cat","embeddable":true,"href":"https:\/\/tavapy.gov.py\/biblioteca\/wp-json\/wp\/v2\/product_cat?post=6768"},{"taxonomy":"product_tag","embeddable":true,"href":"https:\/\/tavapy.gov.py\/biblioteca\/wp-json\/wp\/v2\/product_tag?post=6768"}],"curies":[{"name":"wp","href":"https:\/\/api.w.org\/{rel}","templated":true}]}}