{"id":6769,"date":"2023-02-08T21:07:21","date_gmt":"2023-02-08T21:07:21","guid":{"rendered":"https:\/\/tavapy.gov.py\/biblioteca\/?post_type=product&#038;p=6769"},"modified":"2023-02-08T21:07:22","modified_gmt":"2023-02-08T21:07:22","slug":"el-camino-del-encuentro","status":"publish","type":"product","link":"https:\/\/tavapy.gov.py\/biblioteca\/product\/el-camino-del-encuentro\/","title":{"rendered":"EL CAMINO DEL ENCUENTRO."},"content":{"rendered":"","protected":false},"excerpt":{"rendered":"<p>Con frecuencia se nos olvida que el camino que nos lleva al encuentro con nosotros mismos pasa necesariamente por los dem\u00e1s, sean \u00e9stos, amigos, familiares o pareja. El contacto con nuestros semejantes, con todo lo que ello tiene de exaltante y enriquecedor, pero tambi\u00e9n de problem\u00e1tico y complejo, constituye una etapa necesaria para conquistar la realizaci\u00f3n personal.<\/p>\n<p>Para Jorge Bucay la autodependencia, ese ideal que nos convierte en los due\u00f1os y se\u00f1ores de nuestra persona, no puede desligarse de los otros, de aquellos hombres y mujeres que nos acompa\u00f1ar\u00e1n en el camino (unas veces de manera fugaz y otras de forma permanente) y con los que compartimos afecto, amistad, apoyo, intimidad y sexo.<\/p>\n<p>La obra El camino del encuentro de Jorge Bucay fue publicada en el 2.001.<\/p>\n<p><a href=\"https:\/\/tavapy.gov.py\/biblioteca\/wp-content\/uploads\/2023\/02\/BucayJ-El-camino-del-encuentro.pdf\" target=\"_blank\" rel=\"attachment noopener wp-att-6761\"><img loading=\"lazy\" decoding=\"async\" class=\"size-full wp-image-6761 alignleft\" src=\"https:\/\/tavapy.gov.py\/biblioteca\/wp-content\/uploads\/2023\/02\/icono-PDF-copia-2-1.png\" alt=\"\" width=\"121\" height=\"140\" \/><\/a><\/p>\n","protected":false},"featured_media":6722,"comment_status":"open","ping_status":"closed","template":"","meta":{"spay_email":""},"product_cat":[408],"product_tag":[],"class_list":{"0":"post-6769","1":"product","2":"type-product","3":"status-publish","4":"has-post-thumbnail","6":"book_author-jorge-bucay","7":"product_cat-autoayuda-psicologia-espiritualidad","8":"entry"},"_links":{"self":[{"href":"https:\/\/tavapy.gov.py\/biblioteca\/wp-json\/wp\/v2\/product\/6769","targetHints":{"allow":["GET"]}}],"collection":[{"href":"https:\/\/tavapy.gov.py\/biblioteca\/wp-json\/wp\/v2\/product"}],"about":[{"href":"https:\/\/tavapy.gov.py\/biblioteca\/wp-json\/wp\/v2\/types\/product"}],"replies":[{"embeddable":true,"href":"https:\/\/tavapy.gov.py\/biblioteca\/wp-json\/wp\/v2\/comments?post=6769"}],"wp:featuredmedia":[{"embeddable":true,"href":"https:\/\/tavapy.gov.py\/biblioteca\/wp-json\/wp\/v2\/media\/6722"}],"wp:attachment":[{"href":"https:\/\/tavapy.gov.py\/biblioteca\/wp-json\/wp\/v2\/media?parent=6769"}],"wp:term":[{"taxonomy":"product_cat","embeddable":true,"href":"https:\/\/tavapy.gov.py\/biblioteca\/wp-json\/wp\/v2\/product_cat?post=6769"},{"taxonomy":"product_tag","embeddable":true,"href":"https:\/\/tavapy.gov.py\/biblioteca\/wp-json\/wp\/v2\/product_tag?post=6769"}],"curies":[{"name":"wp","href":"https:\/\/api.w.org\/{rel}","templated":true}]}}