{"id":6770,"date":"2023-02-08T21:13:05","date_gmt":"2023-02-08T21:13:05","guid":{"rendered":"https:\/\/tavapy.gov.py\/biblioteca\/?post_type=product&#038;p=6770"},"modified":"2023-02-08T21:13:05","modified_gmt":"2023-02-08T21:13:05","slug":"a-solas-descubre-el-placer-de-estar-contigo-mismo","status":"publish","type":"product","link":"https:\/\/tavapy.gov.py\/biblioteca\/product\/a-solas-descubre-el-placer-de-estar-contigo-mismo\/","title":{"rendered":"A SOLAS. DESCUBRE EL PLACER DE ESTAR CONTIGO MISMO."},"content":{"rendered":"","protected":false},"excerpt":{"rendered":"<p>No tener pareja no significa estar solo. Aprender a estar a solas puede ser la mayor aventura de tu vida y un viaje fascinante hacia tu interior que te conectar\u00e1 con el mundo y contigo mismo.<\/p>\n<p>Deseada, buscada, provocada, inadvertida, la soledad puede adoptar muchas formas, pero en la mayor\u00eda de casos es una situaci\u00f3n que nos da miedo, nos genera rechazo y tratamos de evitar a toda costa. En el mundo actual y especialmente a partir de una cierta edad, parece que la soledad se entiende como un fracaso: estar soltero, divorciado o separado es algo que debe superarse a toda costa. Sin embargo, saber estar solo es en realidad un signo de madurez, de autonom\u00eda, de riqueza personal.<\/p>\n<p>A solas es una oda a la vulnerabilidad, al atrevimiento, a no dejarse vencer. Silvia Congost, una de las psic\u00f3logas m\u00e1s conocidas de nuestro pa\u00eds, rompe en este libro, lleno de reflexiones y consejos, con las ideas preconcebidas sobre no tener pareja y nos invita a perderle miedo al monstruo de la soledad desde su propia experiencia.<\/p>\n<p>A quedarnos en silencio escuchando nuestro cuerpo, conectando con los latidos de nuestro coraz\u00f3n, con el ruido de nuestra respiraci\u00f3n u observando la forma y el contenido de nuestros pensamientos. A atravesar los tortuosos caminos de la soledad hasta llegar a la propia liberaci\u00f3n, esa que solo se consigue cuando vamos de frente, sin dejar de avanzar.<\/p>\n<p>La obra A solas. Descubre el placer de estar contigo mismo fue publicada en el 2.019.<\/p>\n<p><a href=\"https:\/\/tavapy.gov.py\/biblioteca\/wp-content\/uploads\/2023\/02\/CongostS-A-solas.pdf\" target=\"_blank\" rel=\"attachment noopener wp-att-6761\"><img loading=\"lazy\" decoding=\"async\" class=\"size-full wp-image-6761 alignleft\" src=\"https:\/\/tavapy.gov.py\/biblioteca\/wp-content\/uploads\/2023\/02\/icono-PDF-copia-2-1.png\" alt=\"\" width=\"121\" height=\"140\" \/><\/a><\/p>\n","protected":false},"featured_media":6725,"comment_status":"open","ping_status":"closed","template":"","meta":{"spay_email":""},"product_cat":[408],"product_tag":[],"class_list":{"0":"post-6770","1":"product","2":"type-product","3":"status-publish","4":"has-post-thumbnail","6":"book_author-silvia-congost","7":"product_cat-autoayuda-psicologia-espiritualidad","8":"entry"},"_links":{"self":[{"href":"https:\/\/tavapy.gov.py\/biblioteca\/wp-json\/wp\/v2\/product\/6770","targetHints":{"allow":["GET"]}}],"collection":[{"href":"https:\/\/tavapy.gov.py\/biblioteca\/wp-json\/wp\/v2\/product"}],"about":[{"href":"https:\/\/tavapy.gov.py\/biblioteca\/wp-json\/wp\/v2\/types\/product"}],"replies":[{"embeddable":true,"href":"https:\/\/tavapy.gov.py\/biblioteca\/wp-json\/wp\/v2\/comments?post=6770"}],"wp:featuredmedia":[{"embeddable":true,"href":"https:\/\/tavapy.gov.py\/biblioteca\/wp-json\/wp\/v2\/media\/6725"}],"wp:attachment":[{"href":"https:\/\/tavapy.gov.py\/biblioteca\/wp-json\/wp\/v2\/media?parent=6770"}],"wp:term":[{"taxonomy":"product_cat","embeddable":true,"href":"https:\/\/tavapy.gov.py\/biblioteca\/wp-json\/wp\/v2\/product_cat?post=6770"},{"taxonomy":"product_tag","embeddable":true,"href":"https:\/\/tavapy.gov.py\/biblioteca\/wp-json\/wp\/v2\/product_tag?post=6770"}],"curies":[{"name":"wp","href":"https:\/\/api.w.org\/{rel}","templated":true}]}}