{"id":6773,"date":"2023-02-08T21:27:30","date_gmt":"2023-02-08T21:27:30","guid":{"rendered":"https:\/\/tavapy.gov.py\/biblioteca\/?post_type=product&#038;p=6773"},"modified":"2023-02-08T21:27:30","modified_gmt":"2023-02-08T21:27:30","slug":"si-duele-no-es-amor","status":"publish","type":"product","link":"https:\/\/tavapy.gov.py\/biblioteca\/product\/si-duele-no-es-amor\/","title":{"rendered":"SI DUELE, NO ES AMOR."},"content":{"rendered":"","protected":false},"excerpt":{"rendered":"<p>\u00bfEst\u00e1s atrapado en una relaci\u00f3n de pareja en la que no eres feliz? \u00bfCrees que has perdido el control de tu vida y que est\u00e1s condicionado por tu pareja? \u00bfSientes que te has perdido a ti mismo o que ni tan solo recuerdas c\u00f3mo eras antes de conocerle? Si es as\u00ed probablemente sufres dependencia emocional.<\/p>\n<p>Sabemos que en una relaci\u00f3n de pareja nunca hay garant\u00edas, pero algunas personas se enganchan, generan v\u00ednculos t\u00f3xicos con el otro y, sin darse cuenta, empiezan a perder el control de su propia vida. Quienes padecen dependencia emocional tienen un concepto err\u00f3neo del amor y creen que \u00e9ste va ligado siempre al sufrimiento. Por ello, dejan de ser quienes eran, su vitalidad se apaga, sus ilusiones desaparecen y toda su vida gira en torno al otro. Esa persona con la que ni siquiera son felices.<\/p>\n<p>Silvia Congost, psic\u00f3loga especializada en el tratamiento de la dependencia emocional, te ofrece un manual que te ayudar\u00e1 a tomar conciencia de cu\u00e1l es la situaci\u00f3n en la que te encuentras y, de una manera clara y cercana, te guiar\u00e1 para encontrar tu fuerza interior, la \u00fanica que te permitir\u00e1 liberarte de tu situaci\u00f3n de dependencia y empezar a caminar hacia tus verdaderos prop\u00f3sitos.<\/p>\n<p>La obra Si duele, no es amor de Silvia Congost fue publicada en el 2.013.<\/p>\n<p><a href=\"https:\/\/tavapy.gov.py\/biblioteca\/wp-content\/uploads\/2023\/02\/CongostS-Si-duele-no-es-amor.pdf\" target=\"_blank\" rel=\"attachment noopener wp-att-6761\"><img loading=\"lazy\" decoding=\"async\" class=\"size-full wp-image-6761 alignleft\" src=\"https:\/\/tavapy.gov.py\/biblioteca\/wp-content\/uploads\/2023\/02\/icono-PDF-copia-2-1.png\" alt=\"\" width=\"121\" height=\"140\" \/><\/a><\/p>\n","protected":false},"featured_media":6732,"comment_status":"open","ping_status":"closed","template":"","meta":{"spay_email":""},"product_cat":[625],"product_tag":[],"class_list":{"0":"post-6773","1":"product","2":"type-product","3":"status-publish","4":"has-post-thumbnail","6":"book_author-silvia-congost","7":"product_cat-autoayuda-psicologia-relacion-de-pareja","8":"entry"},"_links":{"self":[{"href":"https:\/\/tavapy.gov.py\/biblioteca\/wp-json\/wp\/v2\/product\/6773","targetHints":{"allow":["GET"]}}],"collection":[{"href":"https:\/\/tavapy.gov.py\/biblioteca\/wp-json\/wp\/v2\/product"}],"about":[{"href":"https:\/\/tavapy.gov.py\/biblioteca\/wp-json\/wp\/v2\/types\/product"}],"replies":[{"embeddable":true,"href":"https:\/\/tavapy.gov.py\/biblioteca\/wp-json\/wp\/v2\/comments?post=6773"}],"wp:featuredmedia":[{"embeddable":true,"href":"https:\/\/tavapy.gov.py\/biblioteca\/wp-json\/wp\/v2\/media\/6732"}],"wp:attachment":[{"href":"https:\/\/tavapy.gov.py\/biblioteca\/wp-json\/wp\/v2\/media?parent=6773"}],"wp:term":[{"taxonomy":"product_cat","embeddable":true,"href":"https:\/\/tavapy.gov.py\/biblioteca\/wp-json\/wp\/v2\/product_cat?post=6773"},{"taxonomy":"product_tag","embeddable":true,"href":"https:\/\/tavapy.gov.py\/biblioteca\/wp-json\/wp\/v2\/product_tag?post=6773"}],"curies":[{"name":"wp","href":"https:\/\/api.w.org\/{rel}","templated":true}]}}