{"id":6774,"date":"2023-02-08T21:33:40","date_gmt":"2023-02-08T21:33:40","guid":{"rendered":"https:\/\/tavapy.gov.py\/biblioteca\/?post_type=product&#038;p=6774"},"modified":"2023-02-08T21:33:41","modified_gmt":"2023-02-08T21:33:41","slug":"el-dominio-de-si-mismo","status":"publish","type":"product","link":"https:\/\/tavapy.gov.py\/biblioteca\/product\/el-dominio-de-si-mismo\/","title":{"rendered":"EL DOMINIO DE S\u00cd MISMO."},"content":{"rendered":"","protected":false},"excerpt":{"rendered":"<p>Dr. Emile Cou\u00e9, nos explica c\u00f3mo podemos hacer para mejorar nuestra autoestima y liberarnos de todos aquellos h\u00e1bitos mentales err\u00f3neos que no nos permiten ser felices. Cou\u00e9, presenta, sin propon\u00e9rselo, las relaciones entre el deseo, y su realizaci\u00f3n, as\u00ed como entre el deseo y la necesidad, ense\u00f1\u00e1ndonos c\u00f3mo, por nosotros mismos obtener el bienestar del que somos capaces o, en su defecto, el sufrimiento, rostro de la vida del que hemos dado prueba de tambi\u00e9n poder construir.<\/p>\n<p>Cou\u00e9, opone, no sin experiencia, al malestar, algo que es muy importante, pienso yo, un dar cuenta de ese \u00abimpedirse\u00bb sufrir, al sustituir las \u00f3rdenes sugeridas a lo inconsciente, por unas nuevas que procuren cumplir con nuestra obligaci\u00f3n fundamental, y derecho, por lo tanto, \u00abvivir\u00bb y \u00abvivir bien\u00bb.<\/p>\n<p>La obra El dominio de s\u00ed mismo de \u00c9mile Cou\u00e9 fue publicada en el 2.020.<\/p>\n<p><a href=\"https:\/\/tavapy.gov.py\/biblioteca\/wp-content\/uploads\/2023\/02\/CoueE-El-dominio-de-si-mismo.pdf\" target=\"_blank\" rel=\"attachment noopener wp-att-6761\"><img loading=\"lazy\" decoding=\"async\" class=\"size-full wp-image-6761 alignleft\" src=\"https:\/\/tavapy.gov.py\/biblioteca\/wp-content\/uploads\/2023\/02\/icono-PDF-copia-2-1.png\" alt=\"\" width=\"121\" height=\"140\" \/><\/a><\/p>\n","protected":false},"featured_media":6734,"comment_status":"open","ping_status":"closed","template":"","meta":{"spay_email":""},"product_cat":[743],"product_tag":[],"class_list":{"0":"post-6774","1":"product","2":"type-product","3":"status-publish","4":"has-post-thumbnail","6":"book_author-emile-coue","7":"product_cat-autoayuda-psicologia-superacion-personal","8":"entry"},"_links":{"self":[{"href":"https:\/\/tavapy.gov.py\/biblioteca\/wp-json\/wp\/v2\/product\/6774","targetHints":{"allow":["GET"]}}],"collection":[{"href":"https:\/\/tavapy.gov.py\/biblioteca\/wp-json\/wp\/v2\/product"}],"about":[{"href":"https:\/\/tavapy.gov.py\/biblioteca\/wp-json\/wp\/v2\/types\/product"}],"replies":[{"embeddable":true,"href":"https:\/\/tavapy.gov.py\/biblioteca\/wp-json\/wp\/v2\/comments?post=6774"}],"wp:featuredmedia":[{"embeddable":true,"href":"https:\/\/tavapy.gov.py\/biblioteca\/wp-json\/wp\/v2\/media\/6734"}],"wp:attachment":[{"href":"https:\/\/tavapy.gov.py\/biblioteca\/wp-json\/wp\/v2\/media?parent=6774"}],"wp:term":[{"taxonomy":"product_cat","embeddable":true,"href":"https:\/\/tavapy.gov.py\/biblioteca\/wp-json\/wp\/v2\/product_cat?post=6774"},{"taxonomy":"product_tag","embeddable":true,"href":"https:\/\/tavapy.gov.py\/biblioteca\/wp-json\/wp\/v2\/product_tag?post=6774"}],"curies":[{"name":"wp","href":"https:\/\/api.w.org\/{rel}","templated":true}]}}