{"id":6775,"date":"2023-02-08T22:59:49","date_gmt":"2023-02-08T22:59:49","guid":{"rendered":"https:\/\/tavapy.gov.py\/biblioteca\/?post_type=product&#038;p=6775"},"modified":"2023-02-08T22:59:50","modified_gmt":"2023-02-08T22:59:50","slug":"deja-de-perder-el-tiempo","status":"publish","type":"product","link":"https:\/\/tavapy.gov.py\/biblioteca\/product\/deja-de-perder-el-tiempo\/","title":{"rendered":"DEJA DE PERDER EL TIEMPO."},"content":{"rendered":"","protected":false},"excerpt":{"rendered":"<p>Romper con el ciclo de la procrastrinaci\u00f3n no es f\u00e1cil, a menos que sepas por qu\u00e9 lo haces y qu\u00e9 pasos dar para acabar con ella. Deja de perder el tiempo te mostrar\u00e1 el camino: es la gu\u00eda completa, pr\u00e1ctica y con instrucciones claras para acabar con la p\u00e9rdida de tiempo y la tendencia a posponer las tareas y los deberes.<\/p>\n<p>Investigaciones de \u00faltima hora que te ayudar\u00e1n a entender las causas por las que aplazamos las cosas y a identificarte con tu estilo de procrastinaci\u00f3n. Pasos estructurados y resolutivos que te ayudar\u00e1n a convertirte en una persona m\u00e1s motivada y productiva, y conseguir que vivas sin m\u00e1s dilaciones.<\/p>\n<p>Programa de 5 semanas\u2014T\u00f3mate el tiempo que necesites para aprovechar al m\u00e1ximo tu motivaci\u00f3n, conseguir objetivos ambiciosos y aprender h\u00e1bitos productivos.<\/p>\n<p>Acciones efectivas\u2014Actividades pr\u00e1cticas y t\u00e9cnicas demostradas para conseguir resultados eficaces.<\/p>\n<p>Instructivo y alentador\u2014Con gran cantidad de actividades y ejercicios acompa\u00f1ados de una saludable dosis de animaci\u00f3n.<\/p>\n<p>La obra Deja de perder el tiempo de Garland Coulson fue publicada en el 2.020.<\/p>\n<p><a href=\"https:\/\/tavapy.gov.py\/biblioteca\/wp-content\/uploads\/2023\/02\/CoulsonG-Deja-de-perder-el-tiempo.pdf\" target=\"_blank\" rel=\"attachment noopener wp-att-6761\"><img loading=\"lazy\" decoding=\"async\" class=\"size-full wp-image-6761 alignleft\" src=\"https:\/\/tavapy.gov.py\/biblioteca\/wp-content\/uploads\/2023\/02\/icono-PDF-copia-2-1.png\" alt=\"\" width=\"121\" height=\"140\" \/><\/a><\/p>\n","protected":false},"featured_media":6737,"comment_status":"open","ping_status":"closed","template":"","meta":{"spay_email":""},"product_cat":[879],"product_tag":[],"class_list":{"0":"post-6775","1":"product","2":"type-product","3":"status-publish","4":"has-post-thumbnail","6":"book_author-garland-coulson","7":"product_cat-autoayuda-gestion-del-tiempo-desarrollo-personal-y-profesional","8":"entry"},"_links":{"self":[{"href":"https:\/\/tavapy.gov.py\/biblioteca\/wp-json\/wp\/v2\/product\/6775","targetHints":{"allow":["GET"]}}],"collection":[{"href":"https:\/\/tavapy.gov.py\/biblioteca\/wp-json\/wp\/v2\/product"}],"about":[{"href":"https:\/\/tavapy.gov.py\/biblioteca\/wp-json\/wp\/v2\/types\/product"}],"replies":[{"embeddable":true,"href":"https:\/\/tavapy.gov.py\/biblioteca\/wp-json\/wp\/v2\/comments?post=6775"}],"wp:featuredmedia":[{"embeddable":true,"href":"https:\/\/tavapy.gov.py\/biblioteca\/wp-json\/wp\/v2\/media\/6737"}],"wp:attachment":[{"href":"https:\/\/tavapy.gov.py\/biblioteca\/wp-json\/wp\/v2\/media?parent=6775"}],"wp:term":[{"taxonomy":"product_cat","embeddable":true,"href":"https:\/\/tavapy.gov.py\/biblioteca\/wp-json\/wp\/v2\/product_cat?post=6775"},{"taxonomy":"product_tag","embeddable":true,"href":"https:\/\/tavapy.gov.py\/biblioteca\/wp-json\/wp\/v2\/product_tag?post=6775"}],"curies":[{"name":"wp","href":"https:\/\/api.w.org\/{rel}","templated":true}]}}