{"id":6777,"date":"2023-02-08T23:13:03","date_gmt":"2023-02-08T23:13:03","guid":{"rendered":"https:\/\/tavapy.gov.py\/biblioteca\/?post_type=product&#038;p=6777"},"modified":"2023-02-08T23:13:04","modified_gmt":"2023-02-08T23:13:04","slug":"filosofia-para-inconformes","status":"publish","type":"product","link":"https:\/\/tavapy.gov.py\/biblioteca\/product\/filosofia-para-inconformes\/","title":{"rendered":"FILOSOF\u00cdA PARA INCONFORMES."},"content":{"rendered":"","protected":false},"excerpt":{"rendered":"<p>Un gran libro de Filosof\u00eda, apto para todo p\u00fablico interesado en expandir su conocimiento sobre el pensamiento moderno.<\/p>\n<p>En otros tiempos este libro habr\u00eda sido quemado.<\/p>\n<p>Filosof\u00eda para inconformes es un libro rebelde, escrito con humor y corrosiva amenidad donde las ideas fluyen en forma de ensayo, f\u00e1bula, mon\u00f3logo, aforismo, diatriba, manifiesto&#8230; hasta formar un mosaico multigen\u00e9rico donde el lector podr\u00e1 re\u00edrse de todo y, principalmente, de s\u00ed mismo. No se trata de un pensamiento amargo que desemboque en la tristeza y la abulia, sino de un desencanto festivo que hace del pensamiento un carnaval.<\/p>\n<p>En esta obra, \u00d3scar de la Borbolla -pensador agudo y amargo- reflexiona con implacable humor negro a prop\u00f3sito del sentido de la vida y la muerte; de la locura y la demagogia; de la corrupci\u00f3n pol\u00edtica, del amor y, en general, de los asuntos que han preocupado siempre a los fil\u00f3sofos, y que hoy resulta indispensable abordar sin complacencias.<\/p>\n<p>Filosof\u00eda para inconformes es una obra publicada en 1.996 que propone un entramado de conceptos que dan expresi\u00f3n a la inconformidad actual.<\/p>\n<p><a href=\"https:\/\/tavapy.gov.py\/biblioteca\/wp-content\/uploads\/2023\/02\/De-la-BorbollaO-Filosofia-para-inconformes.pdf\" target=\"_blank\" rel=\"attachment noopener wp-att-6761\"><img loading=\"lazy\" decoding=\"async\" class=\"size-full wp-image-6761 alignleft\" src=\"https:\/\/tavapy.gov.py\/biblioteca\/wp-content\/uploads\/2023\/02\/icono-PDF-copia-2-1.png\" alt=\"\" width=\"121\" height=\"140\" \/><\/a><\/p>\n","protected":false},"featured_media":6743,"comment_status":"open","ping_status":"closed","template":"","meta":{"spay_email":""},"product_cat":[767],"product_tag":[],"class_list":{"0":"post-6777","1":"product","2":"type-product","3":"status-publish","4":"has-post-thumbnail","6":"book_author-oscar-de-la-borbolla","7":"product_cat-filosofia-contemporanea","8":"entry"},"_links":{"self":[{"href":"https:\/\/tavapy.gov.py\/biblioteca\/wp-json\/wp\/v2\/product\/6777","targetHints":{"allow":["GET"]}}],"collection":[{"href":"https:\/\/tavapy.gov.py\/biblioteca\/wp-json\/wp\/v2\/product"}],"about":[{"href":"https:\/\/tavapy.gov.py\/biblioteca\/wp-json\/wp\/v2\/types\/product"}],"replies":[{"embeddable":true,"href":"https:\/\/tavapy.gov.py\/biblioteca\/wp-json\/wp\/v2\/comments?post=6777"}],"wp:featuredmedia":[{"embeddable":true,"href":"https:\/\/tavapy.gov.py\/biblioteca\/wp-json\/wp\/v2\/media\/6743"}],"wp:attachment":[{"href":"https:\/\/tavapy.gov.py\/biblioteca\/wp-json\/wp\/v2\/media?parent=6777"}],"wp:term":[{"taxonomy":"product_cat","embeddable":true,"href":"https:\/\/tavapy.gov.py\/biblioteca\/wp-json\/wp\/v2\/product_cat?post=6777"},{"taxonomy":"product_tag","embeddable":true,"href":"https:\/\/tavapy.gov.py\/biblioteca\/wp-json\/wp\/v2\/product_tag?post=6777"}],"curies":[{"name":"wp","href":"https:\/\/api.w.org\/{rel}","templated":true}]}}