{"id":6783,"date":"2023-02-08T23:54:29","date_gmt":"2023-02-08T23:54:29","guid":{"rendered":"https:\/\/tavapy.gov.py\/biblioteca\/?post_type=product&#038;p=6783"},"modified":"2023-02-08T23:54:29","modified_gmt":"2023-02-08T23:54:29","slug":"la-vida-secreta-del-cerebro-como-se-construyen-las-emociones","status":"publish","type":"product","link":"https:\/\/tavapy.gov.py\/biblioteca\/product\/la-vida-secreta-del-cerebro-como-se-construyen-las-emociones\/","title":{"rendered":"LA VIDA SECRETA DEL CEREBRO: C\u00d3MO SE CONSTRUYEN LAS EMOCIONES."},"content":{"rendered":"","protected":false},"excerpt":{"rendered":"<p>\u00bfY si todo lo que cre\u00edamos saber sobre el deseo, la ira, la pena y la alegr\u00eda fuera incorrecto? La vida secreta del cerebro nos presenta una teor\u00eda revolucionaria sobre la construcci\u00f3n de las emociones que podr\u00eda cambiar radicalmente nuestra comprensi\u00f3n de la mente humana.<\/p>\n<p>La ciencia de las emociones est\u00e1 en plena revoluci\u00f3n y este cambio de paradigma tiene implicaciones de gran alcance para todos nosotros. La psic\u00f3loga y neurocient\u00edfica Lisa Feldman Barrett, cuya teor\u00eda de las emociones est\u00e1 impulsando una comprensi\u00f3n m\u00e1s profunda de la mente y el cerebro, revierte la creencia generalizada de que las emociones se alojan en diferentes partes del cerebro y se expresan y reconocen universalmente.<\/p>\n<p>Muy al contrario, ha demostrado que las emociones se construyen en el momento, mediante sistemas centrales que interact\u00faan en todo el cerebro gracias a toda una vida de aprendizaje.<\/p>\n<p>La obra La vida secreta del cerebro de Lisa Feldman Barret publicada en el 2.018.<\/p>\n<p><a href=\"https:\/\/tavapy.gov.py\/biblioteca\/wp-content\/uploads\/2023\/02\/FeldmanL-La-vida-secreta-del-cerebro.pdf\" target=\"_blank\" rel=\"attachment noopener wp-att-6761\"><img loading=\"lazy\" decoding=\"async\" class=\"size-full wp-image-6761 alignleft\" src=\"https:\/\/tavapy.gov.py\/biblioteca\/wp-content\/uploads\/2023\/02\/icono-PDF-copia-2-1.png\" alt=\"\" width=\"121\" height=\"140\" \/><\/a><\/p>\n","protected":false},"featured_media":6749,"comment_status":"open","ping_status":"closed","template":"","meta":{"spay_email":""},"product_cat":[361],"product_tag":[],"class_list":{"0":"post-6783","1":"product","2":"type-product","3":"status-publish","4":"has-post-thumbnail","6":"book_author-lisa-feldman-barrett","7":"product_cat-neurociencia-psicologia","8":"entry"},"_links":{"self":[{"href":"https:\/\/tavapy.gov.py\/biblioteca\/wp-json\/wp\/v2\/product\/6783","targetHints":{"allow":["GET"]}}],"collection":[{"href":"https:\/\/tavapy.gov.py\/biblioteca\/wp-json\/wp\/v2\/product"}],"about":[{"href":"https:\/\/tavapy.gov.py\/biblioteca\/wp-json\/wp\/v2\/types\/product"}],"replies":[{"embeddable":true,"href":"https:\/\/tavapy.gov.py\/biblioteca\/wp-json\/wp\/v2\/comments?post=6783"}],"wp:featuredmedia":[{"embeddable":true,"href":"https:\/\/tavapy.gov.py\/biblioteca\/wp-json\/wp\/v2\/media\/6749"}],"wp:attachment":[{"href":"https:\/\/tavapy.gov.py\/biblioteca\/wp-json\/wp\/v2\/media?parent=6783"}],"wp:term":[{"taxonomy":"product_cat","embeddable":true,"href":"https:\/\/tavapy.gov.py\/biblioteca\/wp-json\/wp\/v2\/product_cat?post=6783"},{"taxonomy":"product_tag","embeddable":true,"href":"https:\/\/tavapy.gov.py\/biblioteca\/wp-json\/wp\/v2\/product_tag?post=6783"}],"curies":[{"name":"wp","href":"https:\/\/api.w.org\/{rel}","templated":true}]}}