{"id":6787,"date":"2023-02-09T00:34:25","date_gmt":"2023-02-09T00:34:25","guid":{"rendered":"https:\/\/tavapy.gov.py\/biblioteca\/?post_type=product&#038;p=6787"},"modified":"2023-02-13T22:35:22","modified_gmt":"2023-02-13T22:35:22","slug":"desayuno-con-particulas","status":"publish","type":"product","link":"https:\/\/tavapy.gov.py\/biblioteca\/product\/desayuno-con-particulas\/","title":{"rendered":"DESAYUNO CON PART\u00cdCULAS."},"content":{"rendered":"","protected":false},"excerpt":{"rendered":"<p>Un excitante y revelador viaje al interior de la mente y a los or\u00edgenes de la vida a trav\u00e9s de la f\u00edsica cu\u00e1ntica. Tienes en las manos un ensayo sobre f\u00edsica cu\u00e1ntica.<\/p>\n<p>Un momento, por favor. \u00a1Espera! No permitas que esto te asuste y sueltes el libro de golpe.<\/p>\n<p>\u00bfAceptar\u00edas una invitaci\u00f3n a desayunar? Si decides aventurarte a navegar entre estas p\u00e1ginas, descubrir\u00e1s un universo tan maravilloso como desconcertante. La teor\u00eda cu\u00e1ntica es una de las m\u00e1s bellas y asombrosas de la ciencia. Las reglas que sigue son alocadas en comparaci\u00f3n con nuestro d\u00eda a d\u00eda. Son antiintuitivas. Al adentrarnos en el mundo cu\u00e1ntico se ponen en jaque nuestras creencias sobre la realidad, y tambi\u00e9n las de nuestra realidad cotidiana.<\/p>\n<p>Sonia Fern\u00e1ndez-Vidal, escritora y doctora en F\u00edsica Cu\u00e1ntica, y Francesc Miralles, escritor y periodista, nos invitan a un divertido desayuno al que tambi\u00e9n asistir\u00e1n Newton, Einstein, Heisenberg y otros c\u00e9lebres f\u00edsicos de la historia. Entre magdalenas, tostadas, caf\u00e9 con leche y zumos de naranja, emprenderemos un fascinante y revelador viaje a los or\u00edgenes del universo y aprenderemos para qu\u00e9 sirve un acelerador de part\u00edculas, qu\u00e9 es la part\u00edcula de Dios, c\u00f3mo las cosas pueden estar en dos sitios a la vez&#8230; e incluso trataremos de comprender los misterios de la existencia.<\/p>\n<p>La obra Desayuno con part\u00edculas de Sonia Fern\u00e1ndez \u2013 Vidal fue publicada en el 2.013.<\/p>\n<p><a href=\"https:\/\/tavapy.gov.py\/biblioteca\/wp-content\/uploads\/2023\/02\/Fernandez-Vidal-S-Desayuno-con-particulas.pdf\" target=\"_blank\" rel=\"attachment noopener wp-att-6761\"><img loading=\"lazy\" decoding=\"async\" class=\"size-full wp-image-6761 alignleft\" src=\"https:\/\/tavapy.gov.py\/biblioteca\/wp-content\/uploads\/2023\/02\/icono-PDF-copia-2-1.png\" alt=\"\" width=\"121\" height=\"140\" \/><\/a><\/p>\n","protected":false},"featured_media":6759,"comment_status":"open","ping_status":"closed","template":"","meta":{"spay_email":""},"product_cat":[885],"product_tag":[],"class_list":{"0":"post-6787","1":"product","2":"type-product","3":"status-publish","4":"has-post-thumbnail","6":"book_author-sonia-fernandez-vidal","7":"product_cat-divulgacion-cientifica-fisica-cuantica","8":"entry"},"_links":{"self":[{"href":"https:\/\/tavapy.gov.py\/biblioteca\/wp-json\/wp\/v2\/product\/6787","targetHints":{"allow":["GET"]}}],"collection":[{"href":"https:\/\/tavapy.gov.py\/biblioteca\/wp-json\/wp\/v2\/product"}],"about":[{"href":"https:\/\/tavapy.gov.py\/biblioteca\/wp-json\/wp\/v2\/types\/product"}],"replies":[{"embeddable":true,"href":"https:\/\/tavapy.gov.py\/biblioteca\/wp-json\/wp\/v2\/comments?post=6787"}],"wp:featuredmedia":[{"embeddable":true,"href":"https:\/\/tavapy.gov.py\/biblioteca\/wp-json\/wp\/v2\/media\/6759"}],"wp:attachment":[{"href":"https:\/\/tavapy.gov.py\/biblioteca\/wp-json\/wp\/v2\/media?parent=6787"}],"wp:term":[{"taxonomy":"product_cat","embeddable":true,"href":"https:\/\/tavapy.gov.py\/biblioteca\/wp-json\/wp\/v2\/product_cat?post=6787"},{"taxonomy":"product_tag","embeddable":true,"href":"https:\/\/tavapy.gov.py\/biblioteca\/wp-json\/wp\/v2\/product_tag?post=6787"}],"curies":[{"name":"wp","href":"https:\/\/api.w.org\/{rel}","templated":true}]}}