{"id":6867,"date":"2023-02-09T16:18:34","date_gmt":"2023-02-09T16:18:34","guid":{"rendered":"https:\/\/tavapy.gov.py\/biblioteca\/?post_type=product&#038;p=6867"},"modified":"2023-02-09T16:18:34","modified_gmt":"2023-02-09T16:18:34","slug":"mapas-emocionales-como-llegamos-a-sentir-lo-que-sentimos","status":"publish","type":"product","link":"https:\/\/tavapy.gov.py\/biblioteca\/product\/mapas-emocionales-como-llegamos-a-sentir-lo-que-sentimos\/","title":{"rendered":"MAPAS EMOCIONALES: C\u00d3MO LLEGAMOS A SENTIR LO QUE SENTIMOS."},"content":{"rendered":"","protected":false},"excerpt":{"rendered":"<p>\u00bfC\u00f3mo est\u00e1 constituida tu personalidad? \u00bfQu\u00e9 componentes concretos dan lugar a tu autoestima?<\/p>\n<p>\u00bfC\u00f3mo es el paso-a-paso del enojo? \u00bfLa felicidad exige que m\u00faltiples mecanismos emocionales sesatisfagan en simult\u00e1neo? \u00bfPor qu\u00e9 se detona tu ansiedad? \u00bfPara qu\u00e9 competimos? \u00bfLa venganza es un rasgo humano tan universal como la amistad?<\/p>\n<p>Las emociones encierran procesos y componentes que no podemos tocar ni observar a simple vista, pero sobre los que s\u00ed podemos actuar. Por debajo de nuestras decisiones y motivaciones cotidianas, funcionan mecanismos emocionales que explican pr\u00e1cticamente todos nuestros sentimientos y que aqu\u00ed se descubren de forma exquisita.<\/p>\n<p>Este libro publicado en el 2.018 revoluciona nuestro entendimiento sobre c\u00f3mo funcionan las emociones. Es el resultado de un trabajo de a\u00f1os de investigaci\u00f3n que Federico Fros Campelo consigue explicar de manera sencilla y pr\u00e1ctica.<\/p>\n<p>Mapas emocionales te brinda recursos para que manejes tus emociones, fundamentados muy s\u00f3lidamente con los \u00faltimos descubrimientos en neurociencias.<\/p>\n<p><a href=\"https:\/\/tavapy.gov.py\/biblioteca\/wp-content\/uploads\/2023\/02\/Fros-CampeloF-Mapas-emocionales.-Como-llegamos-a-sentir-lo-que-sentimos.pdf\" target=\"_blank\" rel=\"attachment noopener wp-att-6761\"><img loading=\"lazy\" decoding=\"async\" class=\"size-full wp-image-6761 alignleft\" src=\"https:\/\/tavapy.gov.py\/biblioteca\/wp-content\/uploads\/2023\/02\/icono-PDF-copia-2-1.png\" alt=\"\" width=\"121\" height=\"140\" \/><\/a><\/p>\n","protected":false},"featured_media":6791,"comment_status":"open","ping_status":"closed","template":"","meta":{"spay_email":""},"product_cat":[361],"product_tag":[],"class_list":{"0":"post-6867","1":"product","2":"type-product","3":"status-publish","4":"has-post-thumbnail","6":"book_author-federico-fros-campelo","7":"product_cat-neurociencia-psicologia","8":"entry"},"_links":{"self":[{"href":"https:\/\/tavapy.gov.py\/biblioteca\/wp-json\/wp\/v2\/product\/6867","targetHints":{"allow":["GET"]}}],"collection":[{"href":"https:\/\/tavapy.gov.py\/biblioteca\/wp-json\/wp\/v2\/product"}],"about":[{"href":"https:\/\/tavapy.gov.py\/biblioteca\/wp-json\/wp\/v2\/types\/product"}],"replies":[{"embeddable":true,"href":"https:\/\/tavapy.gov.py\/biblioteca\/wp-json\/wp\/v2\/comments?post=6867"}],"wp:featuredmedia":[{"embeddable":true,"href":"https:\/\/tavapy.gov.py\/biblioteca\/wp-json\/wp\/v2\/media\/6791"}],"wp:attachment":[{"href":"https:\/\/tavapy.gov.py\/biblioteca\/wp-json\/wp\/v2\/media?parent=6867"}],"wp:term":[{"taxonomy":"product_cat","embeddable":true,"href":"https:\/\/tavapy.gov.py\/biblioteca\/wp-json\/wp\/v2\/product_cat?post=6867"},{"taxonomy":"product_tag","embeddable":true,"href":"https:\/\/tavapy.gov.py\/biblioteca\/wp-json\/wp\/v2\/product_tag?post=6867"}],"curies":[{"name":"wp","href":"https:\/\/api.w.org\/{rel}","templated":true}]}}