{"id":6869,"date":"2023-02-09T23:09:34","date_gmt":"2023-02-09T23:09:34","guid":{"rendered":"https:\/\/tavapy.gov.py\/biblioteca\/?post_type=product&#038;p=6869"},"modified":"2023-02-09T23:09:35","modified_gmt":"2023-02-09T23:09:35","slug":"el-seguimiento-de-cristo","status":"publish","type":"product","link":"https:\/\/tavapy.gov.py\/biblioteca\/product\/el-seguimiento-de-cristo\/","title":{"rendered":"EL SEGUIMIENTO DE CRISTO."},"content":{"rendered":"","protected":false},"excerpt":{"rendered":"<p>Este libro publicado en el 1.978 recoge una serie de conferencias dadas por Segundo Galilea y que est\u00e1n recopiladas bajo un tema central: el seguimiento de Jes\u00fas.<\/p>\n<p>Nos parece que esta noci\u00f3n nos lleva a la ra\u00edz del cristianismo, y deber\u00eda estar en la base de los movimientos de<\/p>\n<p>renovaci\u00f3n espiritual. Encontrar a Jesucristo desde el fondo de la desconcertante realidad que nos rodea, seguirlo por el camino del Evangelio hasta la contemplaci\u00f3n del Padre, m\u00e1s all\u00e1 de todas las realidades, son el desaf\u00edo a la fe de nuestra generaci\u00f3n.<\/p>\n<p>Nos devuelve la exigente simplicidad de la identidad cristiana. Nos ense\u00f1a que ser disc\u00edpulo de Jes\u00fas es seguirlo, y que en eso consiste la vida cristiana. Jes\u00fas exigi\u00f3 fundamentalmente el seguimiento, y todo nuestro cristianismo se construye sobre nuestra respuesta a esta llamada.<\/p>\n<p><a href=\"https:\/\/tavapy.gov.py\/biblioteca\/wp-content\/uploads\/2023\/02\/GalileaS-El-seguimiento-de-Cristo.pdf\" target=\"_blank\" rel=\"attachment noopener wp-att-6761\"><img loading=\"lazy\" decoding=\"async\" class=\"size-full wp-image-6761 alignleft\" src=\"https:\/\/tavapy.gov.py\/biblioteca\/wp-content\/uploads\/2023\/02\/icono-PDF-copia-2-1.png\" alt=\"\" width=\"121\" height=\"140\" \/><\/a><\/p>\n","protected":false},"featured_media":6796,"comment_status":"open","ping_status":"closed","template":"","meta":{"spay_email":""},"product_cat":[890],"product_tag":[],"class_list":{"0":"post-6869","1":"product","2":"type-product","3":"status-publish","4":"has-post-thumbnail","6":"book_author-segundo-galilea","7":"product_cat-literatura-cristiana-cristologia-teologia","8":"entry"},"_links":{"self":[{"href":"https:\/\/tavapy.gov.py\/biblioteca\/wp-json\/wp\/v2\/product\/6869","targetHints":{"allow":["GET"]}}],"collection":[{"href":"https:\/\/tavapy.gov.py\/biblioteca\/wp-json\/wp\/v2\/product"}],"about":[{"href":"https:\/\/tavapy.gov.py\/biblioteca\/wp-json\/wp\/v2\/types\/product"}],"replies":[{"embeddable":true,"href":"https:\/\/tavapy.gov.py\/biblioteca\/wp-json\/wp\/v2\/comments?post=6869"}],"wp:featuredmedia":[{"embeddable":true,"href":"https:\/\/tavapy.gov.py\/biblioteca\/wp-json\/wp\/v2\/media\/6796"}],"wp:attachment":[{"href":"https:\/\/tavapy.gov.py\/biblioteca\/wp-json\/wp\/v2\/media?parent=6869"}],"wp:term":[{"taxonomy":"product_cat","embeddable":true,"href":"https:\/\/tavapy.gov.py\/biblioteca\/wp-json\/wp\/v2\/product_cat?post=6869"},{"taxonomy":"product_tag","embeddable":true,"href":"https:\/\/tavapy.gov.py\/biblioteca\/wp-json\/wp\/v2\/product_tag?post=6869"}],"curies":[{"name":"wp","href":"https:\/\/api.w.org\/{rel}","templated":true}]}}