{"id":6870,"date":"2023-02-09T23:15:36","date_gmt":"2023-02-09T23:15:36","guid":{"rendered":"https:\/\/tavapy.gov.py\/biblioteca\/?post_type=product&#038;p=6870"},"modified":"2023-02-09T23:15:36","modified_gmt":"2023-02-09T23:15:36","slug":"a-traves-de-mi-ventana","status":"publish","type":"product","link":"https:\/\/tavapy.gov.py\/biblioteca\/product\/a-traves-de-mi-ventana\/","title":{"rendered":"A TRAV\u00c9S DE MI VENTANA."},"content":{"rendered":"","protected":false},"excerpt":{"rendered":"<p>Raquel lleva toda la vida loca por Ares, su atractivo y misterioso vecino. Lo observa sin ser vista desde su ventana y es que, muy a su pesar, no han intercambiado ni una triste palabra. Lo que Raquel no sabe es que eso est\u00e1 a punto de cambiar&#8230;<\/p>\n<p>Ares comenzar\u00e1 a cruzarse en su camino hasta en los lugares m\u00e1s inesperados y descubrir\u00e1 que, en realidad, Raquel no es la ni\u00f1a inocente que cre\u00eda.<\/p>\n<p>Ahora, Raquel tiene muy claro su objetivo: conseguir que Ares se enamore de ella. Por supuesto, no est\u00e1 dispuesta a perderlo todo por el camino, y mucho menos a s\u00ed misma&#8230;<\/p>\n<p>La obra A trav\u00e9s de mi venta de Ariana Godoy fue publicada en el 2.019.<\/p>\n<p><a href=\"https:\/\/tavapy.gov.py\/biblioteca\/wp-content\/uploads\/2023\/02\/GodoyA-A-traves-de-mi-ventana.pdf\" target=\"_blank\" rel=\"attachment noopener wp-att-6761\"><img loading=\"lazy\" decoding=\"async\" class=\"size-full wp-image-6761 alignleft\" src=\"https:\/\/tavapy.gov.py\/biblioteca\/wp-content\/uploads\/2023\/02\/icono-PDF-copia-2-1.png\" alt=\"\" width=\"121\" height=\"140\" \/><\/a><\/p>\n","protected":false},"featured_media":6798,"comment_status":"open","ping_status":"closed","template":"","meta":{"spay_email":""},"product_cat":[783],"product_tag":[],"class_list":{"0":"post-6870","1":"product","2":"type-product","3":"status-publish","4":"has-post-thumbnail","6":"book_author-ariana-godoy","7":"product_cat-novela-romantica","8":"entry"},"_links":{"self":[{"href":"https:\/\/tavapy.gov.py\/biblioteca\/wp-json\/wp\/v2\/product\/6870","targetHints":{"allow":["GET"]}}],"collection":[{"href":"https:\/\/tavapy.gov.py\/biblioteca\/wp-json\/wp\/v2\/product"}],"about":[{"href":"https:\/\/tavapy.gov.py\/biblioteca\/wp-json\/wp\/v2\/types\/product"}],"replies":[{"embeddable":true,"href":"https:\/\/tavapy.gov.py\/biblioteca\/wp-json\/wp\/v2\/comments?post=6870"}],"wp:featuredmedia":[{"embeddable":true,"href":"https:\/\/tavapy.gov.py\/biblioteca\/wp-json\/wp\/v2\/media\/6798"}],"wp:attachment":[{"href":"https:\/\/tavapy.gov.py\/biblioteca\/wp-json\/wp\/v2\/media?parent=6870"}],"wp:term":[{"taxonomy":"product_cat","embeddable":true,"href":"https:\/\/tavapy.gov.py\/biblioteca\/wp-json\/wp\/v2\/product_cat?post=6870"},{"taxonomy":"product_tag","embeddable":true,"href":"https:\/\/tavapy.gov.py\/biblioteca\/wp-json\/wp\/v2\/product_tag?post=6870"}],"curies":[{"name":"wp","href":"https:\/\/api.w.org\/{rel}","templated":true}]}}