{"id":6871,"date":"2023-02-09T23:23:11","date_gmt":"2023-02-09T23:23:11","guid":{"rendered":"https:\/\/tavapy.gov.py\/biblioteca\/?post_type=product&#038;p=6871"},"modified":"2023-02-09T23:23:11","modified_gmt":"2023-02-09T23:23:11","slug":"como-superar-el-fracaso-y-obtener-el-exito","status":"publish","type":"product","link":"https:\/\/tavapy.gov.py\/biblioteca\/product\/como-superar-el-fracaso-y-obtener-el-exito\/","title":{"rendered":"C\u00d3MO SUPERAR EL FRACASO Y OBTENER EL \u00c9XITO."},"content":{"rendered":"","protected":false},"excerpt":{"rendered":"<p>Este es un libro que te mostrar\u00e1 los secretos de las personas exitosas, no ha sido producto del azar, sino de 25 a\u00f1os de investigaci\u00f3n y an\u00e1lisis de los hombres m\u00e1s exitosos. Aqu\u00ed se dan las claves para reponerse del fracaso y alcanzar el \u00e9xito.<\/p>\n<p>El libro C\u00f3mo superar el fracaso y obtener el \u00e9xito fue publicado en 1.960.<\/p>\n<p><a href=\"https:\/\/tavapy.gov.py\/biblioteca\/wp-content\/uploads\/2023\/02\/HillN-Como-superar-el-fracaso.pdf\" target=\"_blank\" rel=\"attachment noopener wp-att-6761\"><img loading=\"lazy\" decoding=\"async\" class=\"size-full wp-image-6761 alignleft\" src=\"https:\/\/tavapy.gov.py\/biblioteca\/wp-content\/uploads\/2023\/02\/icono-PDF-copia-2-1.png\" alt=\"\" width=\"121\" height=\"140\" \/><\/a><\/p>\n","protected":false},"featured_media":6801,"comment_status":"open","ping_status":"closed","template":"","meta":{"spay_email":""},"product_cat":[205],"product_tag":[],"class_list":{"0":"post-6871","1":"product","2":"type-product","3":"status-publish","4":"has-post-thumbnail","6":"book_author-napoleon-hill","7":"product_cat-autoayuda-desarrollo-humano","8":"entry"},"_links":{"self":[{"href":"https:\/\/tavapy.gov.py\/biblioteca\/wp-json\/wp\/v2\/product\/6871","targetHints":{"allow":["GET"]}}],"collection":[{"href":"https:\/\/tavapy.gov.py\/biblioteca\/wp-json\/wp\/v2\/product"}],"about":[{"href":"https:\/\/tavapy.gov.py\/biblioteca\/wp-json\/wp\/v2\/types\/product"}],"replies":[{"embeddable":true,"href":"https:\/\/tavapy.gov.py\/biblioteca\/wp-json\/wp\/v2\/comments?post=6871"}],"wp:featuredmedia":[{"embeddable":true,"href":"https:\/\/tavapy.gov.py\/biblioteca\/wp-json\/wp\/v2\/media\/6801"}],"wp:attachment":[{"href":"https:\/\/tavapy.gov.py\/biblioteca\/wp-json\/wp\/v2\/media?parent=6871"}],"wp:term":[{"taxonomy":"product_cat","embeddable":true,"href":"https:\/\/tavapy.gov.py\/biblioteca\/wp-json\/wp\/v2\/product_cat?post=6871"},{"taxonomy":"product_tag","embeddable":true,"href":"https:\/\/tavapy.gov.py\/biblioteca\/wp-json\/wp\/v2\/product_tag?post=6871"}],"curies":[{"name":"wp","href":"https:\/\/api.w.org\/{rel}","templated":true}]}}