{"id":6872,"date":"2023-02-09T23:28:35","date_gmt":"2023-02-09T23:28:35","guid":{"rendered":"https:\/\/tavapy.gov.py\/biblioteca\/?post_type=product&#038;p=6872"},"modified":"2024-07-16T14:14:26","modified_gmt":"2024-07-16T14:14:26","slug":"la-actitud-mental-positiva","status":"publish","type":"product","link":"https:\/\/tavapy.gov.py\/biblioteca\/product\/la-actitud-mental-positiva\/","title":{"rendered":"LA ACTITUD MENTAL POSITIVA."},"content":{"rendered":"","protected":false},"excerpt":{"rendered":"<p>Inicia ahora tu camino hacia el \u00e9xito en tu vida familiar y profesional<\/p>\n<p>Los poderes de la mente son infinitos. Una vez comprendidos, pueden llegar a suponer grandes cambios en tu vida. En esta cl\u00e1sica obra de W. Clement Stone y Napoleon Hill, uno de los autores de autoayuda m\u00e1s importantes de todos los tiempos, descubrir\u00e1s un sorprendente plan basado en una idea genial: que puedes alcanzar todo lo que tu mente puede concebir.<\/p>\n<p>El m\u00e9todo de Stone y Hill te indicar\u00e1 c\u00f3mo deshacerte de tus \u00abtelara\u00f1as\u00bb mentales, pensar con claridad y explorar a fondo el subconsciente, aprendiendo c\u00f3mo fijarte un objetivo y alcanzarlo mediante la reflexi\u00f3n persistente y una acci\u00f3n positiva.<\/p>\n<p>Aprov\u00e9chate del programa que ha llevado al \u00e9xito a generaciones de personas que han buscado &#8211;y encontrado&#8211; una mejor manera de vivir, y aprende su secreto: con una actitud positiva, no hay meta que no puedas lograr.<\/p>\n<p>La obra Actitud mental positiva de Napole\u00f3n Hill y de W. Clement Stone fue publicada en 1.959.<\/p>\n<p><a href=\"https:\/\/tavapy.gov.py\/biblioteca\/wp-content\/uploads\/2023\/02\/HillN-La-Actitud-Mental-Positiva-Un-Camino-Hacia-el-Exito.pdf\" target=\"_blank\" rel=\"attachment noopener wp-att-6761\"><img loading=\"lazy\" decoding=\"async\" class=\"size-full wp-image-6761 alignleft\" src=\"https:\/\/tavapy.gov.py\/biblioteca\/wp-content\/uploads\/2023\/02\/icono-PDF-copia-2-1.png\" alt=\"\" width=\"121\" height=\"140\" \/><\/a><\/p>\n","protected":false},"featured_media":6804,"comment_status":"open","ping_status":"closed","template":"","meta":{"spay_email":""},"product_cat":[205],"product_tag":[],"class_list":{"0":"post-6872","1":"product","2":"type-product","3":"status-publish","4":"has-post-thumbnail","6":"book_author-napoleon-hill","7":"product_cat-autoayuda-desarrollo-humano","8":"entry"},"_links":{"self":[{"href":"https:\/\/tavapy.gov.py\/biblioteca\/wp-json\/wp\/v2\/product\/6872","targetHints":{"allow":["GET"]}}],"collection":[{"href":"https:\/\/tavapy.gov.py\/biblioteca\/wp-json\/wp\/v2\/product"}],"about":[{"href":"https:\/\/tavapy.gov.py\/biblioteca\/wp-json\/wp\/v2\/types\/product"}],"replies":[{"embeddable":true,"href":"https:\/\/tavapy.gov.py\/biblioteca\/wp-json\/wp\/v2\/comments?post=6872"}],"wp:featuredmedia":[{"embeddable":true,"href":"https:\/\/tavapy.gov.py\/biblioteca\/wp-json\/wp\/v2\/media\/6804"}],"wp:attachment":[{"href":"https:\/\/tavapy.gov.py\/biblioteca\/wp-json\/wp\/v2\/media?parent=6872"}],"wp:term":[{"taxonomy":"product_cat","embeddable":true,"href":"https:\/\/tavapy.gov.py\/biblioteca\/wp-json\/wp\/v2\/product_cat?post=6872"},{"taxonomy":"product_tag","embeddable":true,"href":"https:\/\/tavapy.gov.py\/biblioteca\/wp-json\/wp\/v2\/product_tag?post=6872"}],"curies":[{"name":"wp","href":"https:\/\/api.w.org\/{rel}","templated":true}]}}