{"id":6874,"date":"2023-02-09T23:40:25","date_gmt":"2023-02-09T23:40:25","guid":{"rendered":"https:\/\/tavapy.gov.py\/biblioteca\/?post_type=product&#038;p=6874"},"modified":"2023-02-09T23:40:26","modified_gmt":"2023-02-09T23:40:26","slug":"aprende-a-resolver-lo-que-te-hace-sufrir","status":"publish","type":"product","link":"https:\/\/tavapy.gov.py\/biblioteca\/product\/aprende-a-resolver-lo-que-te-hace-sufrir\/","title":{"rendered":"APRENDE A RESOLVER LO QUE TE HACE SUFRIR."},"content":{"rendered":"","protected":false},"excerpt":{"rendered":"<p>No hay que entrenar la mente, sino aprender a ponerla en orden.<\/p>\n<p>No hay que entrenar la mente, sino aprender a ponerla en orden. La mayor\u00eda de las personas viven con inseguridad, ocultan sus defectos, tienen pensamientos desagradables que no querr\u00edan tener, no creen posible acabar con sus emociones negativas porque no saben que todos podemos aprender a resolver los conflictos que nos hacen sufrir.<\/p>\n<p>Con este libro de instrucciones que los autores nos brindan para poder llevar a cabo dicha tarea y publicada en el 2.019, aprender\u00e1s cu\u00e1les son las estrategias que funcionan y las actitudes equivocadas que perjudican nuestra mente; c\u00f3mo llegar a la causa de los problemas y as\u00ed corregir los errores que nos impiden ser felices.<\/p>\n<p><a href=\"https:\/\/tavapy.gov.py\/biblioteca\/wp-content\/uploads\/2023\/02\/IbanezM-Aprende-a-resolver-lo-que-te-hace-sufrir.pdf\" target=\"_blank\" rel=\"attachment noopener wp-att-6761\"><img loading=\"lazy\" decoding=\"async\" class=\"size-full wp-image-6761 alignleft\" src=\"https:\/\/tavapy.gov.py\/biblioteca\/wp-content\/uploads\/2023\/02\/icono-PDF-copia-2-1.png\" alt=\"\" width=\"121\" height=\"140\" \/><\/a><\/p>\n","protected":false},"featured_media":6807,"comment_status":"open","ping_status":"closed","template":"","meta":{"spay_email":""},"product_cat":[631],"product_tag":[],"class_list":{"0":"post-6874","1":"product","2":"type-product","3":"status-publish","4":"has-post-thumbnail","6":"book_author-jesus-jimenez-cascallana","7":"product_cat-autoayuda-psicologia","8":"entry"},"_links":{"self":[{"href":"https:\/\/tavapy.gov.py\/biblioteca\/wp-json\/wp\/v2\/product\/6874","targetHints":{"allow":["GET"]}}],"collection":[{"href":"https:\/\/tavapy.gov.py\/biblioteca\/wp-json\/wp\/v2\/product"}],"about":[{"href":"https:\/\/tavapy.gov.py\/biblioteca\/wp-json\/wp\/v2\/types\/product"}],"replies":[{"embeddable":true,"href":"https:\/\/tavapy.gov.py\/biblioteca\/wp-json\/wp\/v2\/comments?post=6874"}],"wp:featuredmedia":[{"embeddable":true,"href":"https:\/\/tavapy.gov.py\/biblioteca\/wp-json\/wp\/v2\/media\/6807"}],"wp:attachment":[{"href":"https:\/\/tavapy.gov.py\/biblioteca\/wp-json\/wp\/v2\/media?parent=6874"}],"wp:term":[{"taxonomy":"product_cat","embeddable":true,"href":"https:\/\/tavapy.gov.py\/biblioteca\/wp-json\/wp\/v2\/product_cat?post=6874"},{"taxonomy":"product_tag","embeddable":true,"href":"https:\/\/tavapy.gov.py\/biblioteca\/wp-json\/wp\/v2\/product_tag?post=6874"}],"curies":[{"name":"wp","href":"https:\/\/api.w.org\/{rel}","templated":true}]}}