{"id":6875,"date":"2023-02-09T23:51:28","date_gmt":"2023-02-09T23:51:28","guid":{"rendered":"https:\/\/tavapy.gov.py\/biblioteca\/?post_type=product&#038;p=6875"},"modified":"2023-02-09T23:51:29","modified_gmt":"2023-02-09T23:51:29","slug":"metodo-racional-para-obtener-el-dominio-de-si-mismo","status":"publish","type":"product","link":"https:\/\/tavapy.gov.py\/biblioteca\/product\/metodo-racional-para-obtener-el-dominio-de-si-mismo\/","title":{"rendered":"M\u00c9TODO RACIONAL PARA OBTENER EL DOMINIO DE S\u00cd MISMO."},"content":{"rendered":"","protected":false},"excerpt":{"rendered":"<p>Tanto en \u00e9l peque\u00f1o detalle de los actos cotidianos como en las horas decisivas, \u00e9l dominio de s\u00ed mismo es de una capital importancia. Saber emprender la tarea a la hora prefijada; acometer resueltamente aquello que uno se siente inclinado a eludir; saber reprimir una palabra o un gesto desagradables.<\/p>\n<p>Esta facultad no se improvisa, sino que, por \u00e9l contrario, se adquiere mediante la pr\u00e1ctica de una serie coordenada de indicaciones o preceptos, que el lector hallar\u00e1 detallados en este libro, especialmente destinado a todas aquellas personas que aspiran a poder ejercer un imperio absoluto sobre s\u00ed mismas.<\/p>\n<p>El ser m\u00e1s deficientemente dotado por la naturaleza, si se esfuerza en gobernar de un modo deliberado los diversos factores de su individualidad, puede desarrollar ampliamente sus aptitudes, fortificar su constituci\u00f3n, colmar las lagunas de su instrucci\u00f3n, adquirir el h\u00e1bito y la competencia que aseguran el triunfo social y profesional y tener la certeza de que sus prop\u00f3sitos se ver\u00e1n realineados.<\/p>\n<p>La obra M\u00e9todo racional para obtener el dominio de s\u00ed mismo de Paul Jagot fue publicada en 1.973.<\/p>\n<p><a href=\"https:\/\/tavapy.gov.py\/biblioteca\/wp-content\/uploads\/2023\/02\/JagotP-El-dominio-de-si-mismo.pdf\" target=\"_blank\" rel=\"attachment noopener wp-att-6761\"><img loading=\"lazy\" decoding=\"async\" class=\"size-full wp-image-6761 alignleft\" src=\"https:\/\/tavapy.gov.py\/biblioteca\/wp-content\/uploads\/2023\/02\/icono-PDF-copia-2-1.png\" alt=\"\" width=\"121\" height=\"140\" \/><\/a><\/p>\n","protected":false},"featured_media":6810,"comment_status":"open","ping_status":"closed","template":"","meta":{"spay_email":""},"product_cat":[631],"product_tag":[],"class_list":{"0":"post-6875","1":"product","2":"type-product","3":"status-publish","4":"has-post-thumbnail","6":"book_author-paul-jagot","7":"product_cat-autoayuda-psicologia","8":"entry"},"_links":{"self":[{"href":"https:\/\/tavapy.gov.py\/biblioteca\/wp-json\/wp\/v2\/product\/6875","targetHints":{"allow":["GET"]}}],"collection":[{"href":"https:\/\/tavapy.gov.py\/biblioteca\/wp-json\/wp\/v2\/product"}],"about":[{"href":"https:\/\/tavapy.gov.py\/biblioteca\/wp-json\/wp\/v2\/types\/product"}],"replies":[{"embeddable":true,"href":"https:\/\/tavapy.gov.py\/biblioteca\/wp-json\/wp\/v2\/comments?post=6875"}],"wp:featuredmedia":[{"embeddable":true,"href":"https:\/\/tavapy.gov.py\/biblioteca\/wp-json\/wp\/v2\/media\/6810"}],"wp:attachment":[{"href":"https:\/\/tavapy.gov.py\/biblioteca\/wp-json\/wp\/v2\/media?parent=6875"}],"wp:term":[{"taxonomy":"product_cat","embeddable":true,"href":"https:\/\/tavapy.gov.py\/biblioteca\/wp-json\/wp\/v2\/product_cat?post=6875"},{"taxonomy":"product_tag","embeddable":true,"href":"https:\/\/tavapy.gov.py\/biblioteca\/wp-json\/wp\/v2\/product_tag?post=6875"}],"curies":[{"name":"wp","href":"https:\/\/api.w.org\/{rel}","templated":true}]}}