{"id":6876,"date":"2023-02-10T00:01:51","date_gmt":"2023-02-10T00:01:51","guid":{"rendered":"https:\/\/tavapy.gov.py\/biblioteca\/?post_type=product&#038;p=6876"},"modified":"2023-02-10T00:01:51","modified_gmt":"2023-02-10T00:01:51","slug":"cincuenta-sombras-mas-oscuras","status":"publish","type":"product","link":"https:\/\/tavapy.gov.py\/biblioteca\/product\/cincuenta-sombras-mas-oscuras\/","title":{"rendered":"CINCUENTA SOMBRAS M\u00c1S OSCURAS."},"content":{"rendered":"","protected":false},"excerpt":{"rendered":"<p>Cincuenta sombras m\u00e1s oscuras es una novela er\u00f3tica de la autora brit\u00e1nica E. L. James que se present\u00f3 en el 2012. Narrada en gran medida en Seattle, es la segunda entrega de una trilog\u00eda que describe la relaci\u00f3n entre una reci\u00e9n graduada de la universidad, Anastasia Steele, y un joven magnate de negocios, Christian Grey. Se destaca por sus escenas expl\u00edcitamente, con elementos de las pr\u00e1cticas que involucran: disciplina, dominaci\u00f3n, masoquismo.<\/p>\n<p>Una vez que Anastasia Steele deja el departamento de Christian Grey al no poder tolerar sus castigos y pensar que nunca m\u00e1s podr\u00e1n estar juntos se hunde en una depresi\u00f3n antes de presentarse en el trabajo unos d\u00edas despu\u00e9s. Christian sin embargo, decide que no puede dejarla ir y luego de enviarle unas flores va por ella al trabajo para hablar. Le explica que \u00e9l est\u00e1 dispuesto a dejar de lado el BDSM con tal de que ella regrese a su lado porque lo que ha sentido por ella no lo hab\u00eda sentido jam\u00e1s.<\/p>\n<p>Christian amo del control decide comprar la compa\u00f1\u00eda en la que trabaja Ana creando una discusi\u00f3n entre los dos. Una chica desconocida para Ana con aspecto similar a ella decide presentarse afuera de las oficinas y hace preguntas como: \u00ab\u00bfqu\u00e9 tienes t\u00fa que no tenga yo?\u00bb, sin embargo, Ana por no crear conflicto omite contarle esto a Christian.<\/p>\n<p>El cumplea\u00f1os de Christian se acerca y \u00e9l decide proponerle matrimonio inesperadamente a Ana durante una conversaci\u00f3n, ella le pide que lo haga al estilo -flores y corazones- y que adem\u00e1s la respuesta se la dar\u00e1 hasta haber tenido una pl\u00e1tica con el Dr. Flynn y cuando Christian regrese de un viaje de negocios. En el viaje de negocios, Charlie Tango es manipulado lo que causa que se derrib\u00e9 con Christian y su asistente Andrea en \u00e9l. Toda la familia Grey espera en el Escala noticias cuando de pronto Christian llega y Ana acepta ser su esposa.<\/p>\n<p>Organizan una fiesta de compromiso para dar el anuncio y en esta fiesta la Sra. Robinson tiene una discusi\u00f3n fuerte con Ana en la cual la madre de Christian escucha todo y se entera de lo que hizo esa mujer con su hijo a\u00f1os atr\u00e1s y a la vida que lo llev\u00f3. Christian aleja de la casa a Ana y la lleva al muelle con la excusa de que tiene que mostrarle algo, pero llegando ah\u00ed, el lugar est\u00e1 decorado de ensue\u00f1o, con flores y corazones y se arrodilla y le pide matrimonio.<\/p>\n<p><a href=\"https:\/\/tavapy.gov.py\/biblioteca\/wp-content\/uploads\/2023\/02\/JamesE-50-sombras-mas-oscuras.pdf\" target=\"_blank\" rel=\"attachment noopener wp-att-6761\"><img loading=\"lazy\" decoding=\"async\" class=\"size-full wp-image-6761 alignleft\" src=\"https:\/\/tavapy.gov.py\/biblioteca\/wp-content\/uploads\/2023\/02\/icono-PDF-copia-2-1.png\" alt=\"\" width=\"121\" height=\"140\" \/><\/a><\/p>\n","protected":false},"featured_media":6813,"comment_status":"open","ping_status":"closed","template":"","meta":{"spay_email":""},"product_cat":[896],"product_tag":[],"class_list":{"0":"post-6876","1":"product","2":"type-product","3":"status-publish","4":"has-post-thumbnail","6":"book_author-e-l-james","7":"product_cat-novela-romantica-y-erotica","8":"entry"},"_links":{"self":[{"href":"https:\/\/tavapy.gov.py\/biblioteca\/wp-json\/wp\/v2\/product\/6876","targetHints":{"allow":["GET"]}}],"collection":[{"href":"https:\/\/tavapy.gov.py\/biblioteca\/wp-json\/wp\/v2\/product"}],"about":[{"href":"https:\/\/tavapy.gov.py\/biblioteca\/wp-json\/wp\/v2\/types\/product"}],"replies":[{"embeddable":true,"href":"https:\/\/tavapy.gov.py\/biblioteca\/wp-json\/wp\/v2\/comments?post=6876"}],"wp:featuredmedia":[{"embeddable":true,"href":"https:\/\/tavapy.gov.py\/biblioteca\/wp-json\/wp\/v2\/media\/6813"}],"wp:attachment":[{"href":"https:\/\/tavapy.gov.py\/biblioteca\/wp-json\/wp\/v2\/media?parent=6876"}],"wp:term":[{"taxonomy":"product_cat","embeddable":true,"href":"https:\/\/tavapy.gov.py\/biblioteca\/wp-json\/wp\/v2\/product_cat?post=6876"},{"taxonomy":"product_tag","embeddable":true,"href":"https:\/\/tavapy.gov.py\/biblioteca\/wp-json\/wp\/v2\/product_tag?post=6876"}],"curies":[{"name":"wp","href":"https:\/\/api.w.org\/{rel}","templated":true}]}}