{"id":6879,"date":"2023-02-10T00:15:40","date_gmt":"2023-02-10T00:15:40","guid":{"rendered":"https:\/\/tavapy.gov.py\/biblioteca\/?post_type=product&#038;p=6879"},"modified":"2023-02-10T00:15:40","modified_gmt":"2023-02-10T00:15:40","slug":"liberado","status":"publish","type":"product","link":"https:\/\/tavapy.gov.py\/biblioteca\/product\/liberado\/","title":{"rendered":"LIBERADO."},"content":{"rendered":"","protected":false},"excerpt":{"rendered":"<p>Revive la sensualidad, el romance y el drama de Cincuenta sombras liberadas a trav\u00e9s de los pensamientos y sue\u00f1os de Christian Grey.<\/p>\n<p>Es un placer invitarte a la boda de la d\u00e9cada en la que Christian Grey tomar\u00e1 a Anastasia Steele por esposa. Pero, \u00bfest\u00e1 realmente hecho para el matrimonio? Su padre lo duda, su hermano quiere organizarle una inolvidable despedida de soltero y su novia no piensa prometerle obediencia&#8230;<\/p>\n<p>Adem\u00e1s, el matrimonio trae consigo nuevos desaf\u00edos. Aunque su pasi\u00f3n contin\u00faa m\u00e1s viva y ardiente que nunca, el esp\u00edritu rebelde de Ana sigue despertando los miedos m\u00e1s profundos de Christian y pone a prueba su obsesi\u00f3n por el control. Cuando, adem\u00e1s, antiguas rivalidades y resentimientos resurgen poni\u00e9ndolos a ambos en peligro, un malentendido amenaza con separarlos.<\/p>\n<p>\u00bfSer\u00e1 Christian capaz de superar las pesadillas de su infancia y los tormentos de su juventud? Y cuando descubra la verdad de sus or\u00edgenes, \u00bfsabr\u00e1 perdonar? \u00bfY podr\u00e1 entonces aceptar el amor incondicional de Ana?<\/p>\n<p>\u00bfLograr\u00e1 Christian por fin sentirse liberado?<\/p>\n<p>La obra Liberado de E. L. James fue publicada en el 2.021.<\/p>\n<p><a href=\"https:\/\/tavapy.gov.py\/biblioteca\/wp-content\/uploads\/2023\/02\/JamesE-Grey-Liberado.pdf\" target=\"_blank\" rel=\"attachment noopener wp-att-6761\"><img loading=\"lazy\" decoding=\"async\" class=\"size-full wp-image-6761 alignleft\" src=\"https:\/\/tavapy.gov.py\/biblioteca\/wp-content\/uploads\/2023\/02\/icono-PDF-copia-2-1.png\" alt=\"\" width=\"121\" height=\"140\" \/><\/a><\/p>\n","protected":false},"featured_media":6820,"comment_status":"open","ping_status":"closed","template":"","meta":{"spay_email":""},"product_cat":[896],"product_tag":[],"class_list":{"0":"post-6879","1":"product","2":"type-product","3":"status-publish","4":"has-post-thumbnail","6":"book_author-e-l-james","7":"product_cat-novela-romantica-y-erotica","8":"entry"},"_links":{"self":[{"href":"https:\/\/tavapy.gov.py\/biblioteca\/wp-json\/wp\/v2\/product\/6879","targetHints":{"allow":["GET"]}}],"collection":[{"href":"https:\/\/tavapy.gov.py\/biblioteca\/wp-json\/wp\/v2\/product"}],"about":[{"href":"https:\/\/tavapy.gov.py\/biblioteca\/wp-json\/wp\/v2\/types\/product"}],"replies":[{"embeddable":true,"href":"https:\/\/tavapy.gov.py\/biblioteca\/wp-json\/wp\/v2\/comments?post=6879"}],"wp:featuredmedia":[{"embeddable":true,"href":"https:\/\/tavapy.gov.py\/biblioteca\/wp-json\/wp\/v2\/media\/6820"}],"wp:attachment":[{"href":"https:\/\/tavapy.gov.py\/biblioteca\/wp-json\/wp\/v2\/media?parent=6879"}],"wp:term":[{"taxonomy":"product_cat","embeddable":true,"href":"https:\/\/tavapy.gov.py\/biblioteca\/wp-json\/wp\/v2\/product_cat?post=6879"},{"taxonomy":"product_tag","embeddable":true,"href":"https:\/\/tavapy.gov.py\/biblioteca\/wp-json\/wp\/v2\/product_tag?post=6879"}],"curies":[{"name":"wp","href":"https:\/\/api.w.org\/{rel}","templated":true}]}}