{"id":6880,"date":"2023-02-10T00:21:33","date_gmt":"2023-02-10T00:21:33","guid":{"rendered":"https:\/\/tavapy.gov.py\/biblioteca\/?post_type=product&#038;p=6880"},"modified":"2023-02-10T00:21:34","modified_gmt":"2023-02-10T00:21:34","slug":"que-te-detiene-por-que-las-personas-inteligentes-no-alcanzan-todo-su-potencial-y-que-pueden-hacer-para-lograrlo","status":"publish","type":"product","link":"https:\/\/tavapy.gov.py\/biblioteca\/product\/que-te-detiene-por-que-las-personas-inteligentes-no-alcanzan-todo-su-potencial-y-que-pueden-hacer-para-lograrlo\/","title":{"rendered":"\u00bfQU\u00c9 TE DETIENE? POR QU\u00c9 LAS PERSONAS INTELIGENTES NO ALCANZAN TODO SU POTENCIAL Y QU\u00c9 PUEDEN HACER PARA LOGRARLO."},"content":{"rendered":"","protected":false},"excerpt":{"rendered":"<p>Un inspirador texto que har\u00e1 que el lector se plantee cu\u00e1les son sus frenos internos que le impiden desarrollar todo su potencial. El autor argumenta que el gran freno de la mayor\u00eda de las personas es el miedo al fracaso.<\/p>\n<p>Miedo que no se puede eliminar pero que s\u00ed se puede gestionar para conseguir ser lo mejor que uno pueda ser.<\/p>\n<p>El libro Qu\u00e9 te detiene de Robert Kelsey fue publicada en el 2.011.<\/p>\n<p><a href=\"https:\/\/tavapy.gov.py\/biblioteca\/wp-content\/uploads\/2023\/02\/KelseyR-\u00bfQue-te-detiene..pdf\" target=\"_blank\" rel=\"attachment noopener wp-att-6761\"><img loading=\"lazy\" decoding=\"async\" class=\"size-full wp-image-6761 alignleft\" src=\"https:\/\/tavapy.gov.py\/biblioteca\/wp-content\/uploads\/2023\/02\/icono-PDF-copia-2-1.png\" alt=\"\" width=\"121\" height=\"140\" \/><\/a><\/p>\n","protected":false},"featured_media":6822,"comment_status":"open","ping_status":"closed","template":"","meta":{"spay_email":""},"product_cat":[205],"product_tag":[],"class_list":{"0":"post-6880","1":"product","2":"type-product","3":"status-publish","4":"has-post-thumbnail","6":"book_author-robert-kelsey","7":"product_cat-autoayuda-desarrollo-humano","8":"entry"},"_links":{"self":[{"href":"https:\/\/tavapy.gov.py\/biblioteca\/wp-json\/wp\/v2\/product\/6880","targetHints":{"allow":["GET"]}}],"collection":[{"href":"https:\/\/tavapy.gov.py\/biblioteca\/wp-json\/wp\/v2\/product"}],"about":[{"href":"https:\/\/tavapy.gov.py\/biblioteca\/wp-json\/wp\/v2\/types\/product"}],"replies":[{"embeddable":true,"href":"https:\/\/tavapy.gov.py\/biblioteca\/wp-json\/wp\/v2\/comments?post=6880"}],"wp:featuredmedia":[{"embeddable":true,"href":"https:\/\/tavapy.gov.py\/biblioteca\/wp-json\/wp\/v2\/media\/6822"}],"wp:attachment":[{"href":"https:\/\/tavapy.gov.py\/biblioteca\/wp-json\/wp\/v2\/media?parent=6880"}],"wp:term":[{"taxonomy":"product_cat","embeddable":true,"href":"https:\/\/tavapy.gov.py\/biblioteca\/wp-json\/wp\/v2\/product_cat?post=6880"},{"taxonomy":"product_tag","embeddable":true,"href":"https:\/\/tavapy.gov.py\/biblioteca\/wp-json\/wp\/v2\/product_tag?post=6880"}],"curies":[{"name":"wp","href":"https:\/\/api.w.org\/{rel}","templated":true}]}}