{"id":6881,"date":"2023-02-10T00:31:14","date_gmt":"2023-02-10T00:31:14","guid":{"rendered":"https:\/\/tavapy.gov.py\/biblioteca\/?post_type=product&#038;p=6881"},"modified":"2023-02-10T00:31:14","modified_gmt":"2023-02-10T00:31:14","slug":"el-principio-80-20-el-secreto-de-lograr-mas-con-menos","status":"publish","type":"product","link":"https:\/\/tavapy.gov.py\/biblioteca\/product\/el-principio-80-20-el-secreto-de-lograr-mas-con-menos\/","title":{"rendered":"EL PRINCIPIO 80\/20: EL SECRETO DE LOGRAR M\u00c1S CON MENOS."},"content":{"rendered":"","protected":false},"excerpt":{"rendered":"<p>El principio del 80\/20 publicado en 1.997 se ha convertido en un cl\u00e1sico del mundo de la empresa y en un \u00e9xito de ventas en todo el mundo. Koch explica c\u00f3mo el principio del 80\/20 permite lograr mucho m\u00e1s invirtiendo mucho menos esfuerzo, tiempo y recursos; tan s\u00f3lo hay que concentrarse en ese 20 por ciento fundamental y, por lo tanto, controlar lo que sucede, en lugar de dejar que lo que sucede nos controle a nosotros, y multiplicar los resultados varias veces.<\/p>\n<p>El principio del 80\/20 ofrece dos atractivos pr\u00e1cticamente opuestos. Por un lado, se trata de una observaci\u00f3n estad\u00edstica, de un patr\u00f3n probado, s\u00f3lido, cuantitativo y fiable. Atrae a quienes desean conseguir m\u00e1s en la vida, a quienes desean adelantarse a la multitud, a quienes quieren aumentar los rendimientos, o reducir el esfuerzo o los costes en la b\u00fasqueda de los rendimientos y aumentar dr\u00e1sticamente la eficiencia, definida como los rendimientos divididos entre la inversi\u00f3n de recursos.<\/p>\n<p>Por otro lado, el principio tiene una faceta totalmente distinta, suave, m\u00edstica, sobrecogedora, casi m\u00e1gica, en el sentido de que la misma pauta num\u00e9rica aparece una y otra vez, y no en relaci\u00f3n a la eficiencia, sino a todo lo que hace que nuestras vidas valgan la pena.<\/p>\n<p>La conciencia de que estamos conectados entre nosotros y con el universo mediante una ley misteriosa, que podemos aprovechar para cambiar nuestras vidas, produce una sensaci\u00f3n de asombro y de maravilla.<\/p>\n<p>Si se entiende literalmente, esto quiere decir que, por ejemplo, el 80 % de lo que conseguimos en el trabajo es consecuencia del 20 % del tiempo que le dedicamos. Por lo tanto, en la pr\u00e1ctica, cuatro quintos de nuestro esfuerzo, es decir, pr\u00e1cticamente la totalidad, son casi irrelevantes, y, obviamente, esto es justo lo contrario de lo que ser\u00eda de esperar.<\/p>\n<p><a href=\"https:\/\/tavapy.gov.py\/biblioteca\/wp-content\/uploads\/2023\/02\/KochR-El-Principio-del-80-20.pdf\" target=\"_blank\" rel=\"attachment noopener wp-att-6761\"><img loading=\"lazy\" decoding=\"async\" class=\"size-full wp-image-6761 alignleft\" src=\"https:\/\/tavapy.gov.py\/biblioteca\/wp-content\/uploads\/2023\/02\/icono-PDF-copia-2-1.png\" alt=\"\" width=\"121\" height=\"140\" \/><\/a><\/p>\n","protected":false},"featured_media":6825,"comment_status":"open","ping_status":"closed","template":"","meta":{"spay_email":""},"product_cat":[742],"product_tag":[],"class_list":{"0":"post-6881","1":"product","2":"type-product","3":"status-publish","4":"has-post-thumbnail","6":"book_author-richard-koch","7":"product_cat-empresas-gestion-empresarial","8":"entry"},"_links":{"self":[{"href":"https:\/\/tavapy.gov.py\/biblioteca\/wp-json\/wp\/v2\/product\/6881","targetHints":{"allow":["GET"]}}],"collection":[{"href":"https:\/\/tavapy.gov.py\/biblioteca\/wp-json\/wp\/v2\/product"}],"about":[{"href":"https:\/\/tavapy.gov.py\/biblioteca\/wp-json\/wp\/v2\/types\/product"}],"replies":[{"embeddable":true,"href":"https:\/\/tavapy.gov.py\/biblioteca\/wp-json\/wp\/v2\/comments?post=6881"}],"wp:featuredmedia":[{"embeddable":true,"href":"https:\/\/tavapy.gov.py\/biblioteca\/wp-json\/wp\/v2\/media\/6825"}],"wp:attachment":[{"href":"https:\/\/tavapy.gov.py\/biblioteca\/wp-json\/wp\/v2\/media?parent=6881"}],"wp:term":[{"taxonomy":"product_cat","embeddable":true,"href":"https:\/\/tavapy.gov.py\/biblioteca\/wp-json\/wp\/v2\/product_cat?post=6881"},{"taxonomy":"product_tag","embeddable":true,"href":"https:\/\/tavapy.gov.py\/biblioteca\/wp-json\/wp\/v2\/product_tag?post=6881"}],"curies":[{"name":"wp","href":"https:\/\/api.w.org\/{rel}","templated":true}]}}