{"id":6882,"date":"2023-02-10T00:38:17","date_gmt":"2023-02-10T00:38:17","guid":{"rendered":"https:\/\/tavapy.gov.py\/biblioteca\/?post_type=product&#038;p=6882"},"modified":"2023-02-10T00:38:17","modified_gmt":"2023-02-10T00:38:17","slug":"la-empresa-consciente-como-construir-valor-a-traves-de-valores","status":"publish","type":"product","link":"https:\/\/tavapy.gov.py\/biblioteca\/product\/la-empresa-consciente-como-construir-valor-a-traves-de-valores\/","title":{"rendered":"LA EMPRESA CONSCIENTE: C\u00d3MO CONSTRUIR VALOR A TRAV\u00c9S DE VALORES."},"content":{"rendered":"","protected":false},"excerpt":{"rendered":"<p>Fredy Kofman nos propone construir valor a trav\u00e9s de los valores para alcanzar la verdadera excelencia y el liderazgo empresarial.<\/p>\n<p>Fredy Kofman propone que para alcanzar la verdadera excelencia y el liderazgo empresarial es fundamental lograr:<\/p>\n<p>&#8211; Responsabilidad incondicional, para convertirse en protagonista de la propia vida.<\/p>\n<p>&#8211; Integridad esencial, para alcanzar el \u00e9xito m\u00e1s all\u00e1 del \u00e9xito.<\/p>\n<p>&#8211; Comunicaci\u00f3n aut\u00e9ntica, para decir la propia verdad y permitir que otros digan la suya.<\/p>\n<p>&#8211; Compromiso impecable, para coordinar acciones de modo responsable.<\/p>\n<p>&#8211; Liderazgo honesto, porque ser, m\u00e1s que hacer, es el camino b\u00e1sico hacia la excelencia.<\/p>\n<p><a href=\"https:\/\/tavapy.gov.py\/biblioteca\/wp-content\/uploads\/2023\/02\/KofmanF-La-empresa-consciente.pdf\" target=\"_blank\" rel=\"attachment noopener wp-att-6761\"><img loading=\"lazy\" decoding=\"async\" class=\"size-full wp-image-6761 alignleft\" src=\"https:\/\/tavapy.gov.py\/biblioteca\/wp-content\/uploads\/2023\/02\/icono-PDF-copia-2-1.png\" alt=\"\" width=\"121\" height=\"140\" \/><\/a><\/p>\n","protected":false},"featured_media":6828,"comment_status":"open","ping_status":"closed","template":"","meta":{"spay_email":""},"product_cat":[835],"product_tag":[],"class_list":{"0":"post-6882","1":"product","2":"type-product","3":"status-publish","4":"has-post-thumbnail","6":"book_author-fredy-kofman","7":"product_cat-empresas-liderazgo-gestion-empresarial","8":"entry"},"_links":{"self":[{"href":"https:\/\/tavapy.gov.py\/biblioteca\/wp-json\/wp\/v2\/product\/6882","targetHints":{"allow":["GET"]}}],"collection":[{"href":"https:\/\/tavapy.gov.py\/biblioteca\/wp-json\/wp\/v2\/product"}],"about":[{"href":"https:\/\/tavapy.gov.py\/biblioteca\/wp-json\/wp\/v2\/types\/product"}],"replies":[{"embeddable":true,"href":"https:\/\/tavapy.gov.py\/biblioteca\/wp-json\/wp\/v2\/comments?post=6882"}],"wp:featuredmedia":[{"embeddable":true,"href":"https:\/\/tavapy.gov.py\/biblioteca\/wp-json\/wp\/v2\/media\/6828"}],"wp:attachment":[{"href":"https:\/\/tavapy.gov.py\/biblioteca\/wp-json\/wp\/v2\/media?parent=6882"}],"wp:term":[{"taxonomy":"product_cat","embeddable":true,"href":"https:\/\/tavapy.gov.py\/biblioteca\/wp-json\/wp\/v2\/product_cat?post=6882"},{"taxonomy":"product_tag","embeddable":true,"href":"https:\/\/tavapy.gov.py\/biblioteca\/wp-json\/wp\/v2\/product_tag?post=6882"}],"curies":[{"name":"wp","href":"https:\/\/api.w.org\/{rel}","templated":true}]}}