{"id":6888,"date":"2023-02-10T16:21:09","date_gmt":"2023-02-10T16:21:09","guid":{"rendered":"https:\/\/tavapy.gov.py\/biblioteca\/?post_type=product&#038;p=6888"},"modified":"2023-02-10T16:21:09","modified_gmt":"2023-02-10T16:21:09","slug":"el-oficio-ajeno","status":"publish","type":"product","link":"https:\/\/tavapy.gov.py\/biblioteca\/product\/el-oficio-ajeno\/","title":{"rendered":"EL OFICIO AJENO."},"content":{"rendered":"","protected":false},"excerpt":{"rendered":"<p>Oficio ajeno re\u00fane ensayos breves sobre literatura, filosof\u00eda, ciencia. Son piezas que Primo Levi public\u00f3 de forma dispersa y que se publicaron por primera vez en un volumen en 1985, antes de la muerte del autor.<\/p>\n<p>\u00abMi casa se caracteriza por la ausencia de caracterizaci\u00f3n. Se asemeja a muchas otras casas casi se\u00f1oriales de principios de siglo, construidas en ladrillo antes de la irresistible irrupci\u00f3n del hormig\u00f3n armado; carece casi por completo de ornamentos, si exceptuamos algunas t\u00edmidas reminiscencias Liberty en las chambranas que coronan las ventanas, y en las puertas de madera que se asoman a la escalera.<\/p>\n<p>Es austera y funcional, inexpresiva y s\u00f3lida: lo demostr\u00f3 durante el \u00faltimo conflicto, cuando soport\u00f3 todos los bombardeos, super\u00e1ndolos \u00fanicamente con algunos da\u00f1os en los cerramientos y alguna que otra grieta, que luce todav\u00eda con el orgullo con que un veterano lleva sus cicatrices\u00bb.<\/p>\n<p>Este libro de Primo Levi cuenta con la misma disposici\u00f3n de esp\u00edritu que da vida al h\u00e1bito mental cient\u00edfico, a la mesura del escritor y del moralista.<\/p>\n<p><a href=\"https:\/\/tavapy.gov.py\/biblioteca\/wp-content\/uploads\/2023\/02\/LeviP-El-Oficio-Ajeno.pdf\" target=\"_blank\" rel=\"attachment noopener wp-att-6761\"><img loading=\"lazy\" decoding=\"async\" class=\"size-full wp-image-6761 alignleft\" src=\"https:\/\/tavapy.gov.py\/biblioteca\/wp-content\/uploads\/2023\/02\/icono-PDF-copia-2-1.png\" alt=\"\" width=\"121\" height=\"140\" \/><\/a><\/p>\n","protected":false},"featured_media":6837,"comment_status":"open","ping_status":"closed","template":"","meta":{"spay_email":""},"product_cat":[777],"product_tag":[],"class_list":{"0":"post-6888","1":"product","2":"type-product","3":"status-publish","4":"has-post-thumbnail","6":"book_author-primo-levi","7":"product_cat-novela-contemporanea","8":"entry"},"_links":{"self":[{"href":"https:\/\/tavapy.gov.py\/biblioteca\/wp-json\/wp\/v2\/product\/6888","targetHints":{"allow":["GET"]}}],"collection":[{"href":"https:\/\/tavapy.gov.py\/biblioteca\/wp-json\/wp\/v2\/product"}],"about":[{"href":"https:\/\/tavapy.gov.py\/biblioteca\/wp-json\/wp\/v2\/types\/product"}],"replies":[{"embeddable":true,"href":"https:\/\/tavapy.gov.py\/biblioteca\/wp-json\/wp\/v2\/comments?post=6888"}],"wp:featuredmedia":[{"embeddable":true,"href":"https:\/\/tavapy.gov.py\/biblioteca\/wp-json\/wp\/v2\/media\/6837"}],"wp:attachment":[{"href":"https:\/\/tavapy.gov.py\/biblioteca\/wp-json\/wp\/v2\/media?parent=6888"}],"wp:term":[{"taxonomy":"product_cat","embeddable":true,"href":"https:\/\/tavapy.gov.py\/biblioteca\/wp-json\/wp\/v2\/product_cat?post=6888"},{"taxonomy":"product_tag","embeddable":true,"href":"https:\/\/tavapy.gov.py\/biblioteca\/wp-json\/wp\/v2\/product_tag?post=6888"}],"curies":[{"name":"wp","href":"https:\/\/api.w.org\/{rel}","templated":true}]}}