{"id":6889,"date":"2023-02-10T16:29:48","date_gmt":"2023-02-10T16:29:48","guid":{"rendered":"https:\/\/tavapy.gov.py\/biblioteca\/?post_type=product&#038;p=6889"},"modified":"2023-02-10T16:31:07","modified_gmt":"2023-02-10T16:31:07","slug":"trilogia-de-auschwitz-si-esto-es-un-hombre-la-tregua-los-hundidos-y-los-salvados","status":"publish","type":"product","link":"https:\/\/tavapy.gov.py\/biblioteca\/product\/trilogia-de-auschwitz-si-esto-es-un-hombre-la-tregua-los-hundidos-y-los-salvados\/","title":{"rendered":"TRILOG\u00cdA DE AUSCHWITZ: SI ESTO ES UN HOMBRE &#8211; LA TREGUA &#8211; LOS HUNDIDOS Y LOS SALVADOS."},"content":{"rendered":"","protected":false},"excerpt":{"rendered":"<p>\u201cTuve la suerte de no ser deportado a Auschwitz hasta 1944, despu\u00e9s de que el gobierno alem\u00e1n hubiera decidido, a causa de la escasez creciente de mano de obra, prolongar la vida media de los prisioneros que iba a eliminar\u201d. As\u00ed comienza Si esto es un hombre (1947), cr\u00f3nica en lenguaje mesurado y sobrio de la espera de la nada, la privaci\u00f3n cotidiana, el olvido de la condici\u00f3n humana de los prisioneros de los campos de exterminio nazis.<\/p>\n<p>Completan la Trilog\u00eda de Auschwitz dos obras posteriores: La tregua (1963), relato picaresco de las tribulaciones de un grupo de italianos, liberados de los campos nazis, que recorren durante meses los caminos de Europa central en compa\u00f1\u00eda del Ej\u00e9rcito Rojo, y Los hundidos y los salvados (1986), un ensayo en el que Primo Levi trata de comprender las condiciones y circunstancias que permiten la degradaci\u00f3n del ser humano.<\/p>\n<p>\u00abLo que se puede aprender sobre el ser humano y sobre la historia de Europa en el siglo XX en los tres vol\u00famenes de la gran trilog\u00eda memorial de Primo Levi es terrible y tambi\u00e9n aleccionador, y honradamente no creo que sea posible tener una conciencia pol\u00edtica cabal sin haberlos le\u00eddo, ni una idea de la literatura que no incluya el ejemplo de esa manera de escribir\u00bb.<\/p>\n<p><a href=\"https:\/\/tavapy.gov.py\/biblioteca\/wp-content\/uploads\/2023\/02\/LeviP-Trilogia-de-Auschwitz.pdf\" target=\"_blank\" rel=\"attachment noopener wp-att-6761\"><img loading=\"lazy\" decoding=\"async\" class=\"size-full wp-image-6761 alignleft\" src=\"https:\/\/tavapy.gov.py\/biblioteca\/wp-content\/uploads\/2023\/02\/icono-PDF-copia-2-1.png\" alt=\"\" width=\"121\" height=\"140\" \/><\/a><\/p>\n","protected":false},"featured_media":6840,"comment_status":"open","ping_status":"closed","template":"","meta":{"spay_email":""},"product_cat":[214],"product_tag":[],"class_list":{"0":"post-6889","1":"product","2":"type-product","3":"status-publish","4":"has-post-thumbnail","6":"book_author-primo-levi","7":"product_cat-autobiografia-memorias","8":"entry"},"_links":{"self":[{"href":"https:\/\/tavapy.gov.py\/biblioteca\/wp-json\/wp\/v2\/product\/6889","targetHints":{"allow":["GET"]}}],"collection":[{"href":"https:\/\/tavapy.gov.py\/biblioteca\/wp-json\/wp\/v2\/product"}],"about":[{"href":"https:\/\/tavapy.gov.py\/biblioteca\/wp-json\/wp\/v2\/types\/product"}],"replies":[{"embeddable":true,"href":"https:\/\/tavapy.gov.py\/biblioteca\/wp-json\/wp\/v2\/comments?post=6889"}],"wp:featuredmedia":[{"embeddable":true,"href":"https:\/\/tavapy.gov.py\/biblioteca\/wp-json\/wp\/v2\/media\/6840"}],"wp:attachment":[{"href":"https:\/\/tavapy.gov.py\/biblioteca\/wp-json\/wp\/v2\/media?parent=6889"}],"wp:term":[{"taxonomy":"product_cat","embeddable":true,"href":"https:\/\/tavapy.gov.py\/biblioteca\/wp-json\/wp\/v2\/product_cat?post=6889"},{"taxonomy":"product_tag","embeddable":true,"href":"https:\/\/tavapy.gov.py\/biblioteca\/wp-json\/wp\/v2\/product_tag?post=6889"}],"curies":[{"name":"wp","href":"https:\/\/api.w.org\/{rel}","templated":true}]}}