{"id":6890,"date":"2023-02-10T16:36:21","date_gmt":"2023-02-10T16:36:21","guid":{"rendered":"https:\/\/tavapy.gov.py\/biblioteca\/?post_type=product&#038;p=6890"},"modified":"2023-02-10T16:36:21","modified_gmt":"2023-02-10T16:36:21","slug":"deshaciendo-errores-kahneman-tversky-y-la-amistad-que-cambio-el-mundo","status":"publish","type":"product","link":"https:\/\/tavapy.gov.py\/biblioteca\/product\/deshaciendo-errores-kahneman-tversky-y-la-amistad-que-cambio-el-mundo\/","title":{"rendered":"DESHACIENDO ERRORES. KAHNEMAN, TVERSKY Y LA AMISTAD QUE CAMBIO EL MUNDO."},"content":{"rendered":"","protected":false},"excerpt":{"rendered":"<p>Michael Lewis examina en este brillante libro c\u00f3mo la amistad entre David Kahneman y Amos Tversky revolucion\u00f3 radicalmente nuestra manera de entender el funcionamiento de la mente humana.<\/p>\n<p>Hace m\u00e1s de cuarenta a\u00f1os, una serie de experimentos totalmente originales de dos j\u00f3venes psic\u00f3logos, Daniel Kahneman y Amos Tversky, desmontaron todas las suposiciones existentes respecto al funcionamiento de la mente humana y la toma de decisiones.<\/p>\n<p>Deshaciendo errores, obra publicada en el 2.016, es el maravilloso relato de la colaboraci\u00f3n de estos dos hombres de ciencia que bien podr\u00edan ser grandes figuras literarias. H\u00e9roes acad\u00e9micos y b\u00e9licos -ambos tuvieron una importante carrera militar- sus investigaciones estuvieron profundamente ligadas a sus experiencias vitales.<\/p>\n<p>Tversky era un personaje brillante, con un magnetismo inusual, confiado y extrovertido; Kahneman, un fugitivo de la represi\u00f3n nazi durante su infancia, era un introvertido que se cuestionaba todo lo que le rodeaba. Su relaci\u00f3n fue tan cercana, que resulta imposible saber de qu\u00e9 mente surgieron qu\u00e9 ideas: son de lejos el d\u00fao m\u00e1s fascinante de la historia de la psicolog\u00eda conductiva.<\/p>\n<p>En su estilo habitual, Lewis nos ofrece un libro magistral sobre un tema pionero, explorado a trav\u00e9s de las personalidades de dos asombrosos individuos tan fundamentalmente opuestos que sorprende que llegasen a ser amigos, tan siquiera colegas, pero que en el proceso cambiaron radicalmente la manera de entender c\u00f3mo pensamos y por qu\u00e9 nos equivocamos tan f\u00e1cilmente.<\/p>\n<p><a href=\"https:\/\/tavapy.gov.py\/biblioteca\/wp-content\/uploads\/2023\/02\/LewisM-Deshaciendo-errores.pdf\" target=\"_blank\" rel=\"attachment noopener wp-att-6761\"><img loading=\"lazy\" decoding=\"async\" class=\"size-full wp-image-6761 alignleft\" src=\"https:\/\/tavapy.gov.py\/biblioteca\/wp-content\/uploads\/2023\/02\/icono-PDF-copia-2-1.png\" alt=\"\" width=\"121\" height=\"140\" \/><\/a><\/p>\n","protected":false},"featured_media":6842,"comment_status":"open","ping_status":"closed","template":"","meta":{"spay_email":""},"product_cat":[904],"product_tag":[],"class_list":{"0":"post-6890","1":"product","2":"type-product","3":"status-publish","4":"has-post-thumbnail","6":"book_author-michael-lewis","7":"product_cat-biografia-psicologia-conducta","8":"entry"},"_links":{"self":[{"href":"https:\/\/tavapy.gov.py\/biblioteca\/wp-json\/wp\/v2\/product\/6890","targetHints":{"allow":["GET"]}}],"collection":[{"href":"https:\/\/tavapy.gov.py\/biblioteca\/wp-json\/wp\/v2\/product"}],"about":[{"href":"https:\/\/tavapy.gov.py\/biblioteca\/wp-json\/wp\/v2\/types\/product"}],"replies":[{"embeddable":true,"href":"https:\/\/tavapy.gov.py\/biblioteca\/wp-json\/wp\/v2\/comments?post=6890"}],"wp:featuredmedia":[{"embeddable":true,"href":"https:\/\/tavapy.gov.py\/biblioteca\/wp-json\/wp\/v2\/media\/6842"}],"wp:attachment":[{"href":"https:\/\/tavapy.gov.py\/biblioteca\/wp-json\/wp\/v2\/media?parent=6890"}],"wp:term":[{"taxonomy":"product_cat","embeddable":true,"href":"https:\/\/tavapy.gov.py\/biblioteca\/wp-json\/wp\/v2\/product_cat?post=6890"},{"taxonomy":"product_tag","embeddable":true,"href":"https:\/\/tavapy.gov.py\/biblioteca\/wp-json\/wp\/v2\/product_tag?post=6890"}],"curies":[{"name":"wp","href":"https:\/\/api.w.org\/{rel}","templated":true}]}}