{"id":6891,"date":"2023-02-10T16:46:41","date_gmt":"2023-02-10T16:46:41","guid":{"rendered":"https:\/\/tavapy.gov.py\/biblioteca\/?post_type=product&#038;p=6891"},"modified":"2023-02-10T16:46:41","modified_gmt":"2023-02-10T16:46:41","slug":"la-gran-apuesta-como-un-punado-de-inversores-jugaron-a-perder-contra-el-mundo-y-ganaron","status":"publish","type":"product","link":"https:\/\/tavapy.gov.py\/biblioteca\/product\/la-gran-apuesta-como-un-punado-de-inversores-jugaron-a-perder-contra-el-mundo-y-ganaron\/","title":{"rendered":"LA GRAN APUESTA. C\u00d3MO UN PU\u00d1ADO DE INVERSORES JUGARON A PERDER CONTRA EL MUNDO, Y GANARON."},"content":{"rendered":"","protected":false},"excerpt":{"rendered":"<p>La excepcional cr\u00f3nica del crac inmobiliario que origin\u00f3 la mayor crisis de los \u00faltimos 80 a\u00f1os. Descubre el libro en el que se ha inspirado la pel\u00edcula que ya ha sido nominada a cinco \u00d3scar.<\/p>\n<p>La gran apuesta, obra publicada en el 2.013, es la excepcional cr\u00f3nica del crac inmobiliario que origin\u00f3 la mayor crisis de los \u00faltimos ochenta a\u00f1os. Cuando en oto\u00f1o de 2008 la econom\u00eda estadounidense se hundi\u00f3, arrastrando tras de s\u00ed a buena parte del mundo desarrollado a una crisis de la que a\u00fan no hemos salido, a un grupo de personas no le sorprendi\u00f3 en absoluto. Eran unos cuantos inversores y analistas inteligentes que hab\u00edan comprendido lo que estaba pasando, pero no dijeron nada, paralizados por el miedo y las posibles ganancias.<\/p>\n<p>La pregunta clave que plantea Michael Lewis es: \u00bfqui\u00e9n se dio cuenta del riesgo que supon\u00eda dar por sentado que los precios del sector inmobiliario seguir\u00edan siempre al alza? Un riesgo complicado, adem\u00e1s, por la creaci\u00f3n de esos activos extra\u00f1os y artificiales a partir de hipotecas dudosas. Para contestar esta pregunta, Lewis nos presenta una historia incre\u00edble a trav\u00e9s de los personajes que la protagonizaron, plena de indignaci\u00f3n y oscura iron\u00eda.<\/p>\n<p><a href=\"https:\/\/tavapy.gov.py\/biblioteca\/wp-content\/uploads\/2023\/02\/LewisM-La-gran-apuesta.pdf\" target=\"_blank\" rel=\"attachment noopener wp-att-6761\"><img loading=\"lazy\" decoding=\"async\" class=\"size-full wp-image-6761 alignleft\" src=\"https:\/\/tavapy.gov.py\/biblioteca\/wp-content\/uploads\/2023\/02\/icono-PDF-copia-2-1.png\" alt=\"\" width=\"121\" height=\"140\" \/><\/a><\/p>\n","protected":false},"featured_media":6845,"comment_status":"open","ping_status":"closed","template":"","meta":{"spay_email":""},"product_cat":[905],"product_tag":[],"class_list":{"0":"post-6891","1":"product","2":"type-product","3":"status-publish","4":"has-post-thumbnail","6":"book_author-michael-lewis","7":"product_cat-empresas-economia-financiera","8":"entry"},"_links":{"self":[{"href":"https:\/\/tavapy.gov.py\/biblioteca\/wp-json\/wp\/v2\/product\/6891","targetHints":{"allow":["GET"]}}],"collection":[{"href":"https:\/\/tavapy.gov.py\/biblioteca\/wp-json\/wp\/v2\/product"}],"about":[{"href":"https:\/\/tavapy.gov.py\/biblioteca\/wp-json\/wp\/v2\/types\/product"}],"replies":[{"embeddable":true,"href":"https:\/\/tavapy.gov.py\/biblioteca\/wp-json\/wp\/v2\/comments?post=6891"}],"wp:featuredmedia":[{"embeddable":true,"href":"https:\/\/tavapy.gov.py\/biblioteca\/wp-json\/wp\/v2\/media\/6845"}],"wp:attachment":[{"href":"https:\/\/tavapy.gov.py\/biblioteca\/wp-json\/wp\/v2\/media?parent=6891"}],"wp:term":[{"taxonomy":"product_cat","embeddable":true,"href":"https:\/\/tavapy.gov.py\/biblioteca\/wp-json\/wp\/v2\/product_cat?post=6891"},{"taxonomy":"product_tag","embeddable":true,"href":"https:\/\/tavapy.gov.py\/biblioteca\/wp-json\/wp\/v2\/product_tag?post=6891"}],"curies":[{"name":"wp","href":"https:\/\/api.w.org\/{rel}","templated":true}]}}