{"id":6892,"date":"2023-02-10T16:51:46","date_gmt":"2023-02-10T16:51:46","guid":{"rendered":"https:\/\/tavapy.gov.py\/biblioteca\/?post_type=product&#038;p=6892"},"modified":"2023-02-10T16:51:46","modified_gmt":"2023-02-10T16:51:46","slug":"todos-mis-desastres","status":"publish","type":"product","link":"https:\/\/tavapy.gov.py\/biblioteca\/product\/todos-mis-desastres\/","title":{"rendered":"TODOS MIS DESASTRES."},"content":{"rendered":"","protected":false},"excerpt":{"rendered":"<p>Aura se quiere enamorar. Aura persigue el amor. Aura no lo encuentra, pero se divierte en la b\u00fasqueda. Leo no es que no se quiera enamorar, pero&#8230;Leo esquiva el amor. Leo lo encuentra la noche que menos se lo espera. Dos almas gemelas que pasan demasiado tiempo separadas, siempre hallar\u00e1n la forma de encontrarse.<\/p>\n<p>Aunque ello conlleve que Aura conozca a m\u00e1s desastres de los que puede tolerar y Leo descubra que no puede controlar todo en su vida. El amor es as\u00ed: r\u00e1pido a veces, inadecuado en alg\u00fan momento y sorprendente siempre. Canciones con alma, amigas y las calles de Madrid.<\/p>\n<p>Desayunos llenos de promesas, noches de magia y mucho amor, pero del bueno, del bonito y de verdad. \u00bfQui\u00e9n no quiere enamorarse como si fuese la primera vez? Te voy a querer mucho y muy fuerte.<\/p>\n<p>La obra Todos mis desastres de Marta Lobo fue publicada en el 2.019.<\/p>\n<p><a href=\"https:\/\/tavapy.gov.py\/biblioteca\/wp-content\/uploads\/2023\/02\/LoboM-Todos-mis-desastres.pdf\" target=\"_blank\" rel=\"attachment noopener wp-att-6761\"><img loading=\"lazy\" decoding=\"async\" class=\"size-full wp-image-6761 alignleft\" src=\"https:\/\/tavapy.gov.py\/biblioteca\/wp-content\/uploads\/2023\/02\/icono-PDF-copia-2-1.png\" alt=\"\" width=\"121\" height=\"140\" \/><\/a><\/p>\n","protected":false},"featured_media":6847,"comment_status":"open","ping_status":"closed","template":"","meta":{"spay_email":""},"product_cat":[783],"product_tag":[],"class_list":{"0":"post-6892","1":"product","2":"type-product","3":"status-publish","4":"has-post-thumbnail","6":"book_author-marta-lobo","7":"product_cat-novela-romantica","8":"entry"},"_links":{"self":[{"href":"https:\/\/tavapy.gov.py\/biblioteca\/wp-json\/wp\/v2\/product\/6892","targetHints":{"allow":["GET"]}}],"collection":[{"href":"https:\/\/tavapy.gov.py\/biblioteca\/wp-json\/wp\/v2\/product"}],"about":[{"href":"https:\/\/tavapy.gov.py\/biblioteca\/wp-json\/wp\/v2\/types\/product"}],"replies":[{"embeddable":true,"href":"https:\/\/tavapy.gov.py\/biblioteca\/wp-json\/wp\/v2\/comments?post=6892"}],"wp:featuredmedia":[{"embeddable":true,"href":"https:\/\/tavapy.gov.py\/biblioteca\/wp-json\/wp\/v2\/media\/6847"}],"wp:attachment":[{"href":"https:\/\/tavapy.gov.py\/biblioteca\/wp-json\/wp\/v2\/media?parent=6892"}],"wp:term":[{"taxonomy":"product_cat","embeddable":true,"href":"https:\/\/tavapy.gov.py\/biblioteca\/wp-json\/wp\/v2\/product_cat?post=6892"},{"taxonomy":"product_tag","embeddable":true,"href":"https:\/\/tavapy.gov.py\/biblioteca\/wp-json\/wp\/v2\/product_tag?post=6892"}],"curies":[{"name":"wp","href":"https:\/\/api.w.org\/{rel}","templated":true}]}}