{"id":6893,"date":"2023-02-10T16:57:28","date_gmt":"2023-02-10T16:57:28","guid":{"rendered":"https:\/\/tavapy.gov.py\/biblioteca\/?post_type=product&#038;p=6893"},"modified":"2023-02-10T16:57:28","modified_gmt":"2023-02-10T16:57:28","slug":"la-culpa-es-de-la-vaca-anecdotas-parabolas-fabulas-y-reflexion-es-sobre-el-liderazgo","status":"publish","type":"product","link":"https:\/\/tavapy.gov.py\/biblioteca\/product\/la-culpa-es-de-la-vaca-anecdotas-parabolas-fabulas-y-reflexion-es-sobre-el-liderazgo\/","title":{"rendered":"LA CULPA ES DE LA VACA: AN\u00c9CDOTAS, PAR\u00c1BOLAS, F\u00c1BULAS Y REFLEXI\u00d3N ES SOBRE EL LIDERAZGO."},"content":{"rendered":"","protected":false},"excerpt":{"rendered":"<p>Este libro es, en palabras de los compiladores, \u00abun trabajo colectivo en favor de un nuevo humanismo\u00bb. La culpa es de la vaca, obra publicada en el 2.015, re\u00fane an\u00e9cdotas, f\u00e1bulas y par\u00e1bolas de diversa procedencia que giran en torno a un punto com\u00fan: la necesidad del cambio.<\/p>\n<p>El mundo se ha transformado ante nuestros ojos, y debemos adaptarnos a las nuevas circunstancias con inteligencia, tolerancia, creatividad y respeto.<\/p>\n<p><a href=\"https:\/\/tavapy.gov.py\/biblioteca\/wp-content\/uploads\/2023\/02\/LoperaJ-La-culpa-es-de-la-vaca.pdf\" target=\"_blank\" rel=\"attachment noopener wp-att-6761\"><img loading=\"lazy\" decoding=\"async\" class=\"size-full wp-image-6761 alignleft\" src=\"https:\/\/tavapy.gov.py\/biblioteca\/wp-content\/uploads\/2023\/02\/icono-PDF-copia-2-1.png\" alt=\"\" width=\"121\" height=\"140\" \/><\/a><\/p>\n","protected":false},"featured_media":6850,"comment_status":"open","ping_status":"closed","template":"","meta":{"spay_email":""},"product_cat":[205],"product_tag":[],"class_list":{"0":"post-6893","1":"product","2":"type-product","3":"status-publish","4":"has-post-thumbnail","6":"book_author-jaime-lopera","7":"product_cat-autoayuda-desarrollo-humano","8":"entry"},"_links":{"self":[{"href":"https:\/\/tavapy.gov.py\/biblioteca\/wp-json\/wp\/v2\/product\/6893","targetHints":{"allow":["GET"]}}],"collection":[{"href":"https:\/\/tavapy.gov.py\/biblioteca\/wp-json\/wp\/v2\/product"}],"about":[{"href":"https:\/\/tavapy.gov.py\/biblioteca\/wp-json\/wp\/v2\/types\/product"}],"replies":[{"embeddable":true,"href":"https:\/\/tavapy.gov.py\/biblioteca\/wp-json\/wp\/v2\/comments?post=6893"}],"wp:featuredmedia":[{"embeddable":true,"href":"https:\/\/tavapy.gov.py\/biblioteca\/wp-json\/wp\/v2\/media\/6850"}],"wp:attachment":[{"href":"https:\/\/tavapy.gov.py\/biblioteca\/wp-json\/wp\/v2\/media?parent=6893"}],"wp:term":[{"taxonomy":"product_cat","embeddable":true,"href":"https:\/\/tavapy.gov.py\/biblioteca\/wp-json\/wp\/v2\/product_cat?post=6893"},{"taxonomy":"product_tag","embeddable":true,"href":"https:\/\/tavapy.gov.py\/biblioteca\/wp-json\/wp\/v2\/product_tag?post=6893"}],"curies":[{"name":"wp","href":"https:\/\/api.w.org\/{rel}","templated":true}]}}