{"id":6894,"date":"2023-02-10T17:02:03","date_gmt":"2023-02-10T17:02:03","guid":{"rendered":"https:\/\/tavapy.gov.py\/biblioteca\/?post_type=product&#038;p=6894"},"modified":"2023-02-10T20:07:38","modified_gmt":"2023-02-10T20:07:38","slug":"el-lado-facil-de-la-gente-dificil","status":"publish","type":"product","link":"https:\/\/tavapy.gov.py\/biblioteca\/product\/el-lado-facil-de-la-gente-dificil\/","title":{"rendered":"EL LADO F\u00c1CIL DE LA GENTE DIF\u00cdCIL."},"content":{"rendered":"","protected":false},"excerpt":{"rendered":"<p>El lado f\u00e1cil de la gente dif\u00edcil, del destacado motivador C\u00e9sar Lozano, es la mejor gu\u00eda para alejarnos de la amargura y ser maravillosamente felices. El manual indispensable para sobrellevar a personas envidiosas, soberbias, chismosas, a los vampiros emocionales, a los chantajistas sentimentales, difamadores y dem\u00e1s seres en peligro de NO extinci\u00f3n.<\/p>\n<p>\u00bfHas sido violento con un conocido o alg\u00fan familiar por defender tu punto de vista? \u00bfConoces a alguien que se comporta prepotente con sus compa\u00f1eros de trabajo, sin detenerse en sus groser\u00edas? \u00bfEres de las personas que insultan, hacen comentarios hirientes y, adem\u00e1s, alardean de su mala educaci\u00f3n? \u00bfEres la t\u00edpica esposa le-pongo-peros-a-todo, vives con un hombre insoportable, no sabes qu\u00e9 hacer con un amigo insufrible?<\/p>\n<p>No te preocupes m\u00e1s, este libro es para ti. Con el inigualable estilo que caracteriza al doctor C\u00e9sar Lozano: divertido, din\u00e1mico y, sobre todo, profundamente sincero y aleccionador, El lado f\u00e1cil de la gente dif\u00edcil es el manual indispensable para sobrellevar a personas envidiosas, soberbias, chismosas, a los vampiros emocionales, los chantajistas sentimentales, difamadores y dem\u00e1s seres en peligro de NO extinci\u00f3n.<\/p>\n<p>An\u00e9cdotas divertidas, emotivas lecciones de vida, explicaciones francas para superar nuestras deficiencias y ejercicios para alejarse cuanto antes del club de los indeseables, llenan las p\u00e1ginas de este libro que ofrece, adem\u00e1s, frases matonas para no engancharnos con amarguras y necedades, as\u00ed como consejos invaluables para aprender a respetar la opini\u00f3n de los dem\u00e1s, ayudar en lugar de criticar \u00a1y apoyar en vez de juzgar!<\/p>\n<p><a href=\"https:\/\/tavapy.gov.py\/biblioteca\/wp-content\/uploads\/2023\/02\/LozanoC-El-Lado-Facil-De-La-Gente-Dificil.pdf\" target=\"_blank\" rel=\"attachment noopener wp-att-6761\"><img loading=\"lazy\" decoding=\"async\" class=\"size-full wp-image-6761 alignleft\" src=\"https:\/\/tavapy.gov.py\/biblioteca\/wp-content\/uploads\/2023\/02\/icono-PDF-copia-2-1.png\" alt=\"\" width=\"121\" height=\"140\" \/><\/a><\/p>\n","protected":false},"featured_media":6853,"comment_status":"open","ping_status":"closed","template":"","meta":{"spay_email":""},"product_cat":[205],"product_tag":[],"class_list":{"0":"post-6894","1":"product","2":"type-product","3":"status-publish","4":"has-post-thumbnail","6":"book_author-cesar-lozano","7":"product_cat-autoayuda-desarrollo-humano","8":"entry"},"_links":{"self":[{"href":"https:\/\/tavapy.gov.py\/biblioteca\/wp-json\/wp\/v2\/product\/6894","targetHints":{"allow":["GET"]}}],"collection":[{"href":"https:\/\/tavapy.gov.py\/biblioteca\/wp-json\/wp\/v2\/product"}],"about":[{"href":"https:\/\/tavapy.gov.py\/biblioteca\/wp-json\/wp\/v2\/types\/product"}],"replies":[{"embeddable":true,"href":"https:\/\/tavapy.gov.py\/biblioteca\/wp-json\/wp\/v2\/comments?post=6894"}],"wp:featuredmedia":[{"embeddable":true,"href":"https:\/\/tavapy.gov.py\/biblioteca\/wp-json\/wp\/v2\/media\/6853"}],"wp:attachment":[{"href":"https:\/\/tavapy.gov.py\/biblioteca\/wp-json\/wp\/v2\/media?parent=6894"}],"wp:term":[{"taxonomy":"product_cat","embeddable":true,"href":"https:\/\/tavapy.gov.py\/biblioteca\/wp-json\/wp\/v2\/product_cat?post=6894"},{"taxonomy":"product_tag","embeddable":true,"href":"https:\/\/tavapy.gov.py\/biblioteca\/wp-json\/wp\/v2\/product_tag?post=6894"}],"curies":[{"name":"wp","href":"https:\/\/api.w.org\/{rel}","templated":true}]}}