{"id":6895,"date":"2023-02-10T20:04:40","date_gmt":"2023-02-10T20:04:40","guid":{"rendered":"https:\/\/tavapy.gov.py\/biblioteca\/?post_type=product&#038;p=6895"},"modified":"2023-02-10T20:04:40","modified_gmt":"2023-02-10T20:04:40","slug":"por-el-placer-de-vivir","status":"publish","type":"product","link":"https:\/\/tavapy.gov.py\/biblioteca\/product\/por-el-placer-de-vivir\/","title":{"rendered":"POR EL PLACER DE VIVIR."},"content":{"rendered":"","protected":false},"excerpt":{"rendered":"<p>El Dr. C\u00e9sar Lozano motiva a sus lectores a ser felices y disfrutar de la vida, a trav\u00e9s de sus consejos y su estilo ameno.<\/p>\n<p>Libro bestseller del Dr. C\u00e9sar Lozano, autor que ha motivado a m\u00e1s de 20 millones de personas en el mundo.<\/p>\n<p>Supera el fracaso, s\u00e9 positivo, sonr\u00ede, emoci\u00f3nate y encuentra la verdadera felicidad.<\/p>\n<p>El experto en motivaci\u00f3n y desarrollo personal C\u00e9sar Lozanoha decidido compartir con los lectores conceptos, estrategias y vivencias con los que aprender a disfrutar del verdadero placer de vivir.<\/p>\n<p>Con la lectura de este libro y gracias a su estilo ameno y evocador, descubrir\u00e1s la importancia de vivir cada momento con intensidad y de abandonar la rutina como estilo de vida; conocer\u00e1s las mejores opciones para controlar, y evitar, la ira, las razones m\u00e1s contundentes para hacer del perd\u00f3n un principio fundamental de vida y las t\u00e9cnicas m\u00e1s adecuadas para dejar de preocuparte por lo que no depende de ti.<\/p>\n<p>El prop\u00f3sito de C\u00e9sar Lozano es ofrecerte una maravillosa invitaci\u00f3n para que te convenzas de que s\u00ed se puede ser feliz aun con las adversidades; impulsarte a lograr tus metas y a emocionarte de igual modo con el vuelo de una mariposa que con un atardecer o una caricia, s\u00f3lo Por el placer de vivir.<\/p>\n<p>La obra Por el placer de vivir de C\u00e9sar Lozano fue publicada en el 2.011.<\/p>\n<p><a href=\"https:\/\/tavapy.gov.py\/biblioteca\/wp-content\/uploads\/2023\/02\/LozanoC-Por-el-placer-de-vivir.pdf\" target=\"_blank\" rel=\"attachment noopener wp-att-6761\"><img loading=\"lazy\" decoding=\"async\" class=\"size-full wp-image-6761 alignleft\" src=\"https:\/\/tavapy.gov.py\/biblioteca\/wp-content\/uploads\/2023\/02\/icono-PDF-copia-2-1.png\" alt=\"\" width=\"121\" height=\"140\" \/><\/a><\/p>\n","protected":false},"featured_media":6856,"comment_status":"open","ping_status":"closed","template":"","meta":{"spay_email":""},"product_cat":[408],"product_tag":[],"class_list":{"0":"post-6895","1":"product","2":"type-product","3":"status-publish","4":"has-post-thumbnail","6":"book_author-cesar-lozano","7":"product_cat-autoayuda-psicologia-espiritualidad","8":"entry"},"_links":{"self":[{"href":"https:\/\/tavapy.gov.py\/biblioteca\/wp-json\/wp\/v2\/product\/6895","targetHints":{"allow":["GET"]}}],"collection":[{"href":"https:\/\/tavapy.gov.py\/biblioteca\/wp-json\/wp\/v2\/product"}],"about":[{"href":"https:\/\/tavapy.gov.py\/biblioteca\/wp-json\/wp\/v2\/types\/product"}],"replies":[{"embeddable":true,"href":"https:\/\/tavapy.gov.py\/biblioteca\/wp-json\/wp\/v2\/comments?post=6895"}],"wp:featuredmedia":[{"embeddable":true,"href":"https:\/\/tavapy.gov.py\/biblioteca\/wp-json\/wp\/v2\/media\/6856"}],"wp:attachment":[{"href":"https:\/\/tavapy.gov.py\/biblioteca\/wp-json\/wp\/v2\/media?parent=6895"}],"wp:term":[{"taxonomy":"product_cat","embeddable":true,"href":"https:\/\/tavapy.gov.py\/biblioteca\/wp-json\/wp\/v2\/product_cat?post=6895"},{"taxonomy":"product_tag","embeddable":true,"href":"https:\/\/tavapy.gov.py\/biblioteca\/wp-json\/wp\/v2\/product_tag?post=6895"}],"curies":[{"name":"wp","href":"https:\/\/api.w.org\/{rel}","templated":true}]}}